{"id":667030,"date":"2025-04-29T19:39:39","date_gmt":"2025-04-29T18:39:39","guid":{"rendered":"https:\/\/shop.kustom.ch\/?post_type=product&#038;p=667030"},"modified":"2026-03-31T09:07:14","modified_gmt":"2026-03-31T08:07:14","slug":"kinder-winter-overall","status":"publish","type":"product","link":"https:\/\/shop.kustom.ch\/it\/prodotto\/kinder-winter-overall\/","title":{"rendered":"Bambini inverno in generale"},"content":{"rendered":"<p>Una tuta invernale calda e accogliente per bambini, realizzata in materiale resistente e impermeabile con cuciture nastrate per resistere a tutte le attivit\u00e0 all'aperto. I dettagli e i catarifrangenti assicurano un'eccellente visibilit\u00e0 quando \u00e8 pi\u00f9 necessario. La fodera trapuntata fornisce il calore necessario alle basse temperature. Il cappuccio \u00e8 staccabile ed \u00e8 dotato di bottoni a pressione, polsini regolabili e passanti elastici per mantenere le gambe dei pantaloni in posizione.<\/p>\n<p>FUNZIONALIT\u00c0: materiale antivento e impermeabile con traspirabilit\u00e0, cuciture nastrate. DETTAGLI: Stampa riflettente sul retro del cappuccio. Cappuccio staccabile e regolabile con fodera in rete. Collo foderato in pile. Zip ai lati, coperta da abbottonatura. Gonna da neve con chiusura a velcro e bottone. Vita elasticizzata. TASCHE: Tasche laterali con zip. CHIUSURA ANTERIORE: Cerniera in plastica nascosta. Patta antivento con fodera in pile all'interno. Patta antivento con chiusura in velcro. ISTRUZIONI DI LAVAGGIO: 40\u00b0 C. Non candeggiare. Non stirare. Non lavare a secco. Non centrifugare. PROPRIET\u00c0 PRINCIPALI: Bambini. EN 17353. TESSUTO: giallo alta visibilit\u00e0. nero. Traspirabilit\u00e0. impermeabile. antivento. Visibile. Vento \/ bagnato \/ freddo. CERTIFICAZIONE: EN 17353 - Tipo AB3.<\/p>\n<p>100% poliestere, Oxford, rivestito, impermeabile 15.000 mm, antivento, traspirante Ret 8.5, 200g\/m\u00b2<\/p>","protected":false},"excerpt":{"rendered":"<p>Ein warmer und kuscheliger Winteroverall f\u00fcr Kinder, hergestellt aus einem strapazierf\u00e4higen und wasserdichten Material mit versiegelten N\u00e4hten, um allen Outdoor-Aktivit\u00e4ten standzuhalten. Details und Reflektoren sorgen f\u00fcr hervorragende Sichtbarkeit, wenn sie am n\u00f6tigsten ist. Das gesteppte Futter sorgt f\u00fcr die n\u00f6tige W\u00e4rme bei kalten Temperaturen. Die Kapuze ist abnehmbar und verf\u00fcgt \u00fcber Druckkn\u00f6pfe, verstellbare \u00c4rmelb\u00fcndchen und [&hellip;]<\/p>\n","protected":false},"featured_media":667062,"template":"","meta":[],"product_brand":[],"product_cat":[10454],"product_tag":[],"class_list":{"0":"post-667030","1":"product","2":"type-product","3":"status-publish","4":"has-post-thumbnail","6":"product_cat-overalls","7":"pa_brand-blaklaeder","8":"pa_brand-type-workwear","9":"pa_filter-color-gelb","11":"first","12":"instock","13":"sale","14":"taxable","15":"shipping-taxable","16":"purchasable","17":"product-type-variable","18":"add-to-wishlist-before_image"},"exclude_global_add_ons":[],"addons":[],"acf":[],"_links":{"self":[{"href":"https:\/\/shop.kustom.ch\/it\/wp-json\/wp\/v2\/product\/667030"}],"collection":[{"href":"https:\/\/shop.kustom.ch\/it\/wp-json\/wp\/v2\/product"}],"about":[{"href":"https:\/\/shop.kustom.ch\/it\/wp-json\/wp\/v2\/types\/product"}],"wp:featuredmedia":[{"embeddable":true,"href":"https:\/\/shop.kustom.ch\/it\/wp-json\/wp\/v2\/media\/667062"}],"wp:attachment":[{"href":"https:\/\/shop.kustom.ch\/it\/wp-json\/wp\/v2\/media?parent=667030"}],"wp:term":[{"taxonomy":"product_brand","embeddable":true,"href":"https:\/\/shop.kustom.ch\/it\/wp-json\/wp\/v2\/product_brand?post=667030"},{"taxonomy":"product_cat","embeddable":true,"href":"https:\/\/shop.kustom.ch\/it\/wp-json\/wp\/v2\/product_cat?post=667030"},{"taxonomy":"product_tag","embeddable":true,"href":"https:\/\/shop.kustom.ch\/it\/wp-json\/wp\/v2\/product_tag?post=667030"}],"curies":[{"name":"wp","href":"https:\/\/api.w.org\/{rel}","templated":true}]}}