{"id":667029,"date":"2025-04-29T19:39:39","date_gmt":"2025-04-29T18:39:39","guid":{"rendered":"https:\/\/shop.kustom.ch\/?post_type=product&#038;p=667029"},"modified":"2026-03-31T09:07:13","modified_gmt":"2026-03-31T08:07:13","slug":"kinder-softshell-jacke","status":"publish","type":"product","link":"https:\/\/shop.kustom.ch\/it\/prodotto\/kinder-softshell-jacke\/","title":{"rendered":"Giacca softshell per bambini"},"content":{"rendered":"<p>Una giacca softshell leggera per bambini, estremamente morbida, confortevole e flessibile grazie al suo materiale. La giacca \u00e8 bicolore con sezioni prevalentemente scure, che la rendono altamente repellente allo sporco e forniscono un'eccellente visibilit\u00e0 quando \u00e8 pi\u00f9 necessario. Questa giacca ad alta visibilit\u00e0 combina la sensazione di leggerezza ed elasticit\u00e0 con la resistenza che ci si aspetta da un capo robusto. Inoltre, il materiale \u00e8 antivento e impermeabile e offre un'eccellente traspirabilit\u00e0. Cappuccio staccabile con bottoni a pressione.<\/p>\n<p>FUNZIONALIT\u00c0: antivento e impermeabile, cuciture non sigillate, traspirante. DETTAGLI: Cappuccio staccabile. TASCHE: Tasca sul petto con zip. Tasche anteriori con cerniera. CHIUSURA ANTERIORE: Cerniera in plastica. Patta antivento con fodera in pile all'interno. REFLEX: strisce riflettenti a trasferimento. Strisce riflettenti larghe 25 mm. Strisce riflettenti su corpo e maniche. CHIUSURA: Polsini regolabili con chiusura a velcro. Dorso allungato. Vita regolabile con coulisse. ISTRUZIONI DI LAVAGGIO: 40\u00b0 C. Non candeggiare. Non stirare. Non lavare a secco. Non centrifugare. PROPRIET\u00c0 PRINCIPALI: EN 17353. TESSUTO: Bambini. Giallo alta visibilit\u00e0. nero. Traspirabilit\u00e0. Stretch. idrorepellente. impermeabile. Visibile. Vento \/ bagnato \/ freddo. CERTIFICAZIONE: EN 17353 - Tipo AB3.<\/p>\n<p>92% poliestere, 8% elastan, softshell a 3 strati, impermeabile 11.000 mm, antivento, traspirante Ret 20.0, elasticizzato, 265 g\/m\u00b2<\/p>","protected":false},"excerpt":{"rendered":"<p>Eine leichte Softshell-Jacke f\u00fcr Kinder, die aufgrund ihres Materials extrem weich, bequem und flexibel ist. Die Jacke ist zweifarbig mit \u00fcberwiegend dunklen Partien, wodurch sie sehr schmutzabweisend ist und gleichzeitig eine hervorragende Sichtbarkeit bietet, wenn sie am meisten gebraucht wird. Diese hochsichtbare Jacke kombiniert das leichte, dehnbare Gef\u00fchl mit der St\u00e4rke, die man von einem [&hellip;]<\/p>\n","protected":false},"featured_media":667054,"template":"","meta":[],"product_brand":[],"product_cat":[4186],"product_tag":[],"class_list":{"0":"post-667029","1":"product","2":"type-product","3":"status-publish","4":"has-post-thumbnail","6":"product_cat-jacken","7":"pa_brand-blaklaeder","8":"pa_brand-type-workwear","9":"pa_filter-color-gelb","11":"first","12":"instock","13":"sale","14":"taxable","15":"shipping-taxable","16":"purchasable","17":"product-type-variable","18":"add-to-wishlist-before_image"},"exclude_global_add_ons":[],"addons":[],"acf":[],"_links":{"self":[{"href":"https:\/\/shop.kustom.ch\/it\/wp-json\/wp\/v2\/product\/667029"}],"collection":[{"href":"https:\/\/shop.kustom.ch\/it\/wp-json\/wp\/v2\/product"}],"about":[{"href":"https:\/\/shop.kustom.ch\/it\/wp-json\/wp\/v2\/types\/product"}],"wp:featuredmedia":[{"embeddable":true,"href":"https:\/\/shop.kustom.ch\/it\/wp-json\/wp\/v2\/media\/667054"}],"wp:attachment":[{"href":"https:\/\/shop.kustom.ch\/it\/wp-json\/wp\/v2\/media?parent=667029"}],"wp:term":[{"taxonomy":"product_brand","embeddable":true,"href":"https:\/\/shop.kustom.ch\/it\/wp-json\/wp\/v2\/product_brand?post=667029"},{"taxonomy":"product_cat","embeddable":true,"href":"https:\/\/shop.kustom.ch\/it\/wp-json\/wp\/v2\/product_cat?post=667029"},{"taxonomy":"product_tag","embeddable":true,"href":"https:\/\/shop.kustom.ch\/it\/wp-json\/wp\/v2\/product_tag?post=667029"}],"curies":[{"name":"wp","href":"https:\/\/api.w.org\/{rel}","templated":true}]}}