{"id":666991,"date":"2025-04-29T19:39:01","date_gmt":"2025-04-29T18:39:01","guid":{"rendered":"https:\/\/shop.kustom.ch\/?post_type=product&#038;p=666991"},"modified":"2026-03-31T09:07:13","modified_gmt":"2026-03-31T08:07:13","slug":"leichte-gefuetterte-kinder-winterjacke-stretch","status":"publish","type":"product","link":"https:\/\/shop.kustom.ch\/it\/prodotto\/leichte-gefuetterte-kinder-winterjacke-stretch\/","title":{"rendered":"Giacca invernale leggera foderata per bambini, elasticizzata"},"content":{"rendered":"<p>Una giacca invernale leggera e foderata per bambini, perfetta per le condizioni climatiche pi\u00f9 fredde. Antivento e impermeabile, traspirante e con cuciture nastrate. Realizzata in materiale elasticizzato a 4 vie meravigliosamente morbido e confortevole. Cappuccio staccabile con bottoni a pressione.<\/p>\n<p>FUNZIONALIT\u00c0: 4 vie elasticizzate. Materiale antivento e impermeabile con traspirabilit\u00e0, cuciture nastrate. DETTAGLI: Cappuccio staccabile e regolabile con fodera in rete. Zip nella fodera per una facile rifinitura del tessuto. TASCHE: Tasca sul petto con zip. Tasche anteriori con cerniera. CHIUSURA ANTERIORE: Cerniera in plastica. Patta antivento con fodera in pile all'interno. Patta antivento con chiusura a velcro. REFLEX: Materiale riflettente sulle maniche. CHIUSURA: Polsini regolabili con cintura interna. Retro allungato. Vita regolabile con coulisse. ISTRUZIONI DI LAVAGGIO: 40\u00b0 C. Non candeggiare. Non stirare. Non lavare a secco. Non centrifugare. TESSUTO: Bambini. Giallo alta visibilit\u00e0. nero. Traspirabilit\u00e0. Stretch. impermeabile. antivento. Vento \/ bagnato \/ freddo. SIMBOLI: stretch a 4 vie. Traspirante. Foderato. Cuciture nastrate. Impermeabile 3. antivento. CERTIFICAZIONE: Non certificato High Vis<\/p>\n<p>Poliammide 83%, elastan 17%, laminato, impermeabile 15000 mm, antivento, traspirante Ret 11.3, elasticizzato, 170 g\/m\u00b2.<\/p>","protected":false},"excerpt":{"rendered":"<p>Eine leichte gef\u00fctterte Winterjacke f\u00fcr Kinder, perfekt f\u00fcr k\u00e4ltere Wetterbedingungen. Wind- und wasserdicht, atmungsaktiv und mit versiegelten N\u00e4hten. Hergestellt aus wunderbar weichem und komfortablem 4-Wege-Stretchmaterial. Abnehmbare Kapuze mit Druckkn\u00f6pfen. FUNKTIONALIT\u00c4T: 4-Wege-Stretch. Wind- &amp; wasserdichtes Material mit Atmungsaktivit\u00e4t, verschweisste N\u00e4hte. DETAILS: Abnehmbare und verstellbare Kapuze mit Meshfutter. Reissverschluss im Futter, f\u00fcr einfache Textilveredelung. TASCHEN: Brusttasche mit [&hellip;]<\/p>\n","protected":false},"featured_media":667047,"template":"","meta":[],"product_brand":[],"product_cat":[4186],"product_tag":[],"class_list":{"0":"post-666991","1":"product","2":"type-product","3":"status-publish","4":"has-post-thumbnail","6":"product_cat-jacken","7":"pa_brand-blaklaeder","8":"pa_brand-type-workwear","9":"pa_filter-color-gelb","11":"first","12":"instock","13":"sale","14":"taxable","15":"shipping-taxable","16":"purchasable","17":"product-type-variable","18":"add-to-wishlist-before_image"},"exclude_global_add_ons":[],"addons":[],"acf":[],"_links":{"self":[{"href":"https:\/\/shop.kustom.ch\/it\/wp-json\/wp\/v2\/product\/666991"}],"collection":[{"href":"https:\/\/shop.kustom.ch\/it\/wp-json\/wp\/v2\/product"}],"about":[{"href":"https:\/\/shop.kustom.ch\/it\/wp-json\/wp\/v2\/types\/product"}],"wp:featuredmedia":[{"embeddable":true,"href":"https:\/\/shop.kustom.ch\/it\/wp-json\/wp\/v2\/media\/667047"}],"wp:attachment":[{"href":"https:\/\/shop.kustom.ch\/it\/wp-json\/wp\/v2\/media?parent=666991"}],"wp:term":[{"taxonomy":"product_brand","embeddable":true,"href":"https:\/\/shop.kustom.ch\/it\/wp-json\/wp\/v2\/product_brand?post=666991"},{"taxonomy":"product_cat","embeddable":true,"href":"https:\/\/shop.kustom.ch\/it\/wp-json\/wp\/v2\/product_cat?post=666991"},{"taxonomy":"product_tag","embeddable":true,"href":"https:\/\/shop.kustom.ch\/it\/wp-json\/wp\/v2\/product_tag?post=666991"}],"curies":[{"name":"wp","href":"https:\/\/api.w.org\/{rel}","templated":true}]}}