{"id":666989,"date":"2025-04-29T19:39:01","date_gmt":"2025-04-29T18:39:01","guid":{"rendered":"https:\/\/shop.kustom.ch\/?post_type=product&#038;p=666989"},"modified":"2026-03-31T09:07:11","modified_gmt":"2026-03-31T08:07:11","slug":"kinder-microfleece-pullover","status":"publish","type":"product","link":"https:\/\/shop.kustom.ch\/it\/prodotto\/kinder-microfleece-pullover\/","title":{"rendered":"Maglia in micropile per bambini"},"content":{"rendered":"<p>Un maglione caldo e confortevole, ideale come strato intermedio. Il micropile \u00e8 spazzolato su entrambi i lati ed \u00e8 quindi particolarmente morbido e caldo.<\/p>\n<p>TASCHE: Tasche anteriori con cerniera. CHIUSURA ANTERIORE: Cerniera in plastica. Patta antivento interna. REFLEX: Materiale riflettente sulla schiena. CHIUSURA: Estesa sul retro. ISTRUZIONI DI LAVAGGIO: 40\u00b0 C. Non candeggiare. Non stirare. Non lavare a secco. Non centrifugare. TESSUTO: Bambini. Giallo alta visibilit\u00e0. nero. Vento \/ bagnato \/ freddo<\/p>\n<p>100 poliestere %, micropile, anti-pilling, 170 g\/m\u00b2<\/p>","protected":false},"excerpt":{"rendered":"<p>Ein warmer und bequemer Pullover, ideal als Zwischenschicht. Das Microfleece ist auf beiden Seiten geb\u00fcrstet und f\u00fchlt sich dadurch besonders weich und w\u00e4rmend an. TASCHEN: Vordertaschen mit Reissverschl\u00fcssen. FRONTVERSCHLUSS: Reissverschluss aus Kunststoff. Windleiste innen. REFLEX: Reflexmaterial hinten. ABSCHLUSS: Verl\u00e4ngerter R\u00fccken. WASCHANLEITUNG: 40\u00b0 C. Nicht bleichen. Nicht b\u00fcgeln. Nicht chemisch reinigen. Nicht schleudern. STOFF: Kinder. High-Vis [&hellip;]<\/p>\n","protected":false},"featured_media":667028,"template":"","meta":[],"product_brand":[],"product_cat":[4186],"product_tag":[],"class_list":{"0":"post-666989","1":"product","2":"type-product","3":"status-publish","4":"has-post-thumbnail","6":"product_cat-jacken","7":"pa_brand-blaklaeder","8":"pa_brand-type-workwear","9":"pa_filter-color-gelb","11":"first","12":"instock","13":"sale","14":"taxable","15":"shipping-taxable","16":"purchasable","17":"product-type-variable","18":"add-to-wishlist-before_image"},"exclude_global_add_ons":[],"addons":[],"acf":[],"_links":{"self":[{"href":"https:\/\/shop.kustom.ch\/it\/wp-json\/wp\/v2\/product\/666989"}],"collection":[{"href":"https:\/\/shop.kustom.ch\/it\/wp-json\/wp\/v2\/product"}],"about":[{"href":"https:\/\/shop.kustom.ch\/it\/wp-json\/wp\/v2\/types\/product"}],"wp:featuredmedia":[{"embeddable":true,"href":"https:\/\/shop.kustom.ch\/it\/wp-json\/wp\/v2\/media\/667028"}],"wp:attachment":[{"href":"https:\/\/shop.kustom.ch\/it\/wp-json\/wp\/v2\/media?parent=666989"}],"wp:term":[{"taxonomy":"product_brand","embeddable":true,"href":"https:\/\/shop.kustom.ch\/it\/wp-json\/wp\/v2\/product_brand?post=666989"},{"taxonomy":"product_cat","embeddable":true,"href":"https:\/\/shop.kustom.ch\/it\/wp-json\/wp\/v2\/product_cat?post=666989"},{"taxonomy":"product_tag","embeddable":true,"href":"https:\/\/shop.kustom.ch\/it\/wp-json\/wp\/v2\/product_tag?post=666989"}],"curies":[{"name":"wp","href":"https:\/\/api.w.org\/{rel}","templated":true}]}}