{"id":666938,"date":"2025-04-29T19:38:34","date_gmt":"2025-04-29T18:38:34","guid":{"rendered":"https:\/\/shop.kustom.ch\/?post_type=product&#038;p=666938"},"modified":"2026-03-31T09:03:25","modified_gmt":"2026-03-31T08:03:25","slug":"leichte-gefuetterte-damen-winterjacke-high-vis","status":"publish","type":"product","link":"https:\/\/shop.kustom.ch\/it\/prodotto\/leichte-gefuetterte-damen-winterjacke-high-vis\/","title":{"rendered":"Giacca invernale da donna leggera e foderata High Vis"},"content":{"rendered":"<p>Una giacca autunnale e invernale leggera e foderata, ad alta visibilit\u00e0 e con eccellenti propriet\u00e0 per le condizioni climatiche pi\u00f9 fredde. La giacca \u00e8 antivento e impermeabile ed \u00e8 dotata di cuciture nastrate. I dettagli riflettenti stampati sulle spalle garantiscono una buona visibilit\u00e0 dall'alto. \u00c8 dotata di bottoni a pressione per il fissaggio di un cappuccio ad alta visibilit\u00e0 disponibile separatamente (modelli 2165, 2166 o 2175) ed \u00e8 disponibile anche come modello 4780 da uomo.<\/p>\n<p>FUNZIONALIT\u00c0: materiale antivento e impermeabile con traspirabilit\u00e0, cuciture nastrate. Taglia donna. Maniche preformate. DETTAGLI: Anello a D. Stampa del logo sul petto. Cappuccio staccabile e regolabile (venduto separatamente, art. 2165, 2166, 2175). Zip nella fodera per facilitare la rifinitura del tessuto. TASCHE: Tasche sul petto con zip. Tasca interna con zip. Tasche laterali con cerniera. CHIUSURA ANTERIORE: Robusta cerniera in plastica a 2 vie. REFLEX: Strisce riflettenti di trasferimento. Dettagli riflettenti. Materiale riflettente su corpo, maniche e spalle. CHIUSURA: Polsini interni con foro per il pollice. Polsini regolabili con chiusura in velcro. Vita regolabile con coulisse. ISTRUZIONI DI LAVAGGIO: Numero di lavaggi: 25. 40\u00b0 C. Non candeggiare. Non stirare. Non lavare a secco. Non centrifugare. PROPRIET\u00c0 PRINCIPALI: Tetto. Autista. Commercianti. Lavoratori stradali ed edili. EN 342. EN 343. EN ISO 20471. TESSUTO: Donna. Disponibile per uomo e donna. blu. Giallo alta visibilit\u00e0. Arancione ad alta visibilit\u00e0. Rosso a vista. Traspirabilit\u00e0. impermeabile. antivento. Alta visibilit\u00e0. CERTIFICAZIONE: EN 342. EN 343, classe 4.2. EN ISO 20471 XS-S classe 2, M classe 3. gruppo di certificazione C -&gt;M<\/p>\n<p>100% poliestere, Oxford, rivestito, impermeabile 15.000 mm, antivento, traspirante Ret 8.5, 200g\/m\u00b2<\/p>","protected":false},"excerpt":{"rendered":"<p>Eine leichte, gef\u00fctterte Herbst- und Winterjacke mit hoher Sichtbarkeit und hervorragenden Eigenschaften f\u00fcr k\u00fchlere Wetterbedingungen. Die Jacke ist wind- und wasserdicht und verf\u00fcgt \u00fcber versiegelte N\u00e4hte. Aufgedruckte reflektierende Details an den Schultern sorgen auch von oben f\u00fcr gute Sichtbarkeit. Sie ist mit Druckkn\u00f6pfen zum Anbringen einer separat erh\u00e4ltlichen Warnschutzkapuze (Modelle 2165, 2166 oder 2175) vorbereitet.Auch [&hellip;]<\/p>\n","protected":false},"featured_media":666961,"template":"","meta":[],"product_brand":[],"product_cat":[4186],"product_tag":[],"class_list":{"0":"post-666938","1":"product","2":"type-product","3":"status-publish","4":"has-post-thumbnail","6":"product_cat-jacken","7":"pa_brand-blaklaeder","8":"pa_brand-type-workwear","9":"pa_filter-color-blau","10":"pa_filter-color-gelb","11":"pa_filter-color-orange","12":"pa_filter-color-rot","13":"pa_filter-color-schwarz","15":"first","16":"instock","17":"sale","18":"taxable","19":"shipping-taxable","20":"purchasable","21":"product-type-variable","22":"add-to-wishlist-before_image"},"exclude_global_add_ons":[],"addons":[],"acf":[],"_links":{"self":[{"href":"https:\/\/shop.kustom.ch\/it\/wp-json\/wp\/v2\/product\/666938"}],"collection":[{"href":"https:\/\/shop.kustom.ch\/it\/wp-json\/wp\/v2\/product"}],"about":[{"href":"https:\/\/shop.kustom.ch\/it\/wp-json\/wp\/v2\/types\/product"}],"wp:featuredmedia":[{"embeddable":true,"href":"https:\/\/shop.kustom.ch\/it\/wp-json\/wp\/v2\/media\/666961"}],"wp:attachment":[{"href":"https:\/\/shop.kustom.ch\/it\/wp-json\/wp\/v2\/media?parent=666938"}],"wp:term":[{"taxonomy":"product_brand","embeddable":true,"href":"https:\/\/shop.kustom.ch\/it\/wp-json\/wp\/v2\/product_brand?post=666938"},{"taxonomy":"product_cat","embeddable":true,"href":"https:\/\/shop.kustom.ch\/it\/wp-json\/wp\/v2\/product_cat?post=666938"},{"taxonomy":"product_tag","embeddable":true,"href":"https:\/\/shop.kustom.ch\/it\/wp-json\/wp\/v2\/product_tag?post=666938"}],"curies":[{"name":"wp","href":"https:\/\/api.w.org\/{rel}","templated":true}]}}