{"id":666850,"date":"2025-04-29T19:37:37","date_gmt":"2025-04-29T18:37:37","guid":{"rendered":"https:\/\/shop.kustom.ch\/?post_type=product&#038;p=666850"},"modified":"2026-03-31T09:03:07","modified_gmt":"2026-03-31T08:03:07","slug":"leichte-gefuetterte-winterjacke-softshell","status":"publish","type":"product","link":"https:\/\/shop.kustom.ch\/it\/prodotto\/leichte-gefuetterte-winterjacke-softshell\/","title":{"rendered":"Giacca invernale softshell leggera e foderata"},"content":{"rendered":"<p>Una giacca autunnale e invernale leggera e foderata, perfetta per le condizioni climatiche pi\u00f9 fresche. \u00c8 dotata di un cappuccio staccabile e regolabile ed \u00e8 progettata per offrire la massima libert\u00e0 di movimento. \u00c8 realizzata in materiale elastico, antivento e impermeabile. Colore scuro, dettagli riflettenti sulle spalle e sulla schiena, disponibile anche come modello da donna 4751.<\/p>\n<p>FUNZIONALIT\u00c0: antivento e impermeabile, cuciture non sigillate, traspirante. Antivento con buona traspirabilit\u00e0. DETTAGLI: Cappuccio staccabile e regolabile con fodera in rete. Bottoni a pressione in metallo. Collo alto. TASCHE: Tasca sul petto con zip. Tasche interne. Tasche anteriori con cerniera. CHIUSURA ANTERIORE: Zip in plastica. Zip frontale con protezione per il mento in pile. REFLEX: Materiale riflettente sulla schiena. Strisce riflettenti sulle spalle. CHIUSURA: Polsini regolabili con chiusura a velcro. Retro allungato. Vita regolabile con coulisse. ISTRUZIONI DI LAVAGGIO: 40\u00b0 C. Non candeggiare. Non stirare. Non lavare a secco. Non centrifugare. PROPRIET\u00c0 PRINCIPALI: Autista. Giardiniere. Tuttofare. Idraulico. Detergente. EN 342. TESSUTO: disponibile per uomo e donna. Uomo. blu. Giallo alta visibilit\u00e0. Traspirabilit\u00e0. Stretch. idrorepellente. antivento. Stretch. Vento \/ bagnato \/ freddo. CERTIFICAZIONE: Certificata secondo la norma EN 342 se utilizzata insieme all'art. 1477.<\/p>\n<p>92% poliestere, 8% elastan, softshell a 3 strati, impermeabile 11.000 mm, antivento, traspirante Ret 20.0, elasticizzato, 265 g\/m\u00b2<\/p>","protected":false},"excerpt":{"rendered":"<p>Eine leichte gef\u00fctterte Herbst- und Winterjacke, die sich perfekt f\u00fcr k\u00fchlere Wetterbedingungen eignet. Sie verf\u00fcgt \u00fcber eine abnehmbare und verstellbare Kapuze und ist so konzipiert, dass sie maximale Bewegungsfreiheit bietet. Sie ist aus einem dehnbaren, wind- und wasserdichten Material gefertigt. Dunkle, reflektierende Details an den Schultern und am R\u00fccken.Auch als Damenmodell 4751 erh\u00e4ltlich. FUNKTIONALIT\u00c4T: Wind- [&hellip;]<\/p>\n","protected":false},"featured_media":666891,"template":"","meta":[],"product_brand":[],"product_cat":[4186],"product_tag":[],"class_list":{"0":"post-666850","1":"product","2":"type-product","3":"status-publish","4":"has-post-thumbnail","6":"product_cat-jacken","7":"pa_brand-blaklaeder","8":"pa_brand-type-workwear","9":"pa_filter-color-blau","10":"pa_filter-color-gelb","11":"pa_filter-color-grau","12":"pa_filter-color-rot","13":"pa_filter-color-schwarz","15":"first","16":"instock","17":"sale","18":"taxable","19":"shipping-taxable","20":"purchasable","21":"product-type-variable","22":"add-to-wishlist-before_image"},"exclude_global_add_ons":[],"addons":[],"acf":[],"_links":{"self":[{"href":"https:\/\/shop.kustom.ch\/it\/wp-json\/wp\/v2\/product\/666850"}],"collection":[{"href":"https:\/\/shop.kustom.ch\/it\/wp-json\/wp\/v2\/product"}],"about":[{"href":"https:\/\/shop.kustom.ch\/it\/wp-json\/wp\/v2\/types\/product"}],"wp:featuredmedia":[{"embeddable":true,"href":"https:\/\/shop.kustom.ch\/it\/wp-json\/wp\/v2\/media\/666891"}],"wp:attachment":[{"href":"https:\/\/shop.kustom.ch\/it\/wp-json\/wp\/v2\/media?parent=666850"}],"wp:term":[{"taxonomy":"product_brand","embeddable":true,"href":"https:\/\/shop.kustom.ch\/it\/wp-json\/wp\/v2\/product_brand?post=666850"},{"taxonomy":"product_cat","embeddable":true,"href":"https:\/\/shop.kustom.ch\/it\/wp-json\/wp\/v2\/product_cat?post=666850"},{"taxonomy":"product_tag","embeddable":true,"href":"https:\/\/shop.kustom.ch\/it\/wp-json\/wp\/v2\/product_tag?post=666850"}],"curies":[{"name":"wp","href":"https:\/\/api.w.org\/{rel}","templated":true}]}}