{"id":666849,"date":"2025-04-29T19:37:37","date_gmt":"2025-04-29T18:37:37","guid":{"rendered":"https:\/\/shop.kustom.ch\/?post_type=product&#038;p=666849"},"modified":"2026-03-31T09:03:01","modified_gmt":"2026-03-31T08:03:01","slug":"striker-damen-fleeceweste","status":"publish","type":"product","link":"https:\/\/shop.kustom.ch\/it\/prodotto\/striker-damen-fleeceweste\/","title":{"rendered":"Gilet in pile da donna STRIKER"},"content":{"rendered":"<p>Un gilet in pile perfetto come secondo strato. L'interno del materiale ha una struttura a griglia che crea una combinazione perfetta di isolamento, ventilazione e gestione efficiente dell'umidit\u00e0. Il gilet ha una vestibilit\u00e0 accogliente e aderente al corpo. Disponibile anche come modello da uomo 4736. Materiale elastico a 4 vie, resistente e aderente al corpoEccellente isolamento e trasporto dell'umidit\u00e0Due tasche laterali<\/p>\n<p>FUNZIONALIT\u00c0: vestibilit\u00e0 slim. DETTAGLI: Collo alto. Ricamo Bl\u00e5kl\u00e4der sul retro. TASCHE: Tasche anteriori, una con anello a D. Tasche anteriori con cerniera. CHIUSURA ANTERIORE: Zip in plastica a 2 vie. Patta antivento interna. ISTRUZIONI DI LAVAGGIO: 40\u00b0 C. Non candeggiare. Non stirare. Non lavare a secco. Non centrifugare. PROPRIET\u00c0 PRINCIPALI: Tetto. Autista. Pescatore. Giardiniere. Tuttofare. Magazziniere. Imbianchino. Addetto alle pulizie. Personale di servizio. TESSUTO: Donna. Disponibile per uomo e donna. blu. verde. Vento \/ bagnato \/ freddo<\/p>\n<p>95% poliestere, 5% elastan, pile a griglia, 265g\/m\u00b2<\/p>","protected":false},"excerpt":{"rendered":"<p>Eine Fleeceweste, die sich perfekt als zweite Schicht eignet. Die Innenseite des Materials ist mit einer Gitterstuktur versehen, die die perfekte Kombination aus Isolierung, Bel\u00fcftung und effizientem Feuchtigkeitsmanagement schafft. Die Weste hat eine gem\u00fctliche, k\u00f6rpernahe Passform. Auch als Herrenmodell 4736 erh\u00e4ltlich. Strapazierf\u00e4higes, k\u00f6rperbetontes 4-Wege-StretchmaterialHervorragende Isolierung und FeuchtigkeitstransportZwei Seitentaschen FUNKTIONALIT\u00c4T: Slim Fit. DETAILS: Hoher Kragen. Bl\u00e5kl\u00e4der-Stick [&hellip;]<\/p>\n","protected":false},"featured_media":666867,"template":"","meta":[],"product_brand":[],"product_cat":[4208],"product_tag":[],"class_list":{"0":"post-666849","1":"product","2":"type-product","3":"status-publish","4":"has-post-thumbnail","6":"product_cat-westen","7":"pa_brand-blaklaeder","8":"pa_brand-type-workwear","9":"pa_filter-color-blau","10":"pa_filter-color-gruen","11":"pa_filter-color-schwarz","13":"first","14":"instock","15":"sale","16":"taxable","17":"shipping-taxable","18":"purchasable","19":"product-type-variable","20":"add-to-wishlist-before_image"},"exclude_global_add_ons":[],"addons":[],"acf":[],"_links":{"self":[{"href":"https:\/\/shop.kustom.ch\/it\/wp-json\/wp\/v2\/product\/666849"}],"collection":[{"href":"https:\/\/shop.kustom.ch\/it\/wp-json\/wp\/v2\/product"}],"about":[{"href":"https:\/\/shop.kustom.ch\/it\/wp-json\/wp\/v2\/types\/product"}],"wp:featuredmedia":[{"embeddable":true,"href":"https:\/\/shop.kustom.ch\/it\/wp-json\/wp\/v2\/media\/666867"}],"wp:attachment":[{"href":"https:\/\/shop.kustom.ch\/it\/wp-json\/wp\/v2\/media?parent=666849"}],"wp:term":[{"taxonomy":"product_brand","embeddable":true,"href":"https:\/\/shop.kustom.ch\/it\/wp-json\/wp\/v2\/product_brand?post=666849"},{"taxonomy":"product_cat","embeddable":true,"href":"https:\/\/shop.kustom.ch\/it\/wp-json\/wp\/v2\/product_cat?post=666849"},{"taxonomy":"product_tag","embeddable":true,"href":"https:\/\/shop.kustom.ch\/it\/wp-json\/wp\/v2\/product_tag?post=666849"}],"curies":[{"name":"wp","href":"https:\/\/api.w.org\/{rel}","templated":true}]}}