{"id":666804,"date":"2025-04-29T19:37:06","date_gmt":"2025-04-29T18:37:06","guid":{"rendered":"https:\/\/shop.kustom.ch\/?post_type=product&#038;p=666804"},"modified":"2026-03-31T09:02:27","modified_gmt":"2026-03-31T08:02:27","slug":"damen-microfleece-jacke-4","status":"publish","type":"product","link":"https:\/\/shop.kustom.ch\/it\/prodotto\/damen-microfleece-jacke-4\/","title":{"rendered":"Giacca da donna in micropile"},"content":{"rendered":"<p>Una giacca calda e confortevole, ideale come strato intermedio. \u00c8 realizzata in micropile spazzolato su entrambi i lati, che la rende particolarmente morbida al tatto. La giacca ha una vestibilit\u00e0 aderente e una rete sotto le ascelle per una migliore ventilazione. 4721 \u00e8 disponibile anche come modello da uomo.<\/p>\n<p>FUNZIONALIT\u00c0: inserto in rete nel giromanica. Vestibilit\u00e0 slim. TASCHE: Tasche anteriori con cerniera. CHIUSURA ANTERIORE: Zip in plastica a 2 vie. Patta interna antivento. CHIUSURA: Estesa sul retro. ISTRUZIONI DI LAVAGGIO: 40\u00b0 C. Non candeggiare. Non stirare. Non lavare a secco. Non centrifugare. PROPRIET\u00c0 PRINCIPALI: Pavimentazione. Tettoia. Autista. Pescatore. Giardiniere. Tuttofare. Boscaiolo. Idraulico. Magazziniere. Muratore \/ piastrellista. Meccanico. Addetto alle pulizie. Addetto ai servizi. Idraulico. TESSUTO: Donna. Disponibile per uomo e donna. blu. nero. Vento \/ bagnato \/ freddo<\/p>\n<p>100 poliestere %, micropile, anti-pilling, 170 g\/m\u00b2<\/p>","protected":false},"excerpt":{"rendered":"<p>Eine warme und bequeme Jacke, die sich ideal als Zwischenschicht eignet. Sie besteht aus Microfleece, das auf beiden Seiten geb\u00fcrstet ist und sich dadurch besonders weich anf\u00fchlt. Die Jacke hat eine k\u00f6rpernahe Passform und Mesh in den Achselh\u00f6hlen f\u00fcr bessere Bel\u00fcftung.Auch als Herrenmodell 4721 erh\u00e4ltlich. FUNKTIONALIT\u00c4T: Mesh-Einsatz am Armausschnitt. Slim Fit. TASCHEN: Vordertaschen mit Reissverschl\u00fcssen. [&hellip;]<\/p>\n","protected":false},"featured_media":666820,"template":"","meta":[],"product_brand":[],"product_cat":[4186],"product_tag":[],"class_list":{"0":"post-666804","1":"product","2":"type-product","3":"status-publish","4":"has-post-thumbnail","6":"product_cat-jacken","7":"pa_brand-blaklaeder","8":"pa_brand-type-workwear","9":"pa_filter-color-blau","10":"pa_filter-color-schwarz","12":"first","13":"instock","14":"sale","15":"taxable","16":"shipping-taxable","17":"purchasable","18":"product-type-variable","19":"add-to-wishlist-before_image"},"exclude_global_add_ons":[],"addons":[],"acf":[],"_links":{"self":[{"href":"https:\/\/shop.kustom.ch\/it\/wp-json\/wp\/v2\/product\/666804"}],"collection":[{"href":"https:\/\/shop.kustom.ch\/it\/wp-json\/wp\/v2\/product"}],"about":[{"href":"https:\/\/shop.kustom.ch\/it\/wp-json\/wp\/v2\/types\/product"}],"wp:featuredmedia":[{"embeddable":true,"href":"https:\/\/shop.kustom.ch\/it\/wp-json\/wp\/v2\/media\/666820"}],"wp:attachment":[{"href":"https:\/\/shop.kustom.ch\/it\/wp-json\/wp\/v2\/media?parent=666804"}],"wp:term":[{"taxonomy":"product_brand","embeddable":true,"href":"https:\/\/shop.kustom.ch\/it\/wp-json\/wp\/v2\/product_brand?post=666804"},{"taxonomy":"product_cat","embeddable":true,"href":"https:\/\/shop.kustom.ch\/it\/wp-json\/wp\/v2\/product_cat?post=666804"},{"taxonomy":"product_tag","embeddable":true,"href":"https:\/\/shop.kustom.ch\/it\/wp-json\/wp\/v2\/product_tag?post=666804"}],"curies":[{"name":"wp","href":"https:\/\/api.w.org\/{rel}","templated":true}]}}