{"id":666680,"date":"2025-04-29T19:35:37","date_gmt":"2025-04-29T18:35:37","guid":{"rendered":"https:\/\/shop.kustom.ch\/?post_type=product&#038;p=666680"},"modified":"2026-03-31T09:00:32","modified_gmt":"2026-03-31T08:00:32","slug":"damen-softshell-jacke-inhaerent","status":"publish","type":"product","link":"https:\/\/shop.kustom.ch\/it\/prodotto\/damen-softshell-jacke-inhaerent\/","title":{"rendered":"Giacca softshell da donna Inherent"},"content":{"rendered":"<p>Una giacca softshell priva di metallo e poliestere, realizzata in materiale intrinsecamente ignifugo. La giacca, repellente all'olio, allo sporco e all'acqua, \u00e8 realizzata in un comodo materiale softshell a 3 strati, antivento e impermeabile, con un'eccellente traspirabilit\u00e0. La fodera in pile offre una sensazione accogliente e aumenta il comfort. La schiena allungata aumenta il comfort generale. La giacca \u00e8 dotata di due passanti per il fissaggio di rilevatori di gas, misuratori di ossigeno e microfoni, il che la rende particolarmente adatta al lavoro in ambienti petrolchimici o nell'industria petrolifera e del gas.Certificata secondo le norme EN 1149-5, EN 13034, EN ISO 11611, EN ISO 11612 e EN 61482-2 APC 2. EBT - 33 cal\/cm\u00b2, ELIM - 30 cal\/cm\u00b2.<\/p>\n<p>FUNZIONALIT\u00c0: Senza metallo. Superficie oleorepellente, antisporco e idrorepellente. Antivento e impermeabile, cuciture non sigillate, traspirante. DETTAGLI: Etichette esterne di certificazione. Collo alto con cerniera nascosta. Passanti su entrambi i lati del petto per rilevatore di gas \/ analizzatore di ossigeno \/ microfono. TASCHE: Tasca sul petto con zip. Tasche anteriori, una con anello a D. Tasche anteriori con chiusura a zip. CHIUSURA ANTERIORE: Cerniera nascosta in plastica rinforzata. REFLEX: Strisce riflettenti di trasferimento. Nastro riflettente in aree selezionate per una migliore visibilit\u00e0. CHIUSURA: Polsino interno. Dorso allungato. ISTRUZIONI DI LAVAGGIO: 60\u00b0 C. Non candeggiare. Non stirare. Non lavare a secco. Non centrifugare. PROPRIET\u00c0 PRINCIPALI: EN 1149-5. EN 13034. EN 61482-2. EN ISO 11611. EN ISO 11612. TESSUTO: Uomo. blu. nero. Senza metallo. Ritardante di fiamma. CERTIFICAZIONE: EN 1149-5. EN 13034 PB (6). Max. 20 lavaggi. EBT - 33 cal\/cm\u00b2. ELIM - 30 cal\/cm\u00b2. EN 61482-2, APC 2. EN ISO 11611 Classe 2, A1+A2. EN ISO 11612 A1,A2, B1,C2,F2<\/p>\n<p>43% modacrilico, 36% cotone, 11% poliammide, 6% poliuretano, 3% aramide, 1% antistatico, softshell a 3 strati, ignifugo, antistatico, 490 g\/m\u00b2.<\/p>","protected":false},"excerpt":{"rendered":"<p>Eine metall- und polyesterfreie Softshell-Jacke aus inh\u00e4rent flammhemmendem Material. Die \u00f6l-, schmutz- und wasserabweisende Jacke ist aus komfortablem 3-Lagen-Softshell-Material gefertigt, das wind- und wasserdicht ist und eine hervorragende Atmungsaktivit\u00e4t aufweist. Die Fleece-Innenseite bietet ein kuscheliges Gef\u00fchl und erh\u00f6ht den Komfort. Ein verl\u00e4ngerter R\u00fccken tr\u00e4gt zum Gesamtkomfort bei. Die Jacke ist mit zwei Schlaufen zur Befestigung [&hellip;]<\/p>\n","protected":false},"featured_media":666725,"template":"","meta":[],"product_brand":[],"product_cat":[4186],"product_tag":[],"class_list":{"0":"post-666680","1":"product","2":"type-product","3":"status-publish","4":"has-post-thumbnail","6":"product_cat-jacken","7":"pa_brand-blaklaeder","8":"pa_brand-type-workwear","9":"pa_filter-color-blau","10":"pa_filter-color-schwarz","12":"first","13":"instock","14":"sale","15":"taxable","16":"shipping-taxable","17":"purchasable","18":"product-type-variable","19":"add-to-wishlist-before_image"},"exclude_global_add_ons":[],"addons":[],"acf":[],"_links":{"self":[{"href":"https:\/\/shop.kustom.ch\/it\/wp-json\/wp\/v2\/product\/666680"}],"collection":[{"href":"https:\/\/shop.kustom.ch\/it\/wp-json\/wp\/v2\/product"}],"about":[{"href":"https:\/\/shop.kustom.ch\/it\/wp-json\/wp\/v2\/types\/product"}],"wp:featuredmedia":[{"embeddable":true,"href":"https:\/\/shop.kustom.ch\/it\/wp-json\/wp\/v2\/media\/666725"}],"wp:attachment":[{"href":"https:\/\/shop.kustom.ch\/it\/wp-json\/wp\/v2\/media?parent=666680"}],"wp:term":[{"taxonomy":"product_brand","embeddable":true,"href":"https:\/\/shop.kustom.ch\/it\/wp-json\/wp\/v2\/product_brand?post=666680"},{"taxonomy":"product_cat","embeddable":true,"href":"https:\/\/shop.kustom.ch\/it\/wp-json\/wp\/v2\/product_cat?post=666680"},{"taxonomy":"product_tag","embeddable":true,"href":"https:\/\/shop.kustom.ch\/it\/wp-json\/wp\/v2\/product_tag?post=666680"}],"curies":[{"name":"wp","href":"https:\/\/api.w.org\/{rel}","templated":true}]}}