{"id":666581,"date":"2025-04-29T19:34:31","date_gmt":"2025-04-29T18:34:31","guid":{"rendered":"https:\/\/shop.kustom.ch\/?post_type=product&#038;p=666581"},"modified":"2026-03-31T08:48:18","modified_gmt":"2026-03-31T07:48:18","slug":"softshell-weste-high-vis","status":"publish","type":"product","link":"https:\/\/shop.kustom.ch\/it\/prodotto\/softshell-weste-high-vis\/","title":{"rendered":"Gilet softshell High Vis"},"content":{"rendered":"<p>Un gilet softshell leggero, estremamente morbido, confortevole e flessibile grazie al suo materiale. Il gilet \u00e8 bicolore con catarifrangenti segmentati e offre una visibilit\u00e0 e una sicurezza ottimali quando \u00e8 pi\u00f9 necessario. Questo gilet alla moda ad alta visibilit\u00e0 combina una sensazione di leggerezza ed elasticit\u00e0 con la resistenza richiesta dall'abbigliamento da lavoro. Il materiale \u00e8 antivento, impermeabile e traspirante.<\/p>\n<p>FUNZIONALIT\u00c0: 2 vie elasticizzate. Antivento e impermeabile, cuciture non sigillate, traspirante. DETTAGLI: anello a D. Collo alto. Spalle in colore a contrasto. Buone superfici per le rifiniture. TASCHE: Tasca sul petto con cerniera e anello a D. Tasche anteriori con cerniera. CHIUSURA ANTERIORE: Robusta cerniera in plastica. REFLEX: Dettagli riflettenti. Materiale riflettente sul davanti e sul retro. CHIUSURA: Estensione della schiena. Vita regolabile con coulisse. ISTRUZIONI DI LAVAGGIO: Numero di lavaggi: 25. 40\u00b0 C. Non candeggiare. Non stirare. Non lavare a secco. Non centrifugare. PROPRIET\u00c0 PRINCIPALI: Autista. Giardiniere. Tuttofare. Idraulico. Lavoratori stradali ed edili. EN ISO 20471. TESSUTO: Uomo. Blu. Giallo alta visibilit\u00e0. Arancione ad alta visibilit\u00e0. Rosso alto-visibile. Traspirabilit\u00e0. idrorepellente. antivento. elasticizzato. Alta visibilit\u00e0. CERTIFICAZIONE: EN ISO 20471 Classe 1 XS, Classe 2 S -&gt;. Certificazione combinata D XS. Certificazione combinata A-&gt;S<\/p>\n<p>92% poliestere, 8% elastan, softshell a 3 strati, impermeabile 11.000 mm, antivento, traspirante Ret 20.0, elasticizzato, 265 g\/m\u00b2<\/p>","protected":false},"excerpt":{"rendered":"<p>Eine leichte Softshell-Weste, die dank ihres Materials extrem weich, bequem und flexibel ist. Die Weste ist zweifarbig mit segmentierten Reflektoren und bietet optimale Sichtbarkeit und Sicherheit, wenn sie am meisten gebraucht wird. Diese modische Warnweste kombiniert ein leichtes, dehnbares Tragegef\u00fchl mit der erforderlichen Strapazierf\u00e4higkeit f\u00fcr Arbeitskleidung. Das Material ist wind- und wasserdicht sowie atmungsaktiv. FUNKTIONALIT\u00c4T: [&hellip;]<\/p>\n","protected":false},"featured_media":666619,"template":"","meta":[],"product_brand":[],"product_cat":[4208],"product_tag":[],"class_list":{"0":"post-666581","1":"product","2":"type-product","3":"status-publish","4":"has-post-thumbnail","6":"product_cat-westen","7":"pa_brand-blaklaeder","8":"pa_brand-type-workwear","9":"pa_filter-color-blau","10":"pa_filter-color-gelb","11":"pa_filter-color-orange","12":"pa_filter-color-rot","13":"pa_filter-color-schwarz","15":"first","16":"instock","17":"sale","18":"taxable","19":"shipping-taxable","20":"purchasable","21":"product-type-variable","22":"add-to-wishlist-before_image"},"exclude_global_add_ons":[],"addons":[],"acf":[],"_links":{"self":[{"href":"https:\/\/shop.kustom.ch\/it\/wp-json\/wp\/v2\/product\/666581"}],"collection":[{"href":"https:\/\/shop.kustom.ch\/it\/wp-json\/wp\/v2\/product"}],"about":[{"href":"https:\/\/shop.kustom.ch\/it\/wp-json\/wp\/v2\/types\/product"}],"wp:featuredmedia":[{"embeddable":true,"href":"https:\/\/shop.kustom.ch\/it\/wp-json\/wp\/v2\/media\/666619"}],"wp:attachment":[{"href":"https:\/\/shop.kustom.ch\/it\/wp-json\/wp\/v2\/media?parent=666581"}],"wp:term":[{"taxonomy":"product_brand","embeddable":true,"href":"https:\/\/shop.kustom.ch\/it\/wp-json\/wp\/v2\/product_brand?post=666581"},{"taxonomy":"product_cat","embeddable":true,"href":"https:\/\/shop.kustom.ch\/it\/wp-json\/wp\/v2\/product_cat?post=666581"},{"taxonomy":"product_tag","embeddable":true,"href":"https:\/\/shop.kustom.ch\/it\/wp-json\/wp\/v2\/product_tag?post=666581"}],"curies":[{"name":"wp","href":"https:\/\/api.w.org\/{rel}","templated":true}]}}