{"id":666547,"date":"2025-04-29T19:33:28","date_gmt":"2025-04-29T18:33:28","guid":{"rendered":"https:\/\/shop.kustom.ch\/?post_type=product&#038;p=666547"},"modified":"2026-03-31T08:46:43","modified_gmt":"2026-03-31T07:46:43","slug":"apc-2-latzhose-inhaerent","status":"publish","type":"product","link":"https:\/\/shop.kustom.ch\/it\/prodotto\/apc-2-latzhose-inhaerent\/","title":{"rendered":"APC 2 Salopette Inerente"},"content":{"rendered":"<p>Salopette realizzata in materiale intrinsecamente ignifugo, ovvero con protezione antincendio integrata nella struttura della fibra. I pantaloni sono morbidi e flessibili e presentano tasche esterne di protezione per le ginocchia rinforzate con materiale CORDURA\u00ae\/Kevlar\u00ae\/Protal\u00ae. Questi pantaloni idrorepellenti, resistenti all'olio e allo sporco sono dotati di tasche intelligenti e bretelle elastiche per un maggiore comfort. Realizzati in materiale ripstop con eccellente resistenza allo strappo. Per aumentarne la resistenza, le tasche esposte sono rinforzate con doppio strato. Testati e approvati per 50 lavaggi. Certificati secondo EN 14404, EN 1149-5, EN ISO 11611, EN 13034, EN ISO 20471, EN ISO 11612 e EN 61482-2 APC 1 (APC 2 nelle zone foderate). <\/p>\n<p>FUNZIONALIT\u00c0: Le parti foderate del capo sono conformi alla norma APC 2 (EN 61482-2:2020). Senza metalli. Superficie idrorepellente, oleorepellente e resistente allo sporco. DETTAGLI: Tasca porta badge rimovibile per indumenti ignifughi. Etichette di certificazione esterne. Bretelle regolabili con elastico. Bottoni in plastica. Cerniera in plastica sul cavallo. Passanti, di cui uno con anello a D. Vita regolabile. TASCHE: Tasca sulla gamba con soffietto, tasca per cellulare e tasca per penna. Tasca sul petto con patta e tasca per penna. Tasche posteriori rinforzate con soffietto e patta. Tasche esterne per ginocchiere. Tasche oblique. Tasca rinforzata per metro a nastro con porta coltello e tasca per penne. RINFORZO: CORDURA\u00ae\/Kevlar\u00ae\/Protal\u00ae \u2013 rinforzato sulle ginocchia. RIFLETTENTE: strisce riflettenti ignifughe con doppie cuciture. FINITURA: possibilit\u00e0 di allungare l'orlo delle gambe, non valido per le taglie D. ISTRUZIONI DI LAVAGGIO: 60\u00b0 C. Non candeggiare. Non stirare. Non lavare a secco. Asciugatrice \u2013 bassa temperatura. CARATTERISTICHE PRINCIPALI: Elettricisti. Artigiani. Uomo. EN 1149-5. EN 13034. EN 14004. EN 61482-2. EN ISO 11611. EN ISO 11612. TESSUTO: Uomo. Blu. Giallo ad alta visibilit\u00e0. Tasche per ginocchiere. Senza metallo. Antifiamma. CERTIFICAZIONE: EN 1149-5. Max. 50 lavaggi. EN 13034 PB (6). Max. 20 lavaggi. EN 14404 2004+A1 2010, tipo 1, livello 0 insieme alle ginocchiere art. 4057. APC 2, ATPV 26 cal\/cm\u00b2, ELIM 23 cal\/cm\u00b2 sulle parti foderate. ATPV \u2013 11 cal\/cm\u00b2. ELIM \u2013 10 cal\/cm\u00b2. EN 61482-2, APC 1. Max. 50 lavaggi. EN ISO 11611, classe 1 A1+A2. Max. 50 lavaggi. EN ISO 11612 A1, A2, B1, C1, E2, F1. Max. 50 lavaggi. EN ISO 20471, classe 1. Max. 50 lavaggi. Gruppo di certificazione W<\/p>\n<p>44% modacrilico, 30% cotone, 20% poliammide FR, 5% aramide, 1% antistatico, ripstop, ignifugo, antistatico, 260 g\/m\u00b2<\/p>","protected":false},"excerpt":{"rendered":"<p>Latzhose aus inh\u00e4rent flammhemmendem Material, d. h. der Flammschutz ist in die Struktur der Faser eingebaut. Die Hose ist weich und flexibel und hat aussenliegende Knieschutztaschen, die mit CORDURA\u00ae\/Kevlar\u00ae\/Protal\u00ae-Material verst\u00e4rkt sind. Diese \u00f6l-, schmutz- und wasserabweisende Hose verf\u00fcgt \u00fcber intelligente Taschenl\u00f6sungen und elastische Hosentr\u00e4ger f\u00fcr mehr Komfort. Hergestellt aus Ripstop-Material mit ausgezeichneter Reissfestigkeit. Zur Erh\u00f6hung [&hellip;]<\/p>\n","protected":false},"featured_media":666579,"template":"","meta":[],"product_brand":[],"product_cat":[10448],"product_tag":[],"class_list":{"0":"post-666547","1":"product","2":"type-product","3":"status-publish","4":"has-post-thumbnail","6":"product_cat-latzhose","7":"pa_brand-blaklaeder","8":"pa_brand-type-workwear","9":"pa_filter-color-blau","10":"pa_filter-color-gelb","12":"first","13":"instock","14":"sale","15":"taxable","16":"shipping-taxable","17":"purchasable","18":"product-type-variable","19":"add-to-wishlist-before_image"},"exclude_global_add_ons":[],"addons":[],"acf":[],"_links":{"self":[{"href":"https:\/\/shop.kustom.ch\/it\/wp-json\/wp\/v2\/product\/666547"}],"collection":[{"href":"https:\/\/shop.kustom.ch\/it\/wp-json\/wp\/v2\/product"}],"about":[{"href":"https:\/\/shop.kustom.ch\/it\/wp-json\/wp\/v2\/types\/product"}],"wp:featuredmedia":[{"embeddable":true,"href":"https:\/\/shop.kustom.ch\/it\/wp-json\/wp\/v2\/media\/666579"}],"wp:attachment":[{"href":"https:\/\/shop.kustom.ch\/it\/wp-json\/wp\/v2\/media?parent=666547"}],"wp:term":[{"taxonomy":"product_brand","embeddable":true,"href":"https:\/\/shop.kustom.ch\/it\/wp-json\/wp\/v2\/product_brand?post=666547"},{"taxonomy":"product_cat","embeddable":true,"href":"https:\/\/shop.kustom.ch\/it\/wp-json\/wp\/v2\/product_cat?post=666547"},{"taxonomy":"product_tag","embeddable":true,"href":"https:\/\/shop.kustom.ch\/it\/wp-json\/wp\/v2\/product_tag?post=666547"}],"curies":[{"name":"wp","href":"https:\/\/api.w.org\/{rel}","templated":true}]}}