{"id":666519,"date":"2025-04-29T19:32:31","date_gmt":"2025-04-29T18:32:31","guid":{"rendered":"https:\/\/shop.kustom.ch\/?post_type=product&#038;p=666519"},"modified":"2026-03-31T08:46:05","modified_gmt":"2026-03-31T07:46:05","slug":"praezisionshandschuh-supreme-strong","status":"publish","type":"product","link":"https:\/\/shop.kustom.ch\/it\/prodotto\/praezisionshandschuh-supreme-strong\/","title":{"rendered":"Guanto di precisione Supreme Strong"},"content":{"rendered":"<p>Un guanto di precisione sottile con un'ottima vestibilit\u00e0, realizzato in pelle sintetica di alta qualit\u00e0 e con un polsino corto. Nonostante il materiale sottile, il guanto \u00e8 estremamente resistente. La funzione touch sul dorso dell'indice consente di utilizzare gli schermi senza dover togliere il guanto. I modelli Supreme Strong sono realizzati in pelle sintetica di alta qualit\u00e0, che offre un'eccellente destrezza e un'elevata durata.Ultrasottile e dalla vestibilit\u00e0 perfettaFunzione touch sul dorso dell'indiceEccellente destrezzaPelle sintetica di alta qualit\u00e0Taglie 6-12<\/p>\n<p>FUNZIONALIT\u00c0: Senza cromo. Funzione touch sul dorso dell'indice. MANO: Palmo in pelle sintetica. MANO SUPERIORE: Poliestere. DITA: Punta delle dita rinforzata. CONFEZIONE: 3 paia\/fagotto. Fagotto infrangibile. Fornito a coppie. Prezzo\/paio. 96 paia\/scatola. CAMPO DI APPLICAZIONE: Ambienti sporchi. Lavori di assemblaggio. Lavori di precisione. DISPLAY: 1 informazione per l'utente\/coppia. Banner di carta sul mazzo per facilitare la manipolazione. Ganci di carta con dimensioni. TESSUTO: marrone. nero. CERTIFICAZIONE: EN 388 (1111X). DPI Cat 2<\/p>\n<p>PU, poliestere<\/p>","protected":false},"excerpt":{"rendered":"<p>Ein d\u00fcnner Pr\u00e4zisionshandschuh mit extrem guter Passform, gefertigt aus hochwertigem Kunstleder und mit kurzer Stulpe. Trotz seines d\u00fcnnen Materials bietet der Handschuh eine hohe Strapazierf\u00e4higkeit. Die Touch-Funktion auf der R\u00fcckseite des Zeigefingers erm\u00f6glicht die Bedienung von Bildschirmen, ohne den Handschuh ausziehen zu m\u00fcssen. Dieser bequeme Handschuh ist ideal f\u00fcr Pr\u00e4zisionsarbeiten in Arbeitsbereichen, die ein hohes [&hellip;]<\/p>\n","protected":false},"featured_media":666563,"template":"","meta":[],"product_brand":[],"product_cat":[4180],"product_tag":[],"class_list":{"0":"post-666519","1":"product","2":"type-product","3":"status-publish","4":"has-post-thumbnail","6":"product_cat-handschuhe","7":"pa_brand-blaklaeder","8":"pa_brand-type-workwear","9":"pa_filter-color-orange","11":"first","12":"instock","13":"sale","14":"taxable","15":"shipping-taxable","16":"purchasable","17":"product-type-variable","18":"add-to-wishlist-before_image"},"exclude_global_add_ons":[],"addons":[],"acf":[],"_links":{"self":[{"href":"https:\/\/shop.kustom.ch\/it\/wp-json\/wp\/v2\/product\/666519"}],"collection":[{"href":"https:\/\/shop.kustom.ch\/it\/wp-json\/wp\/v2\/product"}],"about":[{"href":"https:\/\/shop.kustom.ch\/it\/wp-json\/wp\/v2\/types\/product"}],"wp:featuredmedia":[{"embeddable":true,"href":"https:\/\/shop.kustom.ch\/it\/wp-json\/wp\/v2\/media\/666563"}],"wp:attachment":[{"href":"https:\/\/shop.kustom.ch\/it\/wp-json\/wp\/v2\/media?parent=666519"}],"wp:term":[{"taxonomy":"product_brand","embeddable":true,"href":"https:\/\/shop.kustom.ch\/it\/wp-json\/wp\/v2\/product_brand?post=666519"},{"taxonomy":"product_cat","embeddable":true,"href":"https:\/\/shop.kustom.ch\/it\/wp-json\/wp\/v2\/product_cat?post=666519"},{"taxonomy":"product_tag","embeddable":true,"href":"https:\/\/shop.kustom.ch\/it\/wp-json\/wp\/v2\/product_tag?post=666519"}],"curies":[{"name":"wp","href":"https:\/\/api.w.org\/{rel}","templated":true}]}}