{"id":666514,"date":"2025-04-29T19:32:31","date_gmt":"2025-04-29T18:32:31","guid":{"rendered":"https:\/\/shop.kustom.ch\/?post_type=product&#038;p=666514"},"modified":"2026-03-31T08:39:40","modified_gmt":"2026-03-31T07:39:40","slug":"flatbrim-kappe-flexible","status":"publish","type":"product","link":"https:\/\/shop.kustom.ch\/it\/prodotto\/flatbrim-kappe-flexible\/","title":{"rendered":"Cappello a tesa piatta Flessibile"},"content":{"rendered":"<p>Un berretto di alta qualit\u00e0 con tesa piatta e materiale elasticizzato per un'esperienza particolarmente confortevole. Presenta dettagli interni raffinati e una morbida fascia antisudore per le giornate calde. Eccellenti aree di branding su tutto il perimetro per ricami e stampe transfer. Chiusura a scatto sul retro.<\/p>\n<p>FUNZIONALIT\u00c0: elasticizzato a 2 vie. DETTAGLI: Logo Bl\u00e5kl\u00e4der intrecciato sul retro. Adesivo sulla visiera. Regolabile con snapback. Tesa piatta. Fascia elastica in vita. Buone superfici per le rifiniture. ISTRUZIONI DI LAVAGGIO: Lavare a mano. Non candeggiare. Non stirare. Non lavare a secco. Non centrifugare. CARATTERISTICHE PRINCIPALI: Unisex. MISURA: 57-60 cm. SIMBOLI: elasticizzato a 2 vie.<\/p>\n<p>97% poliestere, 3% elastan<\/p>","protected":false},"excerpt":{"rendered":"<p>Eine hochwertige Kappe mit flachem Rand und Stretchmaterial f\u00fcr ein besonders komfortables Erlebnis. Sie verf\u00fcgt \u00fcber feine Innendetails und ein weiches Schweissband f\u00fcr warme Tage. Hervorragende Brandingfl\u00e4chen rundherum f\u00fcr Stickereien und Transferdrucke. Snapback-Verschluss auf der R\u00fcckseite. FUNKTIONALIT\u00c4T: 2-Wege-Stretch. DETAILS: Gewebtes Bl\u00e5kl\u00e4der Logo hinten. Aufkleber am Visier. Einstellbar mit Snapback. Flache Krempe. Gummibund. Gute Oberfl\u00e4chen f\u00fcr [&hellip;]<\/p>\n","protected":false},"featured_media":666546,"template":"","meta":[],"product_brand":[],"product_cat":[4177,4209],"product_tag":[],"class_list":{"0":"post-666514","1":"product","2":"type-product","3":"status-publish","4":"has-post-thumbnail","6":"product_cat-caps-muetzen","7":"product_cat-zubehoer","8":"pa_brand-blaklaeder","9":"pa_brand-type-workwear","10":"pa_filter-color-blau","11":"pa_filter-color-schwarz","13":"first","14":"instock","15":"sale","16":"taxable","17":"shipping-taxable","18":"purchasable","19":"product-type-variable","20":"add-to-wishlist-before_image"},"exclude_global_add_ons":[],"addons":[],"acf":[],"_links":{"self":[{"href":"https:\/\/shop.kustom.ch\/it\/wp-json\/wp\/v2\/product\/666514"}],"collection":[{"href":"https:\/\/shop.kustom.ch\/it\/wp-json\/wp\/v2\/product"}],"about":[{"href":"https:\/\/shop.kustom.ch\/it\/wp-json\/wp\/v2\/types\/product"}],"wp:featuredmedia":[{"embeddable":true,"href":"https:\/\/shop.kustom.ch\/it\/wp-json\/wp\/v2\/media\/666546"}],"wp:attachment":[{"href":"https:\/\/shop.kustom.ch\/it\/wp-json\/wp\/v2\/media?parent=666514"}],"wp:term":[{"taxonomy":"product_brand","embeddable":true,"href":"https:\/\/shop.kustom.ch\/it\/wp-json\/wp\/v2\/product_brand?post=666514"},{"taxonomy":"product_cat","embeddable":true,"href":"https:\/\/shop.kustom.ch\/it\/wp-json\/wp\/v2\/product_cat?post=666514"},{"taxonomy":"product_tag","embeddable":true,"href":"https:\/\/shop.kustom.ch\/it\/wp-json\/wp\/v2\/product_tag?post=666514"}],"curies":[{"name":"wp","href":"https:\/\/api.w.org\/{rel}","templated":true}]}}