{"id":666449,"date":"2025-04-29T19:32:03","date_gmt":"2025-04-29T18:32:03","guid":{"rendered":"https:\/\/shop.kustom.ch\/?post_type=product&#038;p=666449"},"modified":"2026-03-31T08:39:36","modified_gmt":"2026-03-31T07:39:36","slug":"kappe-3","status":"publish","type":"product","link":"https:\/\/shop.kustom.ch\/it\/prodotto\/kappe-3\/","title":{"rendered":"Cappello"},"content":{"rendered":"<p>Un berretto di alta qualit\u00e0 con un design classico che non passa mai di moda. Presenta raffinati dettagli interni e una fascia antisudore per le giornate pi\u00f9 calde. Eccellenti aree di branding su tutto il perimetro per ricami e stampe transfer. Chiusura a scatto sul retro.<\/p>\n<p>DETTAGLI: Logo Bl\u00e5kl\u00e4der intrecciato sul retro. Regolabile con snapback. Buone superfici per le rifiniture. ISTRUZIONI DI LAVAGGIO: Lavare a mano. Non candeggiare. Non stirare. Non lavare a secco. Non centrifugare. CARATTERISTICHE PRINCIPALI: Unisex. MISURA: 57-60 cm<\/p>\n<p>100% Poliestere<\/p>","protected":false},"excerpt":{"rendered":"<p>Eine hochwertige Kappe mit klassischem Design, die nie aus der Mode kommt. Sie verf\u00fcgt \u00fcber feine Innendetails und ein Schweissband f\u00fcr warme Tage. Hervorragende Branding-Fl\u00e4chen rundum f\u00fcr Stickereien und Transferdrucke. Snapback-Verschluss auf der R\u00fcckseite. DETAILS: Gewebtes Bl\u00e5kl\u00e4der Logo hinten. Einstellbar mit Snapback. Gute Oberfl\u00e4chen f\u00fcr Veredelung. WASCHANLEITUNG: Handw\u00e4sche. Nicht bleichen. Nicht b\u00fcgeln. Nicht chemisch reinigen. [&hellip;]<\/p>\n","protected":false},"featured_media":666507,"template":"","meta":[],"product_brand":[],"product_cat":[4177,4209],"product_tag":[],"class_list":{"0":"post-666449","1":"product","2":"type-product","3":"status-publish","4":"has-post-thumbnail","6":"product_cat-caps-muetzen","7":"product_cat-zubehoer","8":"pa_brand-blaklaeder","9":"pa_brand-type-workwear","10":"pa_filter-color-blau","11":"pa_filter-color-grau","12":"pa_filter-color-schwarz","14":"first","15":"instock","16":"sale","17":"taxable","18":"shipping-taxable","19":"purchasable","20":"product-type-variable","21":"add-to-wishlist-before_image"},"exclude_global_add_ons":[],"addons":[],"acf":[],"_links":{"self":[{"href":"https:\/\/shop.kustom.ch\/it\/wp-json\/wp\/v2\/product\/666449"}],"collection":[{"href":"https:\/\/shop.kustom.ch\/it\/wp-json\/wp\/v2\/product"}],"about":[{"href":"https:\/\/shop.kustom.ch\/it\/wp-json\/wp\/v2\/types\/product"}],"wp:featuredmedia":[{"embeddable":true,"href":"https:\/\/shop.kustom.ch\/it\/wp-json\/wp\/v2\/media\/666507"}],"wp:attachment":[{"href":"https:\/\/shop.kustom.ch\/it\/wp-json\/wp\/v2\/media?parent=666449"}],"wp:term":[{"taxonomy":"product_brand","embeddable":true,"href":"https:\/\/shop.kustom.ch\/it\/wp-json\/wp\/v2\/product_brand?post=666449"},{"taxonomy":"product_cat","embeddable":true,"href":"https:\/\/shop.kustom.ch\/it\/wp-json\/wp\/v2\/product_cat?post=666449"},{"taxonomy":"product_tag","embeddable":true,"href":"https:\/\/shop.kustom.ch\/it\/wp-json\/wp\/v2\/product_tag?post=666449"}],"curies":[{"name":"wp","href":"https:\/\/api.w.org\/{rel}","templated":true}]}}