{"id":666355,"date":"2025-04-29T19:31:29","date_gmt":"2025-04-29T18:31:29","guid":{"rendered":"https:\/\/shop.kustom.ch\/?post_type=product&#038;p=666355"},"modified":"2026-03-31T08:16:42","modified_gmt":"2026-03-31T07:16:42","slug":"high-vis-arbeitshose-4-wege-stretch-3","status":"publish","type":"product","link":"https:\/\/shop.kustom.ch\/it\/prodotto\/high-vis-arbeitshose-4-wege-stretch-3\/","title":{"rendered":"Pantaloni da lavoro High Vis elasticizzati in 4 direzioni"},"content":{"rendered":"<p>Un pantalone ad alta visibilit\u00e0 con elastico a 4 vie morbido e flessibile che offre davvero il massimo del comfort e della visibilit\u00e0 quando \u00e8 pi\u00f9 necessario. \u00c8 dotato di strisce riflettenti segmentate e di tasche per ginocchiere che garantiscono protezione e comfort quando ci si inginocchia. Dotato di dispositivi di fissaggio per le borse portautensili CORDURA\u00ae (art. 2170), vendute separatamente.<\/p>\n<p>FUNZIONALIT\u00c0: gambe dei pantaloni particolarmente ergonomiche. DETTAGLI: Tasca per carte d'identit\u00e0 staccabile. Anello a D. Bottoni in metallo. Portacoltelli con bottone. Zip in plastica sul cavallo. Ampi passanti per cintura sul retro e sui lati. Due passanti sui lati con bottone per il portamartello. Anello a D sulla cintura. TASCHE: Tasca sulla gamba con soffietto e patta con chiusura a velcro e tasca interna per cellulare in rete. Tasche posteriori rinforzate con soffietti. Tasche per ginocchiere. Tasche laterali. Supporti prefabbricati per tasche portautensili staccabili. Le tasche portautensili CORDURA\u00ae sono vendute separatamente (art. 2170). Tasca rinforzata per regolo pieghevole con portacoltelli e portapenne. RINFORZI: rinforzi in CORDURA\u00ae sulle ginocchia e sulle tasche. REFLEX: materiale riflettente intorno alle gambe. ISTRUZIONI DI LAVAGGIO: Numero di lavaggi: 50. 60\u00b0 C. Non candeggiare. Non stirare. Non lavare a secco. Asciugare in asciugatrice a bassa temperatura. PROPRIET\u00c0 PRINCIPALI: Artigiani. Lavoratori stradali ed edili. EN 14004. EN ISO 20471. TESSUTO: Uomo. blu. Giallo alta visibilit\u00e0. Arancione ad alta visibilit\u00e0. Rosso alto-vis. Tasche per ginocchiere. Stretch. Stretch. Alta visibilit\u00e0. USP: stretch a 4 vie. Tasche per ginocchiere rinforzate in CORDURA\u00ae. Strisce riflettenti segmentate. Tasche rinforzate. Gambe preformate. CERTIFICAZIONE: EN 14404:2004+A1:2010 insieme alle ginocchiere 4027, 4057, 4058 e 4032. EN ISO 20471, classe 2. gruppo di certificazione Y<\/p>\n<p>100% poliestere, doppio tessuto, elasticizzato in 4 direzioni, 260 g\/m\u00b2<\/p>","protected":false},"excerpt":{"rendered":"<p>Eine hochsichtbare Hose mit weichem und flexiblem 4-Wege-Stretch, die wirklich ultimativen Komfort und Sichtbarkeit bietet, wenn sie am meisten gebraucht wird. Sie verf\u00fcgt \u00fcber segmentierte Reflexstreifen und Kniepolstertaschen f\u00fcr Schutz und Komfort bei knienden T\u00e4tigkeiten. Ausgestattet mit Vorrichtungen f\u00fcr die Befestigung von CORDURA\u00ae-Werkzeugtaschen (Art. 2170), separat erh\u00e4ltlich. FUNKTIONALIT\u00c4T: Besonders ergonomisch geformte Hosenbeine. DETAILS: Abnehmbare Ausweistasche. [&hellip;]<\/p>\n","protected":false},"featured_media":666356,"template":"","meta":[],"product_brand":[],"product_cat":[4185],"product_tag":[],"class_list":{"0":"post-666355","1":"product","2":"type-product","3":"status-publish","4":"has-post-thumbnail","6":"product_cat-hosen","7":"pa_brand-blaklaeder","8":"pa_brand-type-workwear","9":"pa_filter-color-blau","10":"pa_filter-color-gelb","11":"pa_filter-color-orange","12":"pa_filter-color-rot","13":"pa_filter-color-schwarz","15":"first","16":"instock","17":"sale","18":"taxable","19":"shipping-taxable","20":"purchasable","21":"product-type-variable","22":"add-to-wishlist-before_image"},"exclude_global_add_ons":[],"addons":[],"acf":[],"_links":{"self":[{"href":"https:\/\/shop.kustom.ch\/it\/wp-json\/wp\/v2\/product\/666355"}],"collection":[{"href":"https:\/\/shop.kustom.ch\/it\/wp-json\/wp\/v2\/product"}],"about":[{"href":"https:\/\/shop.kustom.ch\/it\/wp-json\/wp\/v2\/types\/product"}],"wp:featuredmedia":[{"embeddable":true,"href":"https:\/\/shop.kustom.ch\/it\/wp-json\/wp\/v2\/media\/666356"}],"wp:attachment":[{"href":"https:\/\/shop.kustom.ch\/it\/wp-json\/wp\/v2\/media?parent=666355"}],"wp:term":[{"taxonomy":"product_brand","embeddable":true,"href":"https:\/\/shop.kustom.ch\/it\/wp-json\/wp\/v2\/product_brand?post=666355"},{"taxonomy":"product_cat","embeddable":true,"href":"https:\/\/shop.kustom.ch\/it\/wp-json\/wp\/v2\/product_cat?post=666355"},{"taxonomy":"product_tag","embeddable":true,"href":"https:\/\/shop.kustom.ch\/it\/wp-json\/wp\/v2\/product_tag?post=666355"}],"curies":[{"name":"wp","href":"https:\/\/api.w.org\/{rel}","templated":true}]}}