{"id":666247,"date":"2025-04-29T19:29:35","date_gmt":"2025-04-29T18:29:35","guid":{"rendered":"https:\/\/shop.kustom.ch\/?post_type=product&#038;p=666247"},"modified":"2026-03-31T09:11:32","modified_gmt":"2026-03-31T08:11:32","slug":"damen-service-arbeitshose-stretch-3","status":"publish","type":"product","link":"https:\/\/shop.kustom.ch\/it\/prodotto\/damen-service-arbeitshose-stretch-3\/","title":{"rendered":"Pantaloni da lavoro da donna elasticizzati"},"content":{"rendered":"<p>Moderni pantaloni da lavoro di servizio realizzati in un materiale leggero ma resistente all'abrasione, con funzione di asciugatura rapida, che li rende ideali per lavorare in ambienti interni o caldi. Questo modello ha un taglio pi\u00f9 stretto e ginocchia preformate per un maggiore comfort. Per una libert\u00e0 di movimento ottimale, abbiamo inserito inserti elasticizzati in aree accuratamente selezionate, come fianchi, ginocchia e cavallo. I pantaloni sono dotati di una tasca per penne e coltelli per utenti destri e mancini, di una tasca interna per cellulare in rete e di un orlo della gamba estensibile. Prodotto ed etichettato secondo lo standard OEKO-TEX\u00ae MADE IN GREENLo standard OEKO-TEX\u00ae MADE IN GREEN garantisce che i prodotti tessili e in pelle siano prodotti in modo sostenibile e socialmente responsabile, siano privi di sostanze nocive e completamente tracciabili. Questo garantisce un prodotto sicuro e rispettoso dell'ambiente.Scopri di pi\u00f9 sui sigilli di sostenibilit\u00e0 presenti sui nostri capi.<\/p>\n<p>FUNZIONALIT\u00c0: Inserti elasticizzati al cavallo, alle ginocchia e alla seduta, con gambe dei pantaloni dalla forma ergonomica. Taglia donna. DETTAGLI: Zip in plastica sul cavallo. Anello a D sulla cintura. Vita elasticizzata. TASCHE: Tasche sulle gambe con soffietto, zip, tasca per penna e coltello. Tasca interna per cellulare. Tasche laterali. Tasca interna porta metro pieghevole. CHIUSURA: possibilit\u00e0 di estensione sul fondo gamba, non applicabile alle taglie D. ISTRUZIONI DI LAVAGGIO: 40\u00b0 C. Stirare a bassa temperatura. Non candeggiare. Non lavare a secco. Non centrifugare. PRINCIPALI COMPITI: Autista. Addetto al giardinaggio. Addetto al magazzino. Addetto alle pulizie. Addetto ai servizi. TESSUTO: Donna. Disponibile per uomo e donna. marrone. nero. Leggero. Inserto elasticizzato. Industria \/ Servizio. Stretch. Unite. USP: Vestibilit\u00e0 regolare. Inserti elasticizzati. Gambe preformate<\/p>\n<p>65% poliestere, 35% cotone, tessuto fine, 166g\/m\u00b2<\/p>","protected":false},"excerpt":{"rendered":"<p>Moderne Service-Arbeitshose aus einem leichtem aber trotzdem abriebfestem Material, mit schnelltrocknender Funktion &#8211; deshalb ist die Bundhose ideal f\u00fcr Arbeiten drinnen oder in warmer Umgebung. Dieses Modell ist enger geschnitten und hat vorgeformte Knie f\u00fcr erh\u00f6hten Tragekomfort. F\u00fcr optimale Bewegungsfreiheit habe wir Stretch-Eins\u00e4tze an sorgf\u00e4ltig ausgew\u00e4hlten Stellen platziert, wie zum Beispiel an den H\u00fcften, Knien [&hellip;]<\/p>\n","protected":false},"featured_media":666261,"template":"","meta":[],"product_brand":[],"product_cat":[4185],"product_tag":[],"class_list":{"0":"post-666247","1":"product","2":"type-product","3":"status-publish","4":"has-post-thumbnail","6":"product_cat-hosen","7":"pa_brand-blaklaeder","8":"pa_brand-type-workwear","9":"pa_filter-color-gruen","10":"pa_filter-color-orange","11":"pa_filter-color-schwarz","13":"first","14":"instock","15":"sale","16":"taxable","17":"shipping-taxable","18":"purchasable","19":"product-type-variable","20":"add-to-wishlist-before_image"},"exclude_global_add_ons":[],"addons":[],"acf":[],"_links":{"self":[{"href":"https:\/\/shop.kustom.ch\/it\/wp-json\/wp\/v2\/product\/666247"}],"collection":[{"href":"https:\/\/shop.kustom.ch\/it\/wp-json\/wp\/v2\/product"}],"about":[{"href":"https:\/\/shop.kustom.ch\/it\/wp-json\/wp\/v2\/types\/product"}],"wp:featuredmedia":[{"embeddable":true,"href":"https:\/\/shop.kustom.ch\/it\/wp-json\/wp\/v2\/media\/666261"}],"wp:attachment":[{"href":"https:\/\/shop.kustom.ch\/it\/wp-json\/wp\/v2\/media?parent=666247"}],"wp:term":[{"taxonomy":"product_brand","embeddable":true,"href":"https:\/\/shop.kustom.ch\/it\/wp-json\/wp\/v2\/product_brand?post=666247"},{"taxonomy":"product_cat","embeddable":true,"href":"https:\/\/shop.kustom.ch\/it\/wp-json\/wp\/v2\/product_cat?post=666247"},{"taxonomy":"product_tag","embeddable":true,"href":"https:\/\/shop.kustom.ch\/it\/wp-json\/wp\/v2\/product_tag?post=666247"}],"curies":[{"name":"wp","href":"https:\/\/api.w.org\/{rel}","templated":true}]}}