{"id":666183,"date":"2025-04-29T19:29:07","date_gmt":"2025-04-29T18:29:07","guid":{"rendered":"https:\/\/shop.kustom.ch\/?post_type=product&#038;p=666183"},"modified":"2026-03-31T09:10:35","modified_gmt":"2026-03-31T08:10:35","slug":"damen-handwerkershorts-stretch","status":"publish","type":"product","link":"https:\/\/shop.kustom.ch\/it\/prodotto\/damen-handwerkershorts-stretch\/","title":{"rendered":"Pantaloncini artigianali da donna elasticizzati"},"content":{"rendered":"<p>Pantaloncini artigianali comodi e leggeri, con vestibilit\u00e0 femminile e cintura regolabile in altezza. I pantaloncini sono realizzati in un sottile materiale elasticizzato a 2 vie e sono dotati di inserti elasticizzati a 4 vie che offrono il massimo comfort dove \u00e8 pi\u00f9 necessario. Dotati di tasche porta chiodi, pratiche tasche con rinforzo, tasca porta metro pieghevole, tasche anteriori e passante per porta martello sul lato destro e sinistro. Disponibile anche come modello da uomo 1752.<\/p>\n<p>FUNZIONALIT\u00c0: elasticizzato a 2 vie. Elastico a 4 vie. Taglia donna. DETTAGLI: Tasca per carte d'identit\u00e0 staccabile. Bottoni in metallo. Portacoltelli con bottone. Zip in plastica sul cavallo. Ampio passante sul retro. Due passanti sui lati con bottone per il portamartello. Anello a D sulla cintura. Vita regolabile. TASCHE: Tasca sulla gamba con soffietto e patta con chiusura a velcro e tasca interna per cellulare in rete. Tasca sulla gamba con portamatite. Tasche posteriori rinforzate con soffietti. Tasche laterali. Tasche portautensili - con portautensili e tasca supplementare con cerniera. Tasca rinforzata per regolo pieghevole con portacoltelli e portapenne. RINFORZO: tasche per chiodi rinforzate in CORDURA\u00ae. ISTRUZIONI DI LAVAGGIO: 40\u00b0 C. Non candeggiare. Non stirare. Non lavare a secco. Non centrifugare. PROPRIET\u00c0 PRINCIPALI: Elettricista. Giardiniere. Tuttofare. Magazziniere. Lattoniere. Signore. Disponibile per uomo e donna. TESSUTO: Donna. Disponibile per uomo e donna. blu. grigio. nero. elasticizzato. Tasche per attrezzi. Artigianato. elasticizzato. USP: stretch a 2 vie. Tasche portautensili rinforzate in CORDURA\u00ae. Inserti elasticizzati<\/p>\n<p>63% poliestere, 33% cotone, 4% elastofin, twill, elasticizzato, 260 g\/m\u00b2<\/p>","protected":false},"excerpt":{"rendered":"<p>Bequeme, leichte Handwerkershorts in Damenpassform mit h\u00f6henverstellbarem Bund. Die Shorts bestehen aus einem d\u00fcnneren 2-Wege-Stretch-Material und haben Eins\u00e4tze aus 4-Wege-Stretch, die den ultimativen Komfort dort bieten, wo er am meisten gebraucht wird. Ausgestattet mit Nageltaschen, praktischen Taschen mit Verst\u00e4rkung, Zollstocktasche, Vordertaschen und Schlaufe f\u00fcr Hammerhalter auf der linken und rechten Seite. Auch als Herrenmodell 1752 [&hellip;]<\/p>\n","protected":false},"featured_media":666193,"template":"","meta":[],"product_brand":[],"product_cat":[4198],"product_tag":[],"class_list":{"0":"post-666183","1":"product","2":"type-product","3":"status-publish","4":"has-post-thumbnail","6":"product_cat-shorts","7":"pa_brand-blaklaeder","8":"pa_brand-type-workwear","9":"pa_filter-color-blau","10":"pa_filter-color-grau","11":"pa_filter-color-gruen","12":"pa_filter-color-schwarz","14":"first","15":"instock","16":"sale","17":"taxable","18":"shipping-taxable","19":"purchasable","20":"product-type-variable","21":"add-to-wishlist-before_image"},"exclude_global_add_ons":[],"addons":[],"acf":[],"_links":{"self":[{"href":"https:\/\/shop.kustom.ch\/it\/wp-json\/wp\/v2\/product\/666183"}],"collection":[{"href":"https:\/\/shop.kustom.ch\/it\/wp-json\/wp\/v2\/product"}],"about":[{"href":"https:\/\/shop.kustom.ch\/it\/wp-json\/wp\/v2\/types\/product"}],"wp:featuredmedia":[{"embeddable":true,"href":"https:\/\/shop.kustom.ch\/it\/wp-json\/wp\/v2\/media\/666193"}],"wp:attachment":[{"href":"https:\/\/shop.kustom.ch\/it\/wp-json\/wp\/v2\/media?parent=666183"}],"wp:term":[{"taxonomy":"product_brand","embeddable":true,"href":"https:\/\/shop.kustom.ch\/it\/wp-json\/wp\/v2\/product_brand?post=666183"},{"taxonomy":"product_cat","embeddable":true,"href":"https:\/\/shop.kustom.ch\/it\/wp-json\/wp\/v2\/product_cat?post=666183"},{"taxonomy":"product_tag","embeddable":true,"href":"https:\/\/shop.kustom.ch\/it\/wp-json\/wp\/v2\/product_tag?post=666183"}],"curies":[{"name":"wp","href":"https:\/\/api.w.org\/{rel}","templated":true}]}}