{"id":666119,"date":"2025-04-29T19:28:43","date_gmt":"2025-04-29T18:28:43","guid":{"rendered":"https:\/\/shop.kustom.ch\/?post_type=product&#038;p=666119"},"modified":"2026-03-31T09:10:11","modified_gmt":"2026-03-31T08:10:11","slug":"damen-handwerkershorts-4-wege-stretch","status":"publish","type":"product","link":"https:\/\/shop.kustom.ch\/it\/prodotto\/damen-handwerkershorts-4-wege-stretch\/","title":{"rendered":"Pantaloncini artigianali da donna elasticizzati in 4 direzioni"},"content":{"rendered":"<p>Pantaloncini da artigiano con vestibilit\u00e0 femminile, realizzati in un materiale leggermente pi\u00f9 sottile ed elasticizzato in 4 direzioni che offre davvero il massimo del comfort. Con tasche per fondina staccabili, tasche posteriori con soffietto, tasca per regolo pieghevole e passanti per portamartello sul lato destro e sinistro. Disponibile anche come modello 1702 da uomo.<\/p>\n<p>FUNZIONALIT\u00c0: 4 vie elasticizzate. DETTAGLI: Tasca per carte d'identit\u00e0 staccabile. Bottoni in metallo. Portacoltelli con bottone. Cucitura al cavallo con doppia cucitura. Zip in plastica sul cavallo. Due passanti sui lati con bottone per il portamartello. Anello a D sulla cintura. TASCHE: Tasche posteriori rinforzate con soffietti. Tasche con soffietto, portapenne e portacoltelli. Patta con bottone magnetico nascosto. Tasche laterali. Tasche portautensili - staccabili con portautensili e una tasca supplementare con cerniera. Tasca rinforzata per regolo pieghevole con portacoltelli e portapenne. RINFORZO: rinforzo in CORDURA\u00ae sulle tasche anteriori, sulle tasche posteriori, sulla tasca del righello e sulle tasche delle gambe. ISTRUZIONI DI LAVAGGIO: 40\u00b0 C. Non candeggiare. Non stirare. Non lavare a secco. Non centrifugare. PROPRIET\u00c0 PRINCIPALI: Elettricista. Giardiniere. Tuttofare. Magazziniere. Lattoniere. Signore. TESSUTO: Donna. blu. grigio. nero. elastico. Borse per attrezzi. artigianali. elasticizzato. USP: stretch a 4 vie. Tasche portautensili staccabili<\/p>\n<p>Poliammide 92%, elastan 8%, doppio tessuto, elasticizzato in 4 direzioni, 230 g\/m\u00b2.<\/p>","protected":false},"excerpt":{"rendered":"<p>Handwerkershorts in Damenpassform aus einem etwas d\u00fcnneren 4-Wege-Stretch-Material, das wirklich den ultimativen Komfort bietet. Mit abnehmbaren Holstertaschen, Ges\u00e4sstaschen mit Balg, Zollstocktasche und Schlaufen f\u00fcr Hammerhalter auf der linken und rechten Seite. Ebenfalls erh\u00e4ltlich als Herrenmodell 1702. FUNKTIONALIT\u00c4T: 4-Wege-Stretch. DETAILS: Abnehmbare Ausweistasche. Metallkn\u00f6pfe. Messerhalter mit Knopf. Schrittnaht als Zweifachnaht. Kunststoff-Reissverschluss im Schritt. Zwei Schlaufen an den [&hellip;]<\/p>\n","protected":false},"featured_media":666153,"template":"","meta":[],"product_brand":[],"product_cat":[4198],"product_tag":[],"class_list":{"0":"post-666119","1":"product","2":"type-product","3":"status-publish","4":"has-post-thumbnail","6":"product_cat-shorts","7":"pa_brand-blaklaeder","8":"pa_brand-type-workwear","9":"pa_filter-color-blau","10":"pa_filter-color-grau","11":"pa_filter-color-schwarz","13":"first","14":"instock","15":"sale","16":"taxable","17":"shipping-taxable","18":"purchasable","19":"product-type-variable","20":"add-to-wishlist-before_image"},"exclude_global_add_ons":[],"addons":[],"acf":[],"_links":{"self":[{"href":"https:\/\/shop.kustom.ch\/it\/wp-json\/wp\/v2\/product\/666119"}],"collection":[{"href":"https:\/\/shop.kustom.ch\/it\/wp-json\/wp\/v2\/product"}],"about":[{"href":"https:\/\/shop.kustom.ch\/it\/wp-json\/wp\/v2\/types\/product"}],"wp:featuredmedia":[{"embeddable":true,"href":"https:\/\/shop.kustom.ch\/it\/wp-json\/wp\/v2\/media\/666153"}],"wp:attachment":[{"href":"https:\/\/shop.kustom.ch\/it\/wp-json\/wp\/v2\/media?parent=666119"}],"wp:term":[{"taxonomy":"product_brand","embeddable":true,"href":"https:\/\/shop.kustom.ch\/it\/wp-json\/wp\/v2\/product_brand?post=666119"},{"taxonomy":"product_cat","embeddable":true,"href":"https:\/\/shop.kustom.ch\/it\/wp-json\/wp\/v2\/product_cat?post=666119"},{"taxonomy":"product_tag","embeddable":true,"href":"https:\/\/shop.kustom.ch\/it\/wp-json\/wp\/v2\/product_tag?post=666119"}],"curies":[{"name":"wp","href":"https:\/\/api.w.org\/{rel}","templated":true}]}}