{"id":666061,"date":"2025-04-29T19:28:16","date_gmt":"2025-04-29T18:28:16","guid":{"rendered":"https:\/\/shop.kustom.ch\/?post_type=product&#038;p=666061"},"modified":"2026-03-31T09:09:59","modified_gmt":"2026-03-31T08:09:59","slug":"damen-handwerkerhose-4-wege-stretch","status":"publish","type":"product","link":"https:\/\/shop.kustom.ch\/it\/prodotto\/damen-handwerkerhose-4-wege-stretch\/","title":{"rendered":"Pantaloni artigianali da donna elasticizzati in 4 direzioni"},"content":{"rendered":"<p>Pantaloni artigianali con vestibilit\u00e0 femminile realizzati in un materiale leggermente pi\u00f9 sottile ed elasticizzato in 4 direzioni che offre il massimo comfort. I pantaloni hanno una vestibilit\u00e0 pi\u00f9 sottile, un aspetto pi\u00f9 aderente e una vita alta e regolabile per un maggiore comfort. Tasche per fondina staccabili, tasche posteriori con soffietto, tasca per righello e passanti per portamartello sul lato destro e sinistro. Le tasche elasticizzate in CORDURA\u00ae per le ginocchia offrono protezione e comfort quando ci si inginocchia. Disponibile anche come modello 1720 da uomo.<\/p>\n<p>FUNZIONALIT\u00c0: 4 vie elasticizzate. DETTAGLI: Tasca per carte d'identit\u00e0 staccabile. Bottoni in metallo. Portacoltelli con bottone. Zip in plastica sul cavallo. Due passanti sui lati con bottone per il portamartello. Anello a D sulla cintura. TASCHE: Tasche posteriori rinforzate con soffietti. Tasche esterne per ginocchiere. Tasche con soffietto, portapenne e portacoltelli. Patta con bottone magnetico nascosto. Tasche laterali. Tasche portautensili - staccabili con portautensili e una tasca supplementare con cerniera. Tasca rinforzata per regolo pieghevole con portacoltelli e portapenne. RINFORZO: tasche per ginocchiere rinforzate in CORDURA\u00ae. Rinforzo in CORDURA\u00ae su tasche sospese, tasche posteriori, tasca per righello, tasche per le gambe, ginocchia e bordo inferiore. REFLEX: dettagli riflettenti sulla gamba. Chiusura: estremit\u00e0 delle gambe con rinforzo in CORDURA\u00ae. ISTRUZIONI DI LAVAGGIO: 40\u00b0 C. Non candeggiare. Non stirare. Non lavare a secco. Non centrifugare. PROPRIET\u00c0 PRINCIPALI: Elettricista. Giardiniere. Tuttofare. Magazziniere. Lattoniere. EN 14004. TESSUTO: Donna. Disponibile per uomo e donna. blu. grigio. nero. Tasche per ginocchiere. Stretch. Tasche per attrezzi. Artigianale. Stretch. USP: stretch a 4 vie. Tasche portautensili staccabili. Vestibilit\u00e0 aderente. Tasche per ginocchiere in CORDURA\u00ae stretch rinforzato. Rinforzi sulle tasche e sulle estremit\u00e0 delle gambe. Gambe preformate. CERTIFICAZIONE: EN 14404:2004+A1:2010 insieme alle ginocchiere 4027, 4057, 4058 e 4032.<\/p>\n<p>Poliammide 92%, elastan 8%, doppio tessuto, elasticizzato in 4 direzioni, 230 g\/m\u00b2.<\/p>","protected":false},"excerpt":{"rendered":"<p>Handwerkerhose in Damenpassform aus einem etwas d\u00fcnneren 4-Wege-Stretch-Material, das wirklich den ultimativen Komfort bietet. Die Hose hat eine schlankere Passform, einen engeren Look und eine hohe und verstellbare Taille f\u00fcr erh\u00f6hte Bequemlichkeit. Abnehmbare Holstertaschen, Ges\u00e4sstaschen mit Balg, Zollstocktasche und Schlaufen f\u00fcr Hammerhalter auf der linken und rechten Seite. Knietaschen aus CORDURA\u00ae-Stretch bieten Schutz und Komfort [&hellip;]<\/p>\n","protected":false},"featured_media":666086,"template":"","meta":[],"product_brand":[],"product_cat":[4185],"product_tag":[],"class_list":{"0":"post-666061","1":"product","2":"type-product","3":"status-publish","4":"has-post-thumbnail","6":"product_cat-hosen","7":"pa_brand-blaklaeder","8":"pa_brand-type-workwear","9":"pa_filter-color-blau","10":"pa_filter-color-grau","11":"pa_filter-color-schwarz","13":"first","14":"instock","15":"sale","16":"taxable","17":"shipping-taxable","18":"purchasable","19":"product-type-variable","20":"add-to-wishlist-before_image"},"exclude_global_add_ons":[],"addons":[],"acf":[],"_links":{"self":[{"href":"https:\/\/shop.kustom.ch\/it\/wp-json\/wp\/v2\/product\/666061"}],"collection":[{"href":"https:\/\/shop.kustom.ch\/it\/wp-json\/wp\/v2\/product"}],"about":[{"href":"https:\/\/shop.kustom.ch\/it\/wp-json\/wp\/v2\/types\/product"}],"wp:featuredmedia":[{"embeddable":true,"href":"https:\/\/shop.kustom.ch\/it\/wp-json\/wp\/v2\/media\/666086"}],"wp:attachment":[{"href":"https:\/\/shop.kustom.ch\/it\/wp-json\/wp\/v2\/media?parent=666061"}],"wp:term":[{"taxonomy":"product_brand","embeddable":true,"href":"https:\/\/shop.kustom.ch\/it\/wp-json\/wp\/v2\/product_brand?post=666061"},{"taxonomy":"product_cat","embeddable":true,"href":"https:\/\/shop.kustom.ch\/it\/wp-json\/wp\/v2\/product_cat?post=666061"},{"taxonomy":"product_tag","embeddable":true,"href":"https:\/\/shop.kustom.ch\/it\/wp-json\/wp\/v2\/product_tag?post=666061"}],"curies":[{"name":"wp","href":"https:\/\/api.w.org\/{rel}","templated":true}]}}