{"id":666001,"date":"2025-04-29T19:27:46","date_gmt":"2025-04-29T18:27:46","guid":{"rendered":"https:\/\/shop.kustom.ch\/?post_type=product&#038;p=666001"},"modified":"2026-03-31T09:03:31","modified_gmt":"2026-03-31T08:03:31","slug":"damen-microfleece-jacke-3","status":"publish","type":"product","link":"https:\/\/shop.kustom.ch\/it\/prodotto\/damen-microfleece-jacke-3\/","title":{"rendered":"Giacca da donna in micropile"},"content":{"rendered":"<p>Giacca calda, confortevole e molto utile, con vestibilit\u00e0 femminile. Realizzata in micropile con griglia sui lati. Appartiene alla famiglia Unite e offre eccellenti opzioni di stampa. Disponibile anche come modello 4765 da uomo.<\/p>\n<p>FUNZIONALIT\u00c0: Taglia da donna. Vestibilit\u00e0 slim. TASCHE: Tasche anteriori con cerniera. CHIUSURA ANTERIORE: Zip in plastica a 2 vie. Patta antivento interna. CHIUSURA: Estesa sul retro. ISTRUZIONI DI LAVAGGIO: 40\u00b0 C. Non candeggiare. Non stirare. Non lavare a secco. Non centrifugare. PROPRIET\u00c0 PRINCIPALI: Pavimentazione. Tettoia. Autista. Pescatore. Giardiniere. Tuttofare. Boscaiolo. Idraulico. Magazziniere. Muratore \/ piastrellista. Meccanico. Addetto alle pulizie. Addetto ai servizi. Idraulico. Donne. Disponibile per uomo e donna. TESSUTO: Donna. Disponibile per uomo e donna. blu. Giallo alta visibilit\u00e0. Unita. Vento \/ bagnato \/ freddo<\/p>\n<p>100 poliestere %, micropile, anti-pilling, 170 g\/m\u00b2<\/p>","protected":false},"excerpt":{"rendered":"<p>Warme, bequeme und sehr n\u00fctzliche Jacke in Damenpassform. Hergestellt aus Mikrofleece mit Grid-Fleece an den Seiten. Geh\u00f6rt zur Unite-Familie und bietet hervorragende Optionen f\u00fcr Aufdrucke. Auch erh\u00e4ltlich als Herrenmodell 4765. FUNKTIONALIT\u00c4T: Damengr\u00f6sse. Slim Fit. TASCHEN: Vordertaschen mit Reissverschl\u00fcssen. FRONTVERSCHLUSS: 2-Wege-Reissverschluss aus Kunststoff. Windleiste innen. ABSCHLUSS: Verl\u00e4ngerter R\u00fccken. WASCHANLEITUNG: 40\u00b0 C. Nicht bleichen. Nicht b\u00fcgeln. Nicht [&hellip;]<\/p>\n","protected":false},"featured_media":666045,"template":"","meta":[],"product_brand":[],"product_cat":[4186],"product_tag":[],"class_list":{"0":"post-666001","1":"product","2":"type-product","3":"status-publish","4":"has-post-thumbnail","6":"product_cat-jacken","7":"pa_brand-blaklaeder","8":"pa_brand-type-workwear","9":"pa_filter-color-blau","10":"pa_filter-color-gelb","11":"pa_filter-color-grau","12":"pa_filter-color-rot","13":"pa_filter-color-schwarz","15":"first","16":"instock","17":"sale","18":"taxable","19":"shipping-taxable","20":"purchasable","21":"product-type-variable","22":"add-to-wishlist-before_image"},"exclude_global_add_ons":[],"addons":[],"acf":[],"_links":{"self":[{"href":"https:\/\/shop.kustom.ch\/it\/wp-json\/wp\/v2\/product\/666001"}],"collection":[{"href":"https:\/\/shop.kustom.ch\/it\/wp-json\/wp\/v2\/product"}],"about":[{"href":"https:\/\/shop.kustom.ch\/it\/wp-json\/wp\/v2\/types\/product"}],"wp:featuredmedia":[{"embeddable":true,"href":"https:\/\/shop.kustom.ch\/it\/wp-json\/wp\/v2\/media\/666045"}],"wp:attachment":[{"href":"https:\/\/shop.kustom.ch\/it\/wp-json\/wp\/v2\/media?parent=666001"}],"wp:term":[{"taxonomy":"product_brand","embeddable":true,"href":"https:\/\/shop.kustom.ch\/it\/wp-json\/wp\/v2\/product_brand?post=666001"},{"taxonomy":"product_cat","embeddable":true,"href":"https:\/\/shop.kustom.ch\/it\/wp-json\/wp\/v2\/product_cat?post=666001"},{"taxonomy":"product_tag","embeddable":true,"href":"https:\/\/shop.kustom.ch\/it\/wp-json\/wp\/v2\/product_tag?post=666001"}],"curies":[{"name":"wp","href":"https:\/\/api.w.org\/{rel}","templated":true}]}}