{"id":666000,"date":"2025-04-29T19:27:46","date_gmt":"2025-04-29T18:27:46","guid":{"rendered":"https:\/\/shop.kustom.ch\/?post_type=product&#038;p=666000"},"modified":"2026-03-31T08:37:00","modified_gmt":"2026-03-31T07:37:00","slug":"maler-piraten-shorts-mit-stretch","status":"publish","type":"product","link":"https:\/\/shop.kustom.ch\/it\/prodotto\/maler-piraten-shorts-mit-stretch\/","title":{"rendered":"Pantaloncini pirata da pittore con elastico"},"content":{"rendered":"<p>Comodi pantaloni da pirata con tasche per attrezzi, tasche esterne per ginocchiere e inserti elasticizzati in aree accuratamente selezionate come il cavallo, le ginocchia e la seduta per una maggiore mobilit\u00e0 e comfort. L'elevato contenuto di cotone rende il tessuto altamente assorbente. I pantaloni sono dotati di numerose tasche funzionali e di rinforzi in CORDURA\u00ae nelle tasche per spatole e chiodi. Disponibile anche come modello da donna 7109.<\/p>\n<p>FUNZIONALIT\u00c0: inserto elasticizzato su cavallo, ginocchia, fianchi e polpaccio. Gambe dei pantaloni particolarmente ergonomiche. DETTAGLI: Zip in plastica sul cavallo. Anello a D sulla cintura. TASCHE: Tasca sulla gamba per spatole e pennelli. Tasche sulle gambe con soffietto, cerniera, penna e coltello. Tasche posteriori. Tasca interna per cellulare. Tasche per ginocchiere. Tasche laterali. Tasche portautensili - con portautensili adatti agli strumenti di verniciatura. RINFORZO: tasche per ginocchiere rinforzate in CORDURA\u00ae. Tasche portautensili rinforzate in CORDURA\u00ae e tasca porta metro pieghevole. ISTRUZIONI DI LAVAGGIO: 40\u00b0 C. Stirare a bassa temperatura. Non candeggiare. Non lavare a secco. Non centrifugare. PROPRIET\u00c0 PRINCIPALI: Verniciatore. Disponibile per uomo e donna. Uomo. EN 14004. TESSUTO: Disponibile per uomo e donna. Uomo. nero. bianco. Tasche per ginocchiere. Pittore. Stretch. USP: Tasche portautensili rinforzate in CORDURA\u00ae. Tasche per ginocchiere in CORDURA\u00ae stretch rinforzato. Inserti elasticizzati. Gambe preformate. CERTIFICAZIONE: EN 14404:2004+A1:2010 insieme alle ginocchiere 4027, 4057, 4058 e 4032.<\/p>\n<p>100% Cotone, tela, 270 g\/m\u00b2<\/p>","protected":false},"excerpt":{"rendered":"<p>Bequeme Piratenhose mit Werkzeugtaschen, externen Kniepolstertaschen und Stretcheins\u00e4tzen an sorgf\u00e4ltig ausgew\u00e4hlten Stellen wie Schritt, Knien und Ges\u00e4ss f\u00fcr mehr Beweglichkeit und Komfort. Der hohe Baumwollanteil verleiht dem Stoff eine hohe Saugf\u00e4higkeit. Die Hose hat mehrere Funktionstaschen und CORDURA\u00ae-Verst\u00e4rkungen in den Taschen f\u00fcr Spachtel und N\u00e4gel. Auch als Damenmodell 7109 erh\u00e4ltlich. FUNKTIONALIT\u00c4T: Stretch-Einsatz im Schritt, an [&hellip;]<\/p>\n","protected":false},"featured_media":666022,"template":"","meta":[],"product_brand":[],"product_cat":[4198],"product_tag":[],"class_list":{"0":"post-666000","1":"product","2":"type-product","3":"status-publish","4":"has-post-thumbnail","6":"product_cat-shorts","7":"pa_brand-blaklaeder","8":"pa_brand-type-workwear","9":"pa_filter-color-schwarz","10":"pa_filter-color-weiss","12":"first","13":"instock","14":"sale","15":"taxable","16":"shipping-taxable","17":"purchasable","18":"product-type-variable","19":"add-to-wishlist-before_image"},"exclude_global_add_ons":[],"addons":[],"acf":[],"_links":{"self":[{"href":"https:\/\/shop.kustom.ch\/it\/wp-json\/wp\/v2\/product\/666000"}],"collection":[{"href":"https:\/\/shop.kustom.ch\/it\/wp-json\/wp\/v2\/product"}],"about":[{"href":"https:\/\/shop.kustom.ch\/it\/wp-json\/wp\/v2\/types\/product"}],"wp:featuredmedia":[{"embeddable":true,"href":"https:\/\/shop.kustom.ch\/it\/wp-json\/wp\/v2\/media\/666022"}],"wp:attachment":[{"href":"https:\/\/shop.kustom.ch\/it\/wp-json\/wp\/v2\/media?parent=666000"}],"wp:term":[{"taxonomy":"product_brand","embeddable":true,"href":"https:\/\/shop.kustom.ch\/it\/wp-json\/wp\/v2\/product_brand?post=666000"},{"taxonomy":"product_cat","embeddable":true,"href":"https:\/\/shop.kustom.ch\/it\/wp-json\/wp\/v2\/product_cat?post=666000"},{"taxonomy":"product_tag","embeddable":true,"href":"https:\/\/shop.kustom.ch\/it\/wp-json\/wp\/v2\/product_tag?post=666000"}],"curies":[{"name":"wp","href":"https:\/\/api.w.org\/{rel}","templated":true}]}}