{"id":665873,"date":"2025-04-29T19:27:03","date_gmt":"2025-04-29T18:27:03","guid":{"rendered":"https:\/\/shop.kustom.ch\/?post_type=product&#038;p=665873"},"modified":"2026-03-31T08:34:33","modified_gmt":"2026-03-31T07:34:33","slug":"handwerker-piraten-shorts-mit-stretch","status":"publish","type":"product","link":"https:\/\/shop.kustom.ch\/it\/prodotto\/handwerker-piraten-shorts-mit-stretch\/","title":{"rendered":"Pantaloncini pirata artigianali con elastico"},"content":{"rendered":"<p>Pantaloni da pirata comodi e leggeri, realizzati in materiale sottile elasticizzato a 2 vie e con inserti elasticizzati a 4 vie che offrono il massimo comfort dove \u00e8 pi\u00f9 necessario. Tasche protettive per le ginocchia foderate con CORDURA\u00ae stretch, pratiche tasche rinforzate per le gambe, tasca per il righello e passante per il portamartello sul lato destro e sinistro.<\/p>\n<p>FUNZIONALIT\u00c0: elasticizzato a 2 vie. Elastico a 4 vie. DETTAGLI: Tasca per carte d'identit\u00e0 staccabile. Bottoni in metallo. Portacoltelli con bottone. Zip in plastica sul cavallo. Ampio passante sul retro. Due passanti sui lati con bottone per il portamartello. Anello a D sulla cintura. TASCHE: Tasca sulla gamba con soffietto e patta con chiusura a velcro e tasca interna per cellulare in rete. Tasca sulla gamba con portamatite. Tasche posteriori rinforzate con soffietti. Tasche esterne per ginocchiere. Tasche laterali. Tasche portautensili - con portautensili e tasca supplementare con cerniera. Tasca rinforzata per regolo pieghevole con portacoltelli e portapenne. RINFORZO: tasche per ginocchiere rinforzate in CORDURA\u00ae. Tasche portachiodi rinforzate in CORDURA\u00ae. REFLEX: dettagli riflettenti sulla gamba. ISTRUZIONI DI LAVAGGIO: 40\u00b0 C. Non candeggiare. Non stirare. Non lavare a secco. Non centrifugare. PROPRIET\u00c0 PRINCIPALI: Elettricista. Giardiniere. Tuttofare. Magazziniere. Lattoniere. Uomo. EN 14004. TESSUTO: Uomo. blu. grigio. nero. Tasche per ginocchiere. elasticizzato. Tasche per attrezzi. artigianali. elasticizzato. USP: elasticizzato a 2 vie. Tasche portautensili rinforzate in CORDURA\u00ae. Tasche per ginocchiere in CORDURA\u00ae stretch rinforzato. Dettagli riflettenti. Inserti elasticizzati. CERTIFICAZIONE: EN 14404:2004+A1:2010 insieme alle ginocchiere 4027, 4057, 4058 e 4032.<\/p>\n<p>63% poliestere, 33% cotone, 4% elastofin, twill, elasticizzato, 260 g\/m\u00b2<\/p>","protected":false},"excerpt":{"rendered":"<p>Bequeme, leichte Piratenhose aus d\u00fcnnerem 2-Wege-Stretch-Material und mit Eins\u00e4tzen aus 4-Wege-Stretch, die ultimativen Komfort dort bieten, wo er am meisten gebraucht wird. Gef\u00fctterte Knieprotektorentaschen mit CORDURA\u00ae-Stretch, praktische Beintaschen mit Verst\u00e4rkung, Zollstocktasche und je einer Schlaufe f\u00fcr Hammerhalter auf der linken und rechten Seite. FUNKTIONALIT\u00c4T: 2-Wege-Stretch. 4-Wege-Stretch. DETAILS: Abnehmbare Ausweistasche. Metallkn\u00f6pfe. Messerhalter mit Knopf. Kunststoff-Reissverschluss im [&hellip;]<\/p>\n","protected":false},"featured_media":665905,"template":"","meta":[],"product_brand":[],"product_cat":[4198],"product_tag":[],"class_list":{"0":"post-665873","1":"product","2":"type-product","3":"status-publish","4":"has-post-thumbnail","6":"product_cat-shorts","7":"pa_brand-blaklaeder","8":"pa_brand-type-workwear","9":"pa_filter-color-blau","10":"pa_filter-color-grau","11":"pa_filter-color-gruen","12":"pa_filter-color-schwarz","14":"first","15":"instock","16":"sale","17":"taxable","18":"shipping-taxable","19":"purchasable","20":"product-type-variable","21":"add-to-wishlist-before_image"},"exclude_global_add_ons":[],"addons":[],"acf":[],"_links":{"self":[{"href":"https:\/\/shop.kustom.ch\/it\/wp-json\/wp\/v2\/product\/665873"}],"collection":[{"href":"https:\/\/shop.kustom.ch\/it\/wp-json\/wp\/v2\/product"}],"about":[{"href":"https:\/\/shop.kustom.ch\/it\/wp-json\/wp\/v2\/types\/product"}],"wp:featuredmedia":[{"embeddable":true,"href":"https:\/\/shop.kustom.ch\/it\/wp-json\/wp\/v2\/media\/665905"}],"wp:attachment":[{"href":"https:\/\/shop.kustom.ch\/it\/wp-json\/wp\/v2\/media?parent=665873"}],"wp:term":[{"taxonomy":"product_brand","embeddable":true,"href":"https:\/\/shop.kustom.ch\/it\/wp-json\/wp\/v2\/product_brand?post=665873"},{"taxonomy":"product_cat","embeddable":true,"href":"https:\/\/shop.kustom.ch\/it\/wp-json\/wp\/v2\/product_cat?post=665873"},{"taxonomy":"product_tag","embeddable":true,"href":"https:\/\/shop.kustom.ch\/it\/wp-json\/wp\/v2\/product_tag?post=665873"}],"curies":[{"name":"wp","href":"https:\/\/api.w.org\/{rel}","templated":true}]}}