{"id":665819,"date":"2025-04-29T19:26:36","date_gmt":"2025-04-29T18:26:36","guid":{"rendered":"https:\/\/shop.kustom.ch\/?post_type=product&#038;p=665819"},"modified":"2026-03-31T08:34:22","modified_gmt":"2026-03-31T07:34:22","slug":"handwerker-shorts-mit-stretch-4","status":"publish","type":"product","link":"https:\/\/shop.kustom.ch\/it\/prodotto\/handwerker-shorts-mit-stretch-4\/","title":{"rendered":"Pantaloncini artigianali elasticizzati"},"content":{"rendered":"<p>Pantaloncini da artigiano comodi e leggeri, realizzati in sottile materiale elasticizzato a 2 vie e con inserti elasticizzati a 4 vie che offrono il massimo comfort dove \u00e8 pi\u00f9 necessario. Pratiche tasche sulle gambe con rinforzo, tasca per il metro pieghevole e passante per il portamartello sul lato destro e sinistro.<\/p>\n<p>FUNZIONALIT\u00c0: elasticizzato a 2 vie. Elastico a 4 vie. DETTAGLI: Tasca per carte d'identit\u00e0 staccabile. Bottoni in metallo. Portacoltelli con bottone. Zip in plastica sul cavallo. Ampio passante sul retro. Due passanti sui lati con bottone per il portamartello. Anello a D sulla cintura. TASCHE: Tasca sulla gamba con soffietto e patta con chiusura a velcro e tasca interna per cellulare in rete. Tasca sulla gamba con portamatite. Tasche posteriori rinforzate con soffietti. Tasche laterali. Tasca rinforzata per regolo pieghevole con portacoltelli e portapenne. REFLEX: dettagli riflettenti sulla gamba. ISTRUZIONI DI LAVAGGIO: 40\u00b0 C. Non candeggiare. Non stirare. Non lavare a secco. Non centrifugare. PROPRIET\u00c0 PRINCIPALI: Elettricista. Giardiniere. Tuttofare. Magazziniere. Lattoniere. Uomini. TESSUTO: Uomo. blu. grigio. nero. elasticizzato. artigianato. elasticizzato. USP: elasticizzato a 2 vie. Dettagli riflettenti. Inserti elasticizzati<\/p>\n<p>63% poliestere, 33% cotone, 4% elastofin, twill, elasticizzato, 260 g\/m\u00b2<\/p>","protected":false},"excerpt":{"rendered":"<p>Bequeme, leichte Handwerkershorts aus d\u00fcnnerem 2-Wege-Stretch-Material und mit Eins\u00e4tzen aus 4-Wege-Stretch, die ultimativen Komfort dort bieten, wo er am meisten ben\u00f6tigt wird. Praktische Beintaschen mit Verst\u00e4rkung, Zollstocktasche und je eine Schlaufe f\u00fcr Hammerhalter auf der linken und rechten Seite. FUNKTIONALIT\u00c4T: 2-Wege-Stretch. 4-Wege-Stretch. DETAILS: Abnehmbare Ausweistasche. Metallkn\u00f6pfe. Messerhalter mit Knopf. Kunststoff-Reissverschluss im Schritt. Breite Schlaufe hinten. [&hellip;]<\/p>\n","protected":false},"featured_media":665844,"template":"","meta":[],"product_brand":[],"product_cat":[4198],"product_tag":[],"class_list":{"0":"post-665819","1":"product","2":"type-product","3":"status-publish","4":"has-post-thumbnail","6":"product_cat-shorts","7":"pa_brand-blaklaeder","8":"pa_brand-type-workwear","9":"pa_filter-color-blau","10":"pa_filter-color-grau","11":"pa_filter-color-gruen","12":"pa_filter-color-schwarz","14":"first","15":"instock","16":"sale","17":"taxable","18":"shipping-taxable","19":"purchasable","20":"product-type-variable","21":"add-to-wishlist-before_image"},"exclude_global_add_ons":[],"addons":[],"acf":[],"_links":{"self":[{"href":"https:\/\/shop.kustom.ch\/it\/wp-json\/wp\/v2\/product\/665819"}],"collection":[{"href":"https:\/\/shop.kustom.ch\/it\/wp-json\/wp\/v2\/product"}],"about":[{"href":"https:\/\/shop.kustom.ch\/it\/wp-json\/wp\/v2\/types\/product"}],"wp:featuredmedia":[{"embeddable":true,"href":"https:\/\/shop.kustom.ch\/it\/wp-json\/wp\/v2\/media\/665844"}],"wp:attachment":[{"href":"https:\/\/shop.kustom.ch\/it\/wp-json\/wp\/v2\/media?parent=665819"}],"wp:term":[{"taxonomy":"product_brand","embeddable":true,"href":"https:\/\/shop.kustom.ch\/it\/wp-json\/wp\/v2\/product_brand?post=665819"},{"taxonomy":"product_cat","embeddable":true,"href":"https:\/\/shop.kustom.ch\/it\/wp-json\/wp\/v2\/product_cat?post=665819"},{"taxonomy":"product_tag","embeddable":true,"href":"https:\/\/shop.kustom.ch\/it\/wp-json\/wp\/v2\/product_tag?post=665819"}],"curies":[{"name":"wp","href":"https:\/\/api.w.org\/{rel}","templated":true}]}}