{"id":665305,"date":"2025-04-29T19:23:11","date_gmt":"2025-04-29T18:23:11","guid":{"rendered":"https:\/\/shop.kustom.ch\/?post_type=product&#038;p=665305"},"modified":"2026-03-31T08:33:10","modified_gmt":"2026-03-31T07:33:10","slug":"handwerker-shorts-4-wege-stretch-2","status":"publish","type":"product","link":"https:\/\/shop.kustom.ch\/it\/prodotto\/handwerker-shorts-4-wege-stretch-2\/","title":{"rendered":"Pantaloncini artigianali elasticizzati in 4 direzioni"},"content":{"rendered":"<p>Pantaloncini da artigiano realizzati in un materiale leggermente pi\u00f9 sottile ed elasticizzato in 4 direzioni che offre il massimo comfort. Con tasche per fondina staccabili, tasche posteriori con soffietti, tasca per regolo pieghevole e passante per portamartello sul lato destro e sinistro. Disponibile come modello da donna 7124.<\/p>\n<p>FUNZIONALIT\u00c0: 4 vie elasticizzate. DETTAGLI: Tasca per carte d'identit\u00e0 staccabile. Bottoni in metallo. Portacoltelli con bottone. Cucitura al cavallo con doppia cucitura. Zip in plastica sul cavallo. Ampio passante sul retro. Due passanti sui lati con bottone per il portamartello. Anello a D sulla cintura. TASCHE: Tasche posteriori rinforzate con soffietti. Tasche con soffietto, portapenne e portacoltelli. Patta con bottone magnetico nascosto. Tasche laterali. Tasche portautensili - staccabili con portautensili e una tasca supplementare con cerniera. Tasca rinforzata per regolo pieghevole con portacoltelli e portapenne. RINFORZO: rinforzo in CORDURA\u00ae sulle tasche anteriori, sulle tasche posteriori, sulla tasca del righello e sulle tasche delle gambe. ISTRUZIONI DI LAVAGGIO: 40\u00b0 C. Non candeggiare. Non stirare. Non lavare a secco. Non centrifugare. PROPRIET\u00c0 PRINCIPALI: Elettricista. Giardiniere. Tuttofare. Magazziniere. Lattoniere. Disponibile per uomini e donne. Uomo. TESSUTO: disponibile per uomo e donna. Uomo. blu. grigio. nero. Stretch. Tasche per attrezzi. Artigianato. elasticizzato. USP: stretch a 4 vie. Tasche portautensili staccabili<\/p>\n<p>Poliammide 92%, elastan 8%, doppio tessuto, elasticizzato in 4 direzioni, 230 g\/m\u00b2.<\/p>","protected":false},"excerpt":{"rendered":"<p>Handwerker Shorts aus einem etwas d\u00fcnneren 4-Wege-Stretchmaterial, die ultimativen Komfort bieten. Mit abnehmbaren Holstertaschen, Ges\u00e4sstaschen mit Balg, einer Zollstocktasche und je einer Schlaufe f\u00fcr Hammerhalter auf der linken und rechten Seite. Erh\u00e4ltlich als Damenmodell 7124. FUNKTIONALIT\u00c4T: 4-Wege-Stretch. DETAILS: Abnehmbare Ausweistasche. Metallkn\u00f6pfe. Messerhalter mit Knopf. Schrittnaht als Zweifachnaht. Kunststoff-Reissverschluss im Schritt. Breite Schlaufe hinten. Zwei Schlaufen [&hellip;]<\/p>\n","protected":false},"featured_media":665339,"template":"","meta":[],"product_brand":[],"product_cat":[4198],"product_tag":[],"class_list":{"0":"post-665305","1":"product","2":"type-product","3":"status-publish","4":"has-post-thumbnail","6":"product_cat-shorts","7":"pa_brand-blaklaeder","8":"pa_brand-type-workwear","9":"pa_filter-color-blau","10":"pa_filter-color-grau","11":"pa_filter-color-schwarz","13":"first","14":"instock","15":"sale","16":"taxable","17":"shipping-taxable","18":"purchasable","19":"product-type-variable","20":"add-to-wishlist-before_image"},"exclude_global_add_ons":[],"addons":[],"acf":[],"_links":{"self":[{"href":"https:\/\/shop.kustom.ch\/it\/wp-json\/wp\/v2\/product\/665305"}],"collection":[{"href":"https:\/\/shop.kustom.ch\/it\/wp-json\/wp\/v2\/product"}],"about":[{"href":"https:\/\/shop.kustom.ch\/it\/wp-json\/wp\/v2\/types\/product"}],"wp:featuredmedia":[{"embeddable":true,"href":"https:\/\/shop.kustom.ch\/it\/wp-json\/wp\/v2\/media\/665339"}],"wp:attachment":[{"href":"https:\/\/shop.kustom.ch\/it\/wp-json\/wp\/v2\/media?parent=665305"}],"wp:term":[{"taxonomy":"product_brand","embeddable":true,"href":"https:\/\/shop.kustom.ch\/it\/wp-json\/wp\/v2\/product_brand?post=665305"},{"taxonomy":"product_cat","embeddable":true,"href":"https:\/\/shop.kustom.ch\/it\/wp-json\/wp\/v2\/product_cat?post=665305"},{"taxonomy":"product_tag","embeddable":true,"href":"https:\/\/shop.kustom.ch\/it\/wp-json\/wp\/v2\/product_tag?post=665305"}],"curies":[{"name":"wp","href":"https:\/\/api.w.org\/{rel}","templated":true}]}}