{"id":665304,"date":"2025-04-29T19:23:11","date_gmt":"2025-04-29T18:23:11","guid":{"rendered":"https:\/\/shop.kustom.ch\/?post_type=product&#038;p=665304"},"modified":"2026-03-31T08:58:13","modified_gmt":"2026-03-31T07:58:13","slug":"smarte-waermeweste-fuer-damen","status":"publish","type":"product","link":"https:\/\/shop.kustom.ch\/it\/prodotto\/smarte-waermeweste-fuer-damen\/","title":{"rendered":"Gilet termico elegante per donna"},"content":{"rendered":"<p>Il gilet con tecnologia di riscaldamento intelligente Clim8\u00ae riconosce quando la temperatura corporea si abbassa e si riscalda nuovamente. La tecnologia integrata \u00e8 personalizzabile e funziona con un termostato e un computer che misurano continuamente la temperatura corporea e regolano di conseguenza il calore nel gilet utilizzando elementi alimentati a batteria. Il gilet \u00e8 anche lavabile, rendendo questo capo di Bl\u00e5kl\u00e4der e Clim8\u00ae un successo innovativo! Batteria e caricatore inclusi. Disponibile anche come modello da uomo 3880. Informazioni importanti prima del lavaggio e dell'eventuale ricamo: rimuovere la batteria prima del lavaggio e proteggere la spina del gilet coprendo la lunghezza del cavo con la copertura di plastica attaccata al cavo. Per ottenere risultati ottimali ed evitare di danneggiare gli elementi riscaldanti, si consiglia di applicare il ricamo nella parte inferiore della schiena.<\/p>\n<p>FUNZIONALIT\u00c0: Sistema di riscaldamento intelligente Clim8 - 3 elementi riscaldanti e un modulo di controllo con indicatore luminoso. Batteria e caricatore inclusi. Inserti laterali in materiale per cuciture. Alimentato da una batteria ricaricabile agli ioni di litio da 7,4 V e 3000 mAh. Parte superiore del corpo foderata in modo caldo davanti e dietro. Taglia da donna. Vestibilit\u00e0 regolare. TASCHE: Tasca laterale destra per la batteria. Tasche anteriori con cerniera. CHIUSURA ANTERIORE: cerniera in plastica a 2 vie. ISTRUZIONI DI LAVAGGIO: Informazione importante, prima del lavaggio rimuovere la batteria e coprire il cavo con la guaina di plastica attaccata all'estremit\u00e0 del cavo. 40\u00b0 C - delicato. Appendere ad asciugare. Non candeggiare. Non stirare. Non lavare a secco. Non centrifugare. PROPRIET\u00c0 PRINCIPALI: Autista. Giardiniere. Tuttofare. Magazziniere. Addetto alle pulizie. Personale di servizio. TESSUTO: Donna. Disponibile per uomo e donna. nero. Vento \/ bagnato \/ freddo<\/p>\n<p>91% poliammide, 9% elastan, ripstop, rivestito, idrorepellente, 80 g\/m\u00b2<\/p>","protected":false},"excerpt":{"rendered":"<p>Die Weste mit der intelligenten Clim8\u00ae Heiztechnologie erkennt, wenn Ihre K\u00f6rpertemperatur f\u00e4llt, und w\u00e4rmt Sie wieder auf. Die integrierte Technologie ist individuell anpassbar und funktioniert mit einem Thermostat und einem Computer, der die K\u00f6rpertemperatur kontinuierlich misst und entsprechend die W\u00e4rme in der Weste mit Hilfe batteriebetriebener Elemente reguliert. Zudem ist die Weste sogar waschbar, was [&hellip;]<\/p>\n","protected":false},"featured_media":665331,"template":"","meta":[],"product_brand":[],"product_cat":[4208],"product_tag":[],"class_list":{"0":"post-665304","1":"product","2":"type-product","3":"status-publish","4":"has-post-thumbnail","6":"product_cat-westen","7":"pa_brand-blaklaeder","8":"pa_brand-type-workwear","9":"pa_filter-color-schwarz","11":"first","12":"instock","13":"sale","14":"taxable","15":"shipping-taxable","16":"purchasable","17":"product-type-variable","18":"add-to-wishlist-before_image"},"exclude_global_add_ons":[],"addons":[],"acf":[],"_links":{"self":[{"href":"https:\/\/shop.kustom.ch\/it\/wp-json\/wp\/v2\/product\/665304"}],"collection":[{"href":"https:\/\/shop.kustom.ch\/it\/wp-json\/wp\/v2\/product"}],"about":[{"href":"https:\/\/shop.kustom.ch\/it\/wp-json\/wp\/v2\/types\/product"}],"wp:featuredmedia":[{"embeddable":true,"href":"https:\/\/shop.kustom.ch\/it\/wp-json\/wp\/v2\/media\/665331"}],"wp:attachment":[{"href":"https:\/\/shop.kustom.ch\/it\/wp-json\/wp\/v2\/media?parent=665304"}],"wp:term":[{"taxonomy":"product_brand","embeddable":true,"href":"https:\/\/shop.kustom.ch\/it\/wp-json\/wp\/v2\/product_brand?post=665304"},{"taxonomy":"product_cat","embeddable":true,"href":"https:\/\/shop.kustom.ch\/it\/wp-json\/wp\/v2\/product_cat?post=665304"},{"taxonomy":"product_tag","embeddable":true,"href":"https:\/\/shop.kustom.ch\/it\/wp-json\/wp\/v2\/product_tag?post=665304"}],"curies":[{"name":"wp","href":"https:\/\/api.w.org\/{rel}","templated":true}]}}