{"id":665257,"date":"2025-04-29T19:22:44","date_gmt":"2025-04-29T18:22:44","guid":{"rendered":"https:\/\/shop.kustom.ch\/?post_type=product&#038;p=665257"},"modified":"2026-03-31T08:57:29","modified_gmt":"2026-03-31T07:57:29","slug":"high-vis-langarmshirt-mit-uv-schutz","status":"publish","type":"product","link":"https:\/\/shop.kustom.ch\/it\/prodotto\/high-vis-langarmshirt-mit-uv-schutz\/","title":{"rendered":"Camicia a maniche lunghe ad alta visibilit\u00e0 con protezione UV"},"content":{"rendered":"<p>Se lavorate all'aperto, sapete quanto sia importante avere un buon abbigliamento che funzioni alle alte temperature. Questa funzionale T-shirt a maniche lunghe in alta visibilit\u00e0 \u00e8 dotata di riflettori segmentati e inserti in rete strategicamente posizionati per ottimizzare il trasporto dell'umidit\u00e0.<\/p>\n<p>FUNZIONALIT\u00c0: Inserti in rete nelle zone di sudorazione pi\u00f9 importanti. DETTAGLI: Stampa - Bl\u00e5kl\u00e4der. Collo rotondo. Cuciture strategiche per un miglior comfort sotto il braccio. Inserti per ottimizzare il trasporto dell'umidit\u00e0. REFLEX: strisce riflettenti larghe 50 mm XS-M. Strisce riflettenti larghe 60 mm L-&gt;. ISTRUZIONI DI LAVAGGIO: Numero di lavaggi: 50. 40\u00b0 C. Non candeggiare. Non stirare. Non lavare a secco. Non centrifugare. PROPRIET\u00c0 PRINCIPALI: Autista. Giardiniere. Artigiani. Lavoratori stradali e edili. EN 13758-2. EN ISO 20471. RIS-3279-TOM . TESSUTO: Uomo. blu. Giallo alta visibilit\u00e0. Rosso alta visibilit\u00e0. nero. Protezione UV. Protezione ad alta visibilit\u00e0. CERTIFICAZIONE: EN 13758-2 UPF 40+. EN ISO 20471 XS-M classe 2, L -&gt; classe 3. Gli indumenti di classe 2 e 3 in arancione sono conformi a RIS-3279-TOM Edizione 2. gruppo di certificazione C -&gt;L<\/p>\n<p>100% poliestere, maglia birdseye, trasporto dell'umidit\u00e0, protezione UV, 130g\/m\u00b2<\/p>","protected":false},"excerpt":{"rendered":"<p>Wenn Sie im Freien arbeiten, wissen Sie, wie wichtig gute Kleidung ist, die auch bei hohen Temperaturen funktioniert. Dieses funktionelle Langarm T-Shirt in High Vis hat segmentierte Reflektoren und strategisch platzierte Mesh-Eins\u00e4tze, die den Feuchtigkeitstransport optimieren. FUNKTIONALIT\u00c4T: Mesh-Eins\u00e4tze an den wichtigsten Schweisszonen. DETAILS: Aufdruck &#8211; Bl\u00e5kl\u00e4der. Rundhals. Strategisch platzierte N\u00e4hte f\u00fcr besseren Komfort unter dem [&hellip;]<\/p>\n","protected":false},"featured_media":665293,"template":"","meta":[],"product_brand":[],"product_cat":[4201],"product_tag":[],"class_list":{"0":"post-665257","1":"product","2":"type-product","3":"status-publish","4":"has-post-thumbnail","6":"product_cat-t-shirts","7":"pa_brand-blaklaeder","8":"pa_brand-type-workwear","9":"pa_filter-color-blau","10":"pa_filter-color-gelb","11":"pa_filter-color-orange","12":"pa_filter-color-rot","13":"pa_filter-color-schwarz","15":"first","16":"instock","17":"sale","18":"taxable","19":"shipping-taxable","20":"purchasable","21":"product-type-variable","22":"add-to-wishlist-before_image"},"exclude_global_add_ons":[],"addons":[],"acf":[],"_links":{"self":[{"href":"https:\/\/shop.kustom.ch\/it\/wp-json\/wp\/v2\/product\/665257"}],"collection":[{"href":"https:\/\/shop.kustom.ch\/it\/wp-json\/wp\/v2\/product"}],"about":[{"href":"https:\/\/shop.kustom.ch\/it\/wp-json\/wp\/v2\/types\/product"}],"wp:featuredmedia":[{"embeddable":true,"href":"https:\/\/shop.kustom.ch\/it\/wp-json\/wp\/v2\/media\/665293"}],"wp:attachment":[{"href":"https:\/\/shop.kustom.ch\/it\/wp-json\/wp\/v2\/media?parent=665257"}],"wp:term":[{"taxonomy":"product_brand","embeddable":true,"href":"https:\/\/shop.kustom.ch\/it\/wp-json\/wp\/v2\/product_brand?post=665257"},{"taxonomy":"product_cat","embeddable":true,"href":"https:\/\/shop.kustom.ch\/it\/wp-json\/wp\/v2\/product_cat?post=665257"},{"taxonomy":"product_tag","embeddable":true,"href":"https:\/\/shop.kustom.ch\/it\/wp-json\/wp\/v2\/product_tag?post=665257"}],"curies":[{"name":"wp","href":"https:\/\/api.w.org\/{rel}","templated":true}]}}