{"id":665219,"date":"2025-04-29T19:22:13","date_gmt":"2025-04-29T18:22:13","guid":{"rendered":"https:\/\/shop.kustom.ch\/?post_type=product&#038;p=665219"},"modified":"2026-03-31T08:57:19","modified_gmt":"2026-03-31T07:57:19","slug":"uv-schutz-high-vis-poloshirt","status":"publish","type":"product","link":"https:\/\/shop.kustom.ch\/it\/prodotto\/uv-schutz-high-vis-poloshirt\/","title":{"rendered":"Polo ad alta visibilit\u00e0 con protezione UV"},"content":{"rendered":"<p>Chi lavora all'aperto sa quanto sia importante avere un buon abbigliamento che funzioni anche a temperature elevate. Questa polo funzionale ad alta visibilit\u00e0 \u00e8 dotata di riflettori segmentati e di inserti in rete strategicamente posizionati per ottimizzare il trasporto dell'umidit\u00e0.<\/p>\n<p>FUNZIONALIT\u00c0: Materiale con protezione UV. Inserti in rete nelle principali zone di sudorazione. DETTAGLI: Stampa - Bl\u00e5kl\u00e4der. Scollo con bottoni. Colletto a coste. Cuciture strategiche per un miglior comfort sotto il braccio. Inserti per ottimizzare il trasporto dell'umidit\u00e0. CHIUSURA ANTERIORE: protezione dal vento con chiusura a bottoni. REFLEX: strisce riflettenti a trasferimento larghe 50 mm. ISTRUZIONI DI LAVAGGIO: Numero di lavaggi: 50. 40\u00b0 C. Non candeggiare. Non stirare. Non lavare a secco. Non centrifugare. PROPRIET\u00c0 PRINCIPALI: Autista. Giardiniere. Artigiani. Lavoratori stradali e dell'edilizia. EN 13758-2. EN ISO 20471. RIS-3279-TOM . TESSUTO: Uomo. blu. Giallo alta visibilit\u00e0. Rosso alta visibilit\u00e0. nero. Protezione UV. Protezione ad alta visibilit\u00e0. CERTIFICAZIONE: EN 13758-2 UPF 40+. EN ISO 20471, classe 2. Gli indumenti di classe 2 e 3 in arancione sono conformi alla norma RIS-3279-TOM Issue 2. gruppo di certificazione B<\/p>\n<p>100% poliestere, maglia birdseye, trasporto dell'umidit\u00e0, protezione UV, 130g\/m\u00b2<\/p>","protected":false},"excerpt":{"rendered":"<p>Wenn Sie im Freien arbeiten, wissen Sie, wie wichtig gute Kleidung ist, die auch bei hohen Temperaturen funktioniert. Dieses funktionelle High Vis Poloshirt verf\u00fcgt \u00fcber segmentierte Reflektoren und strategisch platzierte Mesh-Eins\u00e4tze f\u00fcr optimierten Feuchtigkeitstransport. FUNKTIONALIT\u00c4T: Material mit UV-Schutz. Mesh-Eins\u00e4tze an den wichtigsten Schweisszonen. DETAILS: Aufdruck &#8211; Bl\u00e5kl\u00e4der. Halsausschnitt mit Kn\u00f6pfen. Gerippter Kragen. Strategisch platzierte N\u00e4hte [&hellip;]<\/p>\n","protected":false},"featured_media":665256,"template":"","meta":[],"product_brand":[],"product_cat":[4193],"product_tag":[],"class_list":{"0":"post-665219","1":"product","2":"type-product","3":"status-publish","4":"has-post-thumbnail","6":"product_cat-polos","7":"pa_brand-blaklaeder","8":"pa_brand-type-workwear","9":"pa_filter-color-blau","10":"pa_filter-color-gelb","11":"pa_filter-color-orange","12":"pa_filter-color-rot","13":"pa_filter-color-schwarz","15":"first","16":"instock","17":"sale","18":"taxable","19":"shipping-taxable","20":"purchasable","21":"product-type-variable","22":"add-to-wishlist-before_image"},"exclude_global_add_ons":[],"addons":[],"acf":[],"_links":{"self":[{"href":"https:\/\/shop.kustom.ch\/it\/wp-json\/wp\/v2\/product\/665219"}],"collection":[{"href":"https:\/\/shop.kustom.ch\/it\/wp-json\/wp\/v2\/product"}],"about":[{"href":"https:\/\/shop.kustom.ch\/it\/wp-json\/wp\/v2\/types\/product"}],"wp:featuredmedia":[{"embeddable":true,"href":"https:\/\/shop.kustom.ch\/it\/wp-json\/wp\/v2\/media\/665256"}],"wp:attachment":[{"href":"https:\/\/shop.kustom.ch\/it\/wp-json\/wp\/v2\/media?parent=665219"}],"wp:term":[{"taxonomy":"product_brand","embeddable":true,"href":"https:\/\/shop.kustom.ch\/it\/wp-json\/wp\/v2\/product_brand?post=665219"},{"taxonomy":"product_cat","embeddable":true,"href":"https:\/\/shop.kustom.ch\/it\/wp-json\/wp\/v2\/product_cat?post=665219"},{"taxonomy":"product_tag","embeddable":true,"href":"https:\/\/shop.kustom.ch\/it\/wp-json\/wp\/v2\/product_tag?post=665219"}],"curies":[{"name":"wp","href":"https:\/\/api.w.org\/{rel}","templated":true}]}}