{"id":665171,"date":"2025-04-29T19:21:46","date_gmt":"2025-04-29T18:21:46","guid":{"rendered":"https:\/\/shop.kustom.ch\/?post_type=product&#038;p=665171"},"modified":"2026-03-31T09:00:49","modified_gmt":"2026-03-31T08:00:49","slug":"damen-multinorm-shelljacke","status":"publish","type":"product","link":"https:\/\/shop.kustom.ch\/it\/prodotto\/damen-multinorm-shelljacke\/","title":{"rendered":"Giacca multinorm da donna"},"content":{"rendered":"<p>Giacca shell sottile e molto flessibile in vestibilit\u00e0 femminile, realizzata in materiale ignifugo. Questa giacca antivento e impermeabile con cuciture nastrate, in poliestere e senza metalli, \u00e8 un prodotto molto ricercato. La giacca \u00e8 dotata di trasferimenti riflettenti morbidi e flessibili, ha una buona traspirabilit\u00e0 e colori scuri nelle aree a rischio di sporco. La giacca \u00e8 dotata di passanti sul petto ai quali \u00e8 possibile agganciare attrezzature tecniche come microfoni, rilevatori di gas o analizzatori di ossigeno. Il cappuccio leggermente pi\u00f9 alto e regolabile pu\u00f2 essere regolato in modo da adattarsi al casco senza limitare il campo visivo. La giacca shell \u00e8 dotata di una tasca sul petto con porta carte d'identit\u00e0, una tasca Napoleone con spazio per un piccolo tablet, due tasche sul ventre con cerniera e un porta carte d'identit\u00e0 in una delle tasche. Disponibile anche come modello da uomo 4088. Certificato secondo le norme EN 1149-5, EN 13034, EN ISO 20471, EN 343, EN ISO 11611, EN ISO 11612, IEC 61482-2, ATPV: 21 cal\/cm\u00b2, ELIM: 19 cal\/cm\u00b2.<\/p>\n<p>FUNZIONALIT\u00c0: Senza metallo. Superficie oleorepellente, antisporco e idrorepellente. Antivento e traspirante. DETTAGLI: Tasca porta tessere staccabile per indumenti ignifughi. Etichette di certificazione esterne. Cappuccio staccabile e regolabile. Cappuccio per casco e paraorecchie. Bottoni a pressione in plastica. Collo foderato in pile. Collo alto con cerniera. Passanti su entrambi i lati del petto per rilevatore di gas \/ analizzatore di ossigeno \/ microfono. TASCHE: Tasca sul petto con anello a D. Tasca sul petto con cerniera. Tasca interna. Tasca Napoleone all'interno della patta antivento. Tasche laterali con fodera in pile. Tasche laterali con cerniera. CHIUSURA ANTERIORE: Chiusura anteriore con bottoni a pressione in plastica nascosti. Zip nascosta a 2 vie in plastica. REFLEX: strisce riflettenti a trasferimento ignifugo interrotto. CHIUSURA: Polsini interni. Polsini regolabili con chiusura a velcro. Dorso allungato. Vita regolabile con coulisse. ISTRUZIONI DI LAVAGGIO: 60\u00b0 C. Non candeggiare. Non stirare. Non lavare a secco. Non centrifugare. PROPRIET\u00c0 PRINCIPALI: Artigiano. Personale di servizio. Lavoratori stradali ed edili. EN 1149-5. EN 13034. EN 343. EN 61482-2. EN ISO 11611. EN ISO 11612. EN ISO 20471. TESSUTO: Donna. blu. Giallo alta visibilit\u00e0. Senza metallo. impermeabile. antivento. Ritardante di fiamma. CERTIFICAZIONE: EN 1149-5. EN 13034 PB (6). EN 343, classe 4.3. EN ISO 11611 classe 2, A1+A2. EN ISO 11612 A1, A2, B1, C1, D1, E3, F1. EN ISO 20471, XS-L classe 2, XL-&gt; classe 3. ATPV - 21 cal\/cm\u00b2. ELIM - 19 cal\/cm\u00b2. IEC 61482-2, APC 2<\/p>\n<p>59% viscosa, 40% modacrilico, 1% antistatico, spalmato, impermeabile 16.000mm, antivento, traspirante Ret 12.6, 250 g\/m\u00b2<\/p>","protected":false},"excerpt":{"rendered":"<p>D\u00fcnne und sehr flexible Shelljacke in Damenpassform aus schwer entflammbarem Material. Diese wind- und wasserdichte Shelljacke mit verklebten N\u00e4hten, polyester- und metallfrei, ist ein sehr begehrtes Produkt. Die Jacke ist mit weichen und flexiblen reflektierenden Transfers ausgestattet und hat eine gute Atmungsaktivit\u00e4t sowie dunkle Farben in schmutzanf\u00e4lligen Bereichen. Die Jacke ist mit Schlaufen auf der [&hellip;]<\/p>\n","protected":false},"featured_media":665226,"template":"","meta":[],"product_brand":[],"product_cat":[4186],"product_tag":[],"class_list":{"0":"post-665171","1":"product","2":"type-product","3":"status-publish","4":"has-post-thumbnail","6":"product_cat-jacken","7":"pa_brand-blaklaeder","8":"pa_brand-type-workwear","9":"pa_filter-color-blau","10":"pa_filter-color-gelb","12":"first","13":"instock","14":"sale","15":"taxable","16":"shipping-taxable","17":"purchasable","18":"product-type-variable","19":"add-to-wishlist-before_image"},"exclude_global_add_ons":[],"addons":[],"acf":[],"_links":{"self":[{"href":"https:\/\/shop.kustom.ch\/it\/wp-json\/wp\/v2\/product\/665171"}],"collection":[{"href":"https:\/\/shop.kustom.ch\/it\/wp-json\/wp\/v2\/product"}],"about":[{"href":"https:\/\/shop.kustom.ch\/it\/wp-json\/wp\/v2\/types\/product"}],"wp:featuredmedia":[{"embeddable":true,"href":"https:\/\/shop.kustom.ch\/it\/wp-json\/wp\/v2\/media\/665226"}],"wp:attachment":[{"href":"https:\/\/shop.kustom.ch\/it\/wp-json\/wp\/v2\/media?parent=665171"}],"wp:term":[{"taxonomy":"product_brand","embeddable":true,"href":"https:\/\/shop.kustom.ch\/it\/wp-json\/wp\/v2\/product_brand?post=665171"},{"taxonomy":"product_cat","embeddable":true,"href":"https:\/\/shop.kustom.ch\/it\/wp-json\/wp\/v2\/product_cat?post=665171"},{"taxonomy":"product_tag","embeddable":true,"href":"https:\/\/shop.kustom.ch\/it\/wp-json\/wp\/v2\/product_tag?post=665171"}],"curies":[{"name":"wp","href":"https:\/\/api.w.org\/{rel}","templated":true}]}}