{"id":665170,"date":"2025-04-29T19:21:46","date_gmt":"2025-04-29T18:21:46","guid":{"rendered":"https:\/\/shop.kustom.ch\/?post_type=product&#038;p=665170"},"modified":"2026-03-31T08:52:22","modified_gmt":"2026-03-31T07:52:22","slug":"damen-sweatshirt-2","status":"publish","type":"product","link":"https:\/\/shop.kustom.ch\/it\/prodotto\/damen-sweatshirt-2\/","title":{"rendered":"Felpa da donna"},"content":{"rendered":"<p>Confortevole felpa con scollo rotondo, realizzata in accogliente cotone con vestibilit\u00e0 femminile. Con polsini a coste e cuciture rinforzate sul collo e sulle spalle per una maggiore durata. Questa felpa \u00e8 ideale per presentare la vostra azienda. Disponibile come modello da uomo 3340.<\/p>\n<p>FUNZIONALIT\u00c0: Taglia da donna. DETTAGLI: Collo rotondo. CHIUSURA: Polsini con risvolto. Vita a coste. ISTRUZIONI PER IL LAVAGGIO: 60\u00b0 C. Stiratura media. Non candeggiare. Non lavare a secco. Non centrifugare. PROPRIET\u00c0 PRINCIPALI: Tetto. Autista. Giardiniere. Tuttofare. Idraulico. Muratore \/ piastrellista. Meccanico. Idraulico. Donne. Disponibile per uomo e donna. TESSUTO: Donna. Disponibile per uomo e donna. blu. Profilo. USP: 100 cotone %<\/p>\n<p>100% Cotone, spugna francese, 320 g\/m\u00b2<\/p>","protected":false},"excerpt":{"rendered":"<p>Bequemes Sweatshirt mit Rundhalsausschnitt aus kuscheliger Baumwolle in Damenpassform. Mit Rippstrickb\u00fcndchen und verst\u00e4rkten Hals- und Schultern\u00e4hten f\u00fcr zus\u00e4tzliche Haltbarkeit. Dieses Sweatshirt ist ideal, um Ihr Unternehmen zu pr\u00e4sentieren. Erh\u00e4ltlich als Herrenmodell 3340. FUNKTIONALIT\u00c4T: Damengr\u00f6sse. DETAILS: Rundhals. ABSCHLUSS: Armabschluss mit B\u00fcndchen. Gerippter Bund. WASCHANLEITUNG: 60\u00b0 C. B\u00fcgeln &#8211; mittel. Nicht bleichen. Nicht chemisch reinigen. Nicht schleudern. [&hellip;]<\/p>\n","protected":false},"featured_media":665201,"template":"","meta":[],"product_brand":[],"product_cat":[4184],"product_tag":[],"class_list":{"0":"post-665170","1":"product","2":"type-product","3":"status-publish","4":"has-post-thumbnail","6":"product_cat-hoodies-pullover","7":"pa_brand-blaklaeder","8":"pa_brand-type-workwear","9":"pa_filter-color-blau","10":"pa_filter-color-grau","11":"pa_filter-color-schwarz","13":"first","14":"instock","15":"sale","16":"taxable","17":"shipping-taxable","18":"purchasable","19":"product-type-variable","20":"add-to-wishlist-before_image"},"exclude_global_add_ons":[],"addons":[],"acf":[],"_links":{"self":[{"href":"https:\/\/shop.kustom.ch\/it\/wp-json\/wp\/v2\/product\/665170"}],"collection":[{"href":"https:\/\/shop.kustom.ch\/it\/wp-json\/wp\/v2\/product"}],"about":[{"href":"https:\/\/shop.kustom.ch\/it\/wp-json\/wp\/v2\/types\/product"}],"wp:featuredmedia":[{"embeddable":true,"href":"https:\/\/shop.kustom.ch\/it\/wp-json\/wp\/v2\/media\/665201"}],"wp:attachment":[{"href":"https:\/\/shop.kustom.ch\/it\/wp-json\/wp\/v2\/media?parent=665170"}],"wp:term":[{"taxonomy":"product_brand","embeddable":true,"href":"https:\/\/shop.kustom.ch\/it\/wp-json\/wp\/v2\/product_brand?post=665170"},{"taxonomy":"product_cat","embeddable":true,"href":"https:\/\/shop.kustom.ch\/it\/wp-json\/wp\/v2\/product_cat?post=665170"},{"taxonomy":"product_tag","embeddable":true,"href":"https:\/\/shop.kustom.ch\/it\/wp-json\/wp\/v2\/product_tag?post=665170"}],"curies":[{"name":"wp","href":"https:\/\/api.w.org\/{rel}","templated":true}]}}