{"id":665123,"date":"2025-04-29T19:21:16","date_gmt":"2025-04-29T18:21:16","guid":{"rendered":"https:\/\/shop.kustom.ch\/?post_type=product&#038;p=665123"},"modified":"2026-03-31T08:43:09","modified_gmt":"2026-03-31T07:43:09","slug":"storm-winterstiefel-2","status":"publish","type":"product","link":"https:\/\/shop.kustom.ch\/it\/prodotto\/storm-winterstiefel-2\/","title":{"rendered":"Stivali invernali STORM"},"content":{"rendered":"<p>Uno stivale di sicurezza impermeabile realizzato con una robusta tomaia in materiale tessile con fili riflettenti e un'area della punta rinforzata in TPU. L'isolamento Thinsulate\u2122 assicura un buon clima all'interno dello stivale, anche alle temperature pi\u00f9 basse. Lo stivale \u00e8 dotato di un puntale in materiale composito e di un'intersuola morbida, flessibile e resistente alle forature, in grado di sopportare il rigore dei chiodi da 3 mm. La suola in gomma nitrilica grippante \u00e8 stata sviluppata per fornire una buona presa anche su neve e ghiaccio. La soletta anatomica \u00e8 realizzata in morbido materiale PU ricoperto da una superficie tessile che assorbe l'umidit\u00e0. La membrana garantisce l'asciutto per tutto il giorno. La cerniera interna facilita l'ingresso e l'uscita; non \u00e8 necessario allacciare le scarpe. Ideale per i lavori all'aperto nei settori dell'edilizia, dei trasporti, della manutenzione, della riparazione e delle operazioni. Per le donne, nelle taglie 35-39.<\/p>\n<p>FUNZIONALIT\u00c0: Propriet\u00e0 antistatiche. Soletta traspirante. Rinforzo del tallone. Bordo dell'albero imbottito. Suola resistente al calore. Senza metallo. Suola esterna oleorepellente. Dettagli riflettenti. Impermeabile. Rinforzo in punta. TOMAIA: Materiale in tessuto. Vestibilit\u00e0: Ampia. MATERIALE DEL PANNELLO: Tessuto PS. FODERA: Poliestere. MATERIALE DELLA SUOLA: Tessile, morbido PU. TESSUTO: Unisex. Giallo High-Vis. nero. impermeabile. SIMBOLI: Isolamento a freddo. Freelock. Resistente al carburante. HRO 300. Impugnatura della scala. Nailpen tessile PS. Abrasione del tappo. Antiscivolo. Puntale in materiale composito. Resistente all'acqua. Forma ampia. USP: Soletta anatomica in PU morbido. Propriet\u00e0 antistatiche. Soletta traspirante. Suola esterna resistente al calore. Completamente impermeabile. Suola esterna resistente agli oli. Dettagli riflettenti. Protezione contro la penetrazione tessile in standard PS. Puntale in materiale composito. Calzata ampia. MATERIALE DEL PLANTARE: Composito. CERTIFICAZIONE: EN ISO 20345:2022 S7S FO SR HRO CI SC LG<\/p>","protected":false},"excerpt":{"rendered":"<p>Ein wasserdichter Sicherheitsstiefel aus robustem Textilobermaterial mit reflektierenden F\u00e4den und einem TPU-verst\u00e4rkten Zehenbereich. Die Thinsulate\u2122-Isolierung sorgt f\u00fcr ein gutes Klima im Stiefel, auch bei k\u00e4lteren Temperaturen. Der Stiefel hat eine Komposit-Zehenschutzkappe und eine weiche, flexible, durchtrittsichere Zwischensohle, die den harten Anforderungen von 3 mm-N\u00e4geln standh\u00e4lt. Die griffige Laufsohle aus Nitrilgummi wurde entwickelt, um auch auf [&hellip;]<\/p>\n","protected":false},"featured_media":665154,"template":"","meta":[],"product_brand":[],"product_cat":[4197,4209],"product_tag":[],"class_list":{"0":"post-665123","1":"product","2":"type-product","3":"status-publish","4":"has-post-thumbnail","6":"product_cat-schuhe-sandalen","7":"product_cat-zubehoer","8":"pa_brand-blaklaeder","9":"pa_brand-type-workwear","10":"pa_filter-color-gelb","12":"first","13":"instock","14":"sale","15":"taxable","16":"shipping-taxable","17":"purchasable","18":"product-type-variable","19":"add-to-wishlist-before_image"},"exclude_global_add_ons":[],"addons":[],"acf":[],"_links":{"self":[{"href":"https:\/\/shop.kustom.ch\/it\/wp-json\/wp\/v2\/product\/665123"}],"collection":[{"href":"https:\/\/shop.kustom.ch\/it\/wp-json\/wp\/v2\/product"}],"about":[{"href":"https:\/\/shop.kustom.ch\/it\/wp-json\/wp\/v2\/types\/product"}],"wp:featuredmedia":[{"embeddable":true,"href":"https:\/\/shop.kustom.ch\/it\/wp-json\/wp\/v2\/media\/665154"}],"wp:attachment":[{"href":"https:\/\/shop.kustom.ch\/it\/wp-json\/wp\/v2\/media?parent=665123"}],"wp:term":[{"taxonomy":"product_brand","embeddable":true,"href":"https:\/\/shop.kustom.ch\/it\/wp-json\/wp\/v2\/product_brand?post=665123"},{"taxonomy":"product_cat","embeddable":true,"href":"https:\/\/shop.kustom.ch\/it\/wp-json\/wp\/v2\/product_cat?post=665123"},{"taxonomy":"product_tag","embeddable":true,"href":"https:\/\/shop.kustom.ch\/it\/wp-json\/wp\/v2\/product_tag?post=665123"}],"curies":[{"name":"wp","href":"https:\/\/api.w.org\/{rel}","templated":true}]}}