{"id":665122,"date":"2025-04-29T19:21:16","date_gmt":"2025-04-29T18:21:16","guid":{"rendered":"https:\/\/shop.kustom.ch\/?post_type=product&#038;p=665122"},"modified":"2026-03-31T08:42:56","modified_gmt":"2026-03-31T07:42:56","slug":"asphalt-sicherheitsschuh","status":"publish","type":"product","link":"https:\/\/shop.kustom.ch\/it\/prodotto\/asphalt-sicherheitsschuh\/","title":{"rendered":"Scarpa di sicurezza per asfalto"},"content":{"rendered":"<p>Questa scarpa \u00e8 stata sviluppata appositamente per lavorare con l'asfalto. \u00c8 realizzata in pelle robusta e resistente, con una superficie liscia in gomma nitrilica in grado di resistere a temperature fino a 300\u00b0C. All'interno della suola \u00e8 integrata una pellicola di protezione dal calore e la protezione dalla penetrazione delle unghie \u00e8 realizzata in morbido tessuto. La protezione composita della punta \u00e8 rinforzata con TPU. La soletta anatomica \u00e8 realizzata in materiale PU liscio e ha una superficie tessile che assorbe l'umidit\u00e0. L'allacciatura Freelock, coperta da una linguetta in pelle e chiusa da due cinghie in velcro, rende le scarpe molto facili da indossare e da togliere. Forma da donna nelle taglie 35-39.<\/p>\n<p>FUNZIONALIT\u00c0: Propriet\u00e0 antistatiche. Freelock. Bordo dell'albero imbottito. Suola esterna resistente al calore. Suola esterna oleorepellente. Dettagli riflettenti. Idrorepellente. TOMAIA: Pelle intera. Vestibilit\u00e0: Ampia. MATERIALE: PL tessile. FODERA: Poliestere. MATERIALE DELLA SUOLA: Tessile, morbido PU. TESSUTO: Unisex. nero. USP: Soletta anatomica in PU morbido. Propriet\u00e0 antistatiche. Soluzione Freelock. Suola esterna resistente al calore. Suola esterna resistente agli oli. Dettagli riflettenti. Protezione dalla penetrazione tessile in standard PL. Puntale in materiale composito. Idrorepellente e resistente. Calzata ampia. MATERIALE DEL PLANTARE: Composito. CERTIFICAZIONE: EN ISO 20345:2011 S2 P HRO HI SRA<\/p>","protected":false},"excerpt":{"rendered":"<p>Dieser Schuh wurde speziell f\u00fcr die Arbeit mit Asphalt entwickelt. Er besteht aus starkem, strapazierf\u00e4higem Leder mit einer glatten Oberfl\u00e4che aus Nitrilkautschuk, die Temperaturen bis zu 300\u00b0C standh\u00e4lt. Im Inneren der Sohle ist eine Hitzeschutzfolie integriert und der Nageldurchtrittschutz besteht aus weichem Textil. Der Zehenschutz aus Komposit ist mit TPU verst\u00e4rkt. Die anatomisch geformte Innensohle [&hellip;]<\/p>\n","protected":false},"featured_media":665139,"template":"","meta":[],"product_brand":[],"product_cat":[4197,4209],"product_tag":[],"class_list":{"0":"post-665122","1":"product","2":"type-product","3":"status-publish","4":"has-post-thumbnail","6":"product_cat-schuhe-sandalen","7":"product_cat-zubehoer","8":"pa_brand-blaklaeder","9":"pa_brand-type-workwear","10":"pa_filter-color-schwarz","12":"first","13":"instock","14":"sale","15":"taxable","16":"shipping-taxable","17":"purchasable","18":"product-type-variable","19":"add-to-wishlist-before_image"},"exclude_global_add_ons":[],"addons":[],"acf":[],"_links":{"self":[{"href":"https:\/\/shop.kustom.ch\/it\/wp-json\/wp\/v2\/product\/665122"}],"collection":[{"href":"https:\/\/shop.kustom.ch\/it\/wp-json\/wp\/v2\/product"}],"about":[{"href":"https:\/\/shop.kustom.ch\/it\/wp-json\/wp\/v2\/types\/product"}],"wp:featuredmedia":[{"embeddable":true,"href":"https:\/\/shop.kustom.ch\/it\/wp-json\/wp\/v2\/media\/665139"}],"wp:attachment":[{"href":"https:\/\/shop.kustom.ch\/it\/wp-json\/wp\/v2\/media?parent=665122"}],"wp:term":[{"taxonomy":"product_brand","embeddable":true,"href":"https:\/\/shop.kustom.ch\/it\/wp-json\/wp\/v2\/product_brand?post=665122"},{"taxonomy":"product_cat","embeddable":true,"href":"https:\/\/shop.kustom.ch\/it\/wp-json\/wp\/v2\/product_cat?post=665122"},{"taxonomy":"product_tag","embeddable":true,"href":"https:\/\/shop.kustom.ch\/it\/wp-json\/wp\/v2\/product_tag?post=665122"}],"curies":[{"name":"wp","href":"https:\/\/api.w.org\/{rel}","templated":true}]}}