{"id":665075,"date":"2025-04-29T19:20:45","date_gmt":"2025-04-29T18:20:45","guid":{"rendered":"https:\/\/shop.kustom.ch\/?post_type=product&#038;p=665075"},"modified":"2026-03-31T08:42:49","modified_gmt":"2026-03-31T07:42:49","slug":"storm-sicherheitsschuh","status":"publish","type":"product","link":"https:\/\/shop.kustom.ch\/it\/prodotto\/storm-sicherheitsschuh\/","title":{"rendered":"Scarpa di sicurezza STORM"},"content":{"rendered":"<p>Scarpa di sicurezza impermeabile e resistente, realizzata con una robusta tomaia in materiale tessile con fili riflettenti e un'area della punta rinforzata in TPU. La scarpa \u00e8 dotata di un puntale in materiale composito e di un'intersuola morbida, flessibile e resistente alle forature, in grado di sopportare il rigore dei chiodi da 3 mm. La suola a frizione in gomma nitrilica \u00e8 stata sviluppata per fornire una buona presa anche su neve e ghiaccio. La soletta anatomica \u00e8 realizzata in morbido materiale PU ricoperto da una superficie tessile che assorbe bene l'umidit\u00e0. La membrana mantiene l'asciutto per tutto il giorno e il sistema Freelock facilita la calzata e la rimozione. Ideale per lavori all'aperto in edilizia, trasporti, manutenzione, riparazione e operazioni. Forma da donna nelle taglie 35-39.<\/p>\n<p>FUNZIONALIT\u00c0: Propriet\u00e0 antistatiche. Soletta traspirante. Rinforzo del tallone. Freelock. Bordo dell'albero imbottito. Suola esterna resistente al calore. Suola esterna oleorepellente. Dettagli riflettenti. Impermeabile. Punta rinforzata. TOMAIA: Materiale in tessuto. Vestibilit\u00e0: Ampia. MATERIALE DEL PANNELLO: Tessuto PS. FODERA: Poliestere. MATERIALE DELLA SUOLA: Tessile, morbido PU. TESSUTO: Unisex. Giallo High-Vis. nero. impermeabile. SIMBOLI: Freelock. Resistente al carburante. HRO 300. impugnatura della scala. Nailpen tessile PS. Protezione antiabrasione. Antiscivolo. Puntale in materiale composito. Resistente all'acqua. Forma ampia. USP: Soletta anatomica in PU morbido. Propriet\u00e0 antistatiche. Soletta traspirante. Soluzione Freelock. Suola resistente al calore. Completamente impermeabile. Suola esterna resistente agli oli. Dettagli riflettenti. Protezione contro la penetrazione tessile in standard PS. Puntale in materiale composito. Calzata ampia. MATERIALE DEL PLANTARE: Composito. CERTIFICAZIONE: EN ISO 20345:2022 S7S FO SR HRO SC LG<\/p>","protected":false},"excerpt":{"rendered":"<p>Ein wasserdichter und strapazierf\u00e4higer Sicherheitsschuh aus robustem Textilobermaterial mit reflektierenden F\u00e4den und einem TPU-verst\u00e4rkten Zehenbereich. Der Schuh hat eine Komposit-Zehenschutzkappe und eine weiche, flexible, durchtrittsichere Zwischensohle, die den harten Anforderungen von 3 mm-N\u00e4geln standh\u00e4lt. Die Reibungslaufsohle aus Nitrilgummi wurde entwickelt, um auch auf Schnee und Eis einen guten Halt zu bieten. Die anatomisch geformte Einlegesohle [&hellip;]<\/p>\n","protected":false},"featured_media":665106,"template":"","meta":[],"product_brand":[],"product_cat":[4197,4209],"product_tag":[],"class_list":{"0":"post-665075","1":"product","2":"type-product","3":"status-publish","4":"has-post-thumbnail","6":"product_cat-schuhe-sandalen","7":"product_cat-zubehoer","8":"pa_brand-blaklaeder","9":"pa_brand-type-workwear","10":"pa_filter-color-gelb","12":"first","13":"instock","14":"sale","15":"taxable","16":"shipping-taxable","17":"purchasable","18":"product-type-variable","19":"add-to-wishlist-before_image"},"exclude_global_add_ons":[],"addons":[],"acf":[],"_links":{"self":[{"href":"https:\/\/shop.kustom.ch\/it\/wp-json\/wp\/v2\/product\/665075"}],"collection":[{"href":"https:\/\/shop.kustom.ch\/it\/wp-json\/wp\/v2\/product"}],"about":[{"href":"https:\/\/shop.kustom.ch\/it\/wp-json\/wp\/v2\/types\/product"}],"wp:featuredmedia":[{"embeddable":true,"href":"https:\/\/shop.kustom.ch\/it\/wp-json\/wp\/v2\/media\/665106"}],"wp:attachment":[{"href":"https:\/\/shop.kustom.ch\/it\/wp-json\/wp\/v2\/media?parent=665075"}],"wp:term":[{"taxonomy":"product_brand","embeddable":true,"href":"https:\/\/shop.kustom.ch\/it\/wp-json\/wp\/v2\/product_brand?post=665075"},{"taxonomy":"product_cat","embeddable":true,"href":"https:\/\/shop.kustom.ch\/it\/wp-json\/wp\/v2\/product_cat?post=665075"},{"taxonomy":"product_tag","embeddable":true,"href":"https:\/\/shop.kustom.ch\/it\/wp-json\/wp\/v2\/product_tag?post=665075"}],"curies":[{"name":"wp","href":"https:\/\/api.w.org\/{rel}","templated":true}]}}