{"id":665074,"date":"2025-04-29T19:20:45","date_gmt":"2025-04-29T18:20:45","guid":{"rendered":"https:\/\/shop.kustom.ch\/?post_type=product&#038;p=665074"},"modified":"2026-03-31T08:41:55","modified_gmt":"2026-03-31T07:41:55","slug":"cradle-sicherheitsstiefel","status":"publish","type":"product","link":"https:\/\/shop.kustom.ch\/it\/prodotto\/cradle-sicherheitsstiefel\/","title":{"rendered":"Stivali di sicurezza a culla"},"content":{"rendered":"<p>Uno stivale di sicurezza morbido e privo di metallo con tomaia in tessuto. Il puntale protettivo \u00e8 realizzato in materiale composito e rinforzato con KPU. La protezione contro la penetrazione \u00e8 in materiale tessile e la suola \u00e8 in gomma. Il sottopiede, di forma anatomica per un comfort ottimale, \u00e8 realizzato in morbido materiale PU con una superficie tessile che assorbe l'umidit\u00e0. Questa scarpa \u00e8 ideale per le attivit\u00e0 nei settori del magazzino, dei servizi, della logistica e dell'industria. Forma da donna nelle taglie 35-39.<\/p>\n<p>FUNZIONALIT\u00c0: Propriet\u00e0 antistatiche. Soletta traspirante. Testato ESD (approvato secondo la norma IEC 61340-5-1). Bordo dell'albero imbottito. Senza metalli. Suola oleorepellente. Rinforzo in punta. TOMAIA: Tessuto. Vestibilit\u00e0: Ampia. MATERIALE DEL TOMAIO: Tessuto PL. FODERA: Poliestere. MATERIALE SUOLA: Tessile, morbido PU. TESSUTO: Unisex. grigio. nero. ESD. Senza metallo. SIMBOLI: resistenti al carburante. Senza metallo. Tessuto Nailpen PL. Abrasione del tappo. Antiscivolo. Puntale in materiale composito. Forma ampia. USP: Soletta anatomica in PU morbido. Propriet\u00e0 antistatiche. Soletta traspirante. Tomaia in tessuto traspirante. Approvazione ESD. Suola resistente agli oli. Protezione dalla penetrazione tessile in standard PL. Puntale in composito. Calzata ampia. MATERIALE DEL PLANTARE: Composito. CERTIFICAZIONE: EN ISO 20345:2011 S1 P SRC ESD<\/p>","protected":false},"excerpt":{"rendered":"<p>Ein geschmeidiger, metallfreier Sicherheitsstiefel mit Obermaterial aus Textil. Die Zehenschutzkappe ist aus Komposit gefertigt und mit KPU verst\u00e4rkt. Der Durchtrittschutz besteht aus einem textilen Material und die Laufsohle aus Gummi. Die f\u00fcr besten Komfort anatomisch geformte Innensohle besteht aus einem weichen PU-Material und hat eine feuchtigkeitsabsorbierende Textiloberfl\u00e4che. Dieser Schuh ist ideal f\u00fcr T\u00e4tigkeiten in den [&hellip;]<\/p>\n","protected":false},"featured_media":665091,"template":"","meta":[],"product_brand":[],"product_cat":[4197,4209],"product_tag":[],"class_list":{"0":"post-665074","1":"product","2":"type-product","3":"status-publish","4":"has-post-thumbnail","6":"product_cat-schuhe-sandalen","7":"product_cat-zubehoer","8":"pa_brand-blaklaeder","9":"pa_brand-type-workwear","10":"pa_filter-color-grau","11":"pa_filter-color-schwarz","13":"first","14":"instock","15":"sale","16":"taxable","17":"shipping-taxable","18":"purchasable","19":"product-type-variable","20":"add-to-wishlist-before_image"},"exclude_global_add_ons":[],"addons":[],"acf":[],"_links":{"self":[{"href":"https:\/\/shop.kustom.ch\/it\/wp-json\/wp\/v2\/product\/665074"}],"collection":[{"href":"https:\/\/shop.kustom.ch\/it\/wp-json\/wp\/v2\/product"}],"about":[{"href":"https:\/\/shop.kustom.ch\/it\/wp-json\/wp\/v2\/types\/product"}],"wp:featuredmedia":[{"embeddable":true,"href":"https:\/\/shop.kustom.ch\/it\/wp-json\/wp\/v2\/media\/665091"}],"wp:attachment":[{"href":"https:\/\/shop.kustom.ch\/it\/wp-json\/wp\/v2\/media?parent=665074"}],"wp:term":[{"taxonomy":"product_brand","embeddable":true,"href":"https:\/\/shop.kustom.ch\/it\/wp-json\/wp\/v2\/product_brand?post=665074"},{"taxonomy":"product_cat","embeddable":true,"href":"https:\/\/shop.kustom.ch\/it\/wp-json\/wp\/v2\/product_cat?post=665074"},{"taxonomy":"product_tag","embeddable":true,"href":"https:\/\/shop.kustom.ch\/it\/wp-json\/wp\/v2\/product_tag?post=665074"}],"curies":[{"name":"wp","href":"https:\/\/api.w.org\/{rel}","templated":true}]}}