{"id":665021,"date":"2025-04-29T19:20:14","date_gmt":"2025-04-29T18:20:14","guid":{"rendered":"https:\/\/shop.kustom.ch\/?post_type=product&#038;p=665021"},"modified":"2026-03-31T08:41:46","modified_gmt":"2026-03-31T07:41:46","slug":"elite-sicherheitsstiefel-3","status":"publish","type":"product","link":"https:\/\/shop.kustom.ch\/it\/prodotto\/elite-sicherheitsstiefel-3\/","title":{"rendered":"Stivali di sicurezza Elite"},"content":{"rendered":"<p>Uno stivale resistente con una membrana che mantiene i piedi asciutti. Questo stivale \u00e8 realizzato in pelle pieno fiore liscia e di alta qualit\u00e0 per offrirvi il massimo comfort. Grazie alla protezione contro la penetrazione del tessuto, al puntale in alluminio e alla punta e al tallone rinforzati in TPU, questo stivale \u00e8 in grado di affrontare con facilit\u00e0 gli ambienti pi\u00f9 difficili. La soletta anatomica \u00e8 realizzata in morbido materiale PU ricoperto da una superficie tessile che assorbe l'umidit\u00e0 per un comfort ottimale. La membrana mantiene i piedi asciutti anche in caso di maltempo. Lo stivale \u00e8 ideale per i lavori all'aperto nei settori dell'edilizia, dei trasporti, della manutenzione, della riparazione e dell'utilizzo di macchinari. Forma da donna nelle taglie 35-39.<\/p>\n<p>FUNZIONALIT\u00c0: Propriet\u00e0 antistatiche. Testato ESD (approvato secondo la norma IEC 61340-5-1). Rinforzo sul tallone. Bordo dell'albero imbottito. Suola oleorepellente. Dettagli riflettenti. Impermeabile. Rinforzo in punta. TOMAIA: Pelle intera. Vestibilit\u00e0: ampia. MATERIALE DEL PANNELLO: Tessile. FODERA: Poliestere. MATERIALE DELLA SUOLA: Tessile, morbido PU. TESSUTO: Unisex. nero. ESD. impermeabile. SIMBOLI: impermeabile 3. resistente ai carburanti. HRO 300. presa della scala. Nailpen tessile PS. Abrasione del tappo. Antiscivolo. Puntale in materiale composito. Resistente all'acqua. Forma ampia. USP: Puntale in alluminio. Soletta anatomica in PU morbido. Propriet\u00e0 antistatiche. Approvazione ESD. Completamente impermeabile. Suola resistente agli oli. Dettagli riflettenti. Calzata ampia. MATERIALE DEL TAPPO DI PROTEZIONE DEL TOCCO: Alluminio. CERTIFICAZIONE: EN ISO 20345:2011 S3 SRC WR ESD<\/p>","protected":false},"excerpt":{"rendered":"<p>Ein strapazierf\u00e4higer Stiefel mit einer Membran, die Ihre F\u00fcsse trocken h\u00e4lt. Dieser Stiefel ist aus glattem, hochwertigen Vollnarbenleder gefertigt und bietet Ihnen so den besten Komfort. Mit einem textilen Durchtrittschutz, einer Zehenschutzkappe aus Aluminium und TPU-verst\u00e4rktem Zehen- und Fersenteil bew\u00e4ltigt dieser Schuh raue Umgebungen problemlos. Die f\u00fcr besten Komfort anatomisch geformte Innensohle besteht aus einem [&hellip;]<\/p>\n","protected":false},"featured_media":665073,"template":"","meta":[],"product_brand":[],"product_cat":[4197,4209],"product_tag":[],"class_list":{"0":"post-665021","1":"product","2":"type-product","3":"status-publish","4":"has-post-thumbnail","6":"product_cat-schuhe-sandalen","7":"product_cat-zubehoer","8":"pa_brand-blaklaeder","9":"pa_brand-type-workwear","10":"pa_filter-color-schwarz","12":"first","13":"instock","14":"sale","15":"taxable","16":"shipping-taxable","17":"purchasable","18":"product-type-variable","19":"add-to-wishlist-before_image"},"exclude_global_add_ons":[],"addons":[],"acf":[],"_links":{"self":[{"href":"https:\/\/shop.kustom.ch\/it\/wp-json\/wp\/v2\/product\/665021"}],"collection":[{"href":"https:\/\/shop.kustom.ch\/it\/wp-json\/wp\/v2\/product"}],"about":[{"href":"https:\/\/shop.kustom.ch\/it\/wp-json\/wp\/v2\/types\/product"}],"wp:featuredmedia":[{"embeddable":true,"href":"https:\/\/shop.kustom.ch\/it\/wp-json\/wp\/v2\/media\/665073"}],"wp:attachment":[{"href":"https:\/\/shop.kustom.ch\/it\/wp-json\/wp\/v2\/media?parent=665021"}],"wp:term":[{"taxonomy":"product_brand","embeddable":true,"href":"https:\/\/shop.kustom.ch\/it\/wp-json\/wp\/v2\/product_brand?post=665021"},{"taxonomy":"product_cat","embeddable":true,"href":"https:\/\/shop.kustom.ch\/it\/wp-json\/wp\/v2\/product_cat?post=665021"},{"taxonomy":"product_tag","embeddable":true,"href":"https:\/\/shop.kustom.ch\/it\/wp-json\/wp\/v2\/product_tag?post=665021"}],"curies":[{"name":"wp","href":"https:\/\/api.w.org\/{rel}","templated":true}]}}