{"id":664985,"date":"2025-04-29T19:19:41","date_gmt":"2025-04-29T18:19:41","guid":{"rendered":"https:\/\/shop.kustom.ch\/?post_type=product&#038;p=664985"},"modified":"2026-03-31T08:40:23","modified_gmt":"2026-03-31T07:40:23","slug":"high-vis-umstands-jackenerweiterung","status":"publish","type":"product","link":"https:\/\/shop.kustom.ch\/it\/prodotto\/high-vis-umstands-jackenerweiterung\/","title":{"rendered":"Estensione della giacca premaman High Vis"},"content":{"rendered":"<p>Inserto High Vis per il pancione in crescita, adatto al Bl\u00e5kl\u00e4der 4472 Ladies High Vis Winter Parka. L'inserto consente di indossare il 4472 anche durante la gravidanza.<\/p>\n<p>FUNZIONALIT\u00c0: pannello per il pancione in crescita. REFLEX: strisce riflettenti larghe 50 mm. ISTRUZIONI DI LAVAGGIO: 40\u00b0 C. Non candeggiare. Non stirare. Non lavare a secco. Non centrifugare. ADATTO A: Articolo 4472 TESSUTO: Giallo alta visibilit\u00e0. Alta visibilit\u00e0<\/p>\n<p>100% poliestere, twill, elasticizzato, spalmato, impermeabile 11.000 mm, antivento, traspirante Ret 6.3, 150 g\/m\u00b2<\/p>","protected":false},"excerpt":{"rendered":"<p>High Vis Einsatz f\u00fcr einen wachsenden Schwangerschaftsbauch, passend f\u00fcr den Bl\u00e5kl\u00e4der 4472 Damen High Vis Winter Parka. Der Einsatz erm\u00f6glicht es Ihnen, den 4472 auch noch w\u00e4hrend der Schwangerschaft zu tragen. FUNKTIONALIT\u00c4T: Paneel f\u00fcr den wachsenden Babybauch. REFLEX: 50 mm breite Reflexstreifen. WASCHANLEITUNG: 40\u00b0 C. Nicht bleichen. Nicht b\u00fcgeln. Nicht chemisch reinigen. Nicht schleudern. PASST [&hellip;]<\/p>\n","protected":false},"featured_media":665020,"template":"","meta":[],"product_brand":[],"product_cat":[4209],"product_tag":[],"class_list":{"0":"post-664985","1":"product","2":"type-product","3":"status-publish","4":"has-post-thumbnail","6":"product_cat-zubehoer","7":"pa_brand-blaklaeder","8":"pa_brand-type-workwear","9":"pa_filter-color-gelb","10":"pa_filter-color-orange","12":"first","13":"instock","14":"sale","15":"taxable","16":"shipping-taxable","17":"purchasable","18":"product-type-variable","19":"add-to-wishlist-before_image"},"exclude_global_add_ons":[],"addons":[],"acf":[],"_links":{"self":[{"href":"https:\/\/shop.kustom.ch\/it\/wp-json\/wp\/v2\/product\/664985"}],"collection":[{"href":"https:\/\/shop.kustom.ch\/it\/wp-json\/wp\/v2\/product"}],"about":[{"href":"https:\/\/shop.kustom.ch\/it\/wp-json\/wp\/v2\/types\/product"}],"wp:featuredmedia":[{"embeddable":true,"href":"https:\/\/shop.kustom.ch\/it\/wp-json\/wp\/v2\/media\/665020"}],"wp:attachment":[{"href":"https:\/\/shop.kustom.ch\/it\/wp-json\/wp\/v2\/media?parent=664985"}],"wp:term":[{"taxonomy":"product_brand","embeddable":true,"href":"https:\/\/shop.kustom.ch\/it\/wp-json\/wp\/v2\/product_brand?post=664985"},{"taxonomy":"product_cat","embeddable":true,"href":"https:\/\/shop.kustom.ch\/it\/wp-json\/wp\/v2\/product_cat?post=664985"},{"taxonomy":"product_tag","embeddable":true,"href":"https:\/\/shop.kustom.ch\/it\/wp-json\/wp\/v2\/product_tag?post=664985"}],"curies":[{"name":"wp","href":"https:\/\/api.w.org\/{rel}","templated":true}]}}