{"id":664984,"date":"2025-04-29T19:19:41","date_gmt":"2025-04-29T18:19:41","guid":{"rendered":"https:\/\/shop.kustom.ch\/?post_type=product&#038;p=664984"},"modified":"2026-03-31T08:48:46","modified_gmt":"2026-03-31T07:48:46","slug":"multinorm-hemd-3","status":"publish","type":"product","link":"https:\/\/shop.kustom.ch\/it\/prodotto\/multinorm-hemd-3\/","title":{"rendered":"Camicia multinorm"},"content":{"rendered":"<p>Il camice ignifugo a visibilit\u00e0 aumentata ha un inserto giallo senza catarifrangenti, che offre anche una protezione limitata contro gli spruzzi chimici. \u00c8 ideale per i lavori di assistenza e manutenzione nell'industria meccanica. Il camice senza parti metalliche offre opzioni di regolazione intelligenti, oltre a polsini protettivi, bottoni a pressione in plastica e tasche a soffietto sul petto per un maggiore spazio. Certificato secondo le norme EN 1149-5, EN 13034, EN 61482-2, APC 1 e EN ISO 11612, ATPV: 8,1 cal\/cm\u00b2, ELIM: 6,3 cal\/cm\u00b2.<\/p>\n<p>DETTAGLI: Etichette di certificazione esterne. Bottoni a pressione in plastica. Passante sopra il taschino per le penne. Spallacci in colore a contrasto. TASCHE: Tasche sul petto con soffietto e patta. CHIUSURA: orlo delle maniche regolabile con bottoni a pressione in plastica nascosti. Dorso allungato. ISTRUZIONI DI LAVAGGIO: 60\u00b0 C. Non candeggiare. Non stirare. Non lavare a secco. Asciugare in asciugatrice a bassa temperatura. PROPRIET\u00c0 PRINCIPALI: Elettricista. Tuttofare. Lavoratori dei servizi. Lavoratori stradali e dell'edilizia. EN 1149-5. EN 13034. EN 61482-2. EN ISO 11612. TESSUTO: Uomo. blu. Giallo alta visibilit\u00e0. CERTIFICAZIONE: EN 1149-5. EN 13034 PB (6). ATPV - 8,1 cal\/cm\u00b2. ELIM - 6,3 cal\/cm\u00b2. EN 61482-2, APC 1. EN ISO 11612 A1, A2, B1, C1<\/p>\n<p>50% modacrilico, 32% cotone, 10% aramide, 5% poliammide, 3% antistatico, ripstop, ritardante di fiamma, antistatico, 200g\/m\u00b2<\/p>","protected":false},"excerpt":{"rendered":"<p>Das schwer entflammbare Hemd mit erh\u00f6hter Sichtbarkeit verf\u00fcgt \u00fcber einen gelben Einsatz ohne Reflektoren, der auch begrenzten Schutz gegen Chemikalienspritzer bietet. Es ist ideal f\u00fcr Service- und Wartungsarbeiten in der mechanischen Industrie. Das Hemd ohne Metallteile bietet clevere Verstellm\u00f6glichkeiten sowie Schutzmanschetten, Kunststoff-Druckkn\u00f6pfe und Balgtaschen auf der Brust f\u00fcr zus\u00e4tzlichen Platz. Zertifiziert nach EN 1149-5, EN [&hellip;]<\/p>\n","protected":false},"featured_media":665009,"template":"","meta":[],"product_brand":[],"product_cat":[9874],"product_tag":[],"class_list":{"0":"post-664984","1":"product","2":"type-product","3":"status-publish","4":"has-post-thumbnail","6":"product_cat-hemden","7":"pa_brand-blaklaeder","8":"pa_brand-type-workwear","9":"pa_filter-color-blau","10":"pa_filter-color-gelb","12":"first","13":"instock","14":"sale","15":"taxable","16":"shipping-taxable","17":"purchasable","18":"product-type-variable","19":"add-to-wishlist-before_image"},"exclude_global_add_ons":[],"addons":[],"acf":[],"_links":{"self":[{"href":"https:\/\/shop.kustom.ch\/it\/wp-json\/wp\/v2\/product\/664984"}],"collection":[{"href":"https:\/\/shop.kustom.ch\/it\/wp-json\/wp\/v2\/product"}],"about":[{"href":"https:\/\/shop.kustom.ch\/it\/wp-json\/wp\/v2\/types\/product"}],"wp:featuredmedia":[{"embeddable":true,"href":"https:\/\/shop.kustom.ch\/it\/wp-json\/wp\/v2\/media\/665009"}],"wp:attachment":[{"href":"https:\/\/shop.kustom.ch\/it\/wp-json\/wp\/v2\/media?parent=664984"}],"wp:term":[{"taxonomy":"product_brand","embeddable":true,"href":"https:\/\/shop.kustom.ch\/it\/wp-json\/wp\/v2\/product_brand?post=664984"},{"taxonomy":"product_cat","embeddable":true,"href":"https:\/\/shop.kustom.ch\/it\/wp-json\/wp\/v2\/product_cat?post=664984"},{"taxonomy":"product_tag","embeddable":true,"href":"https:\/\/shop.kustom.ch\/it\/wp-json\/wp\/v2\/product_tag?post=664984"}],"curies":[{"name":"wp","href":"https:\/\/api.w.org\/{rel}","templated":true}]}}