{"id":664782,"date":"2025-04-29T19:18:30","date_gmt":"2025-04-29T18:18:30","guid":{"rendered":"https:\/\/shop.kustom.ch\/?post_type=product&#038;p=664782"},"modified":"2026-03-31T08:16:20","modified_gmt":"2026-03-31T07:16:20","slug":"high-vis-hose-4-wege-stretch-2","status":"publish","type":"product","link":"https:\/\/shop.kustom.ch\/it\/prodotto\/high-vis-hose-4-wege-stretch-2\/","title":{"rendered":"Pantaloni High Vis elasticizzati in 4 direzioni"},"content":{"rendered":"<p>Pantaloni High Vis realizzati in materiale elasticizzato a 4 vie incredibilmente morbido e flessibile che offre davvero il massimo comfort e vi rende visibili quando \u00e8 necessario. I pantaloni sono dotati di catarifrangenti segmentati, cintura alta sul retro, tasche portautensili staccabili, aree scure nelle zone a rischio di sporcizia e ventilazione sulle ginocchia e sul carr\u00e9. Le tasche per le ginocchia in CORDURA\u00ae stretch offrono protezione e comfort quando ci si inginocchia. Disponibile anche come modello 7022 da donna.<\/p>\n<p>FUNZIONALIT\u00c0: 4 vie elasticizzate. Ventilazione sul retro del ginocchio. Ventilazione sul carr\u00e9. Gambe dei pantaloni particolarmente ergonomiche. DETTAGLI: Tasca per carte d'identit\u00e0 staccabile. Anello a D. Bottoni in metallo. Portacoltelli con bottone. Zip in plastica sul cavallo. Ampi passanti per cintura sul retro e sui lati. Due passanti sui lati con bottone per il portamartello. Anello a D sulla cintura. Vita alta sul retro. TASCHE: Tasca sulla gamba con soffietto e patta con chiusura a velcro e tasca interna per cellulare in rete. Tasche posteriori rinforzate con soffietti. Tasche per ginocchiere. Tasche laterali. Tasche porta attrezzi - staccabili ed extra larghe, con passanti per attrezzi e scomparti aggiuntivi per attrezzi. Tasca rinforzata per regolo pieghevole con portacoltelli e portapenne. RINFORZO: Tasche per ginocchiere rinforzate in CORDURA\u00ae. Tasche portautensili, tasche posteriori e tasca porta metro rinforzate in CORDURA\u00ae. REFLEX: materiale riflettente intorno alle gambe. ISTRUZIONI DI LAVAGGIO: Numero di lavaggi: 50. 60\u00b0 C. Non candeggiare. Non stirare. Non lavare a secco. Asciugare in asciugatrice a bassa temperatura. PROPRIET\u00c0 PRINCIPALI: Artigiani. Lavoratori stradali ed edili. EN 14004. EN ISO 20471. TESSUTO: Disponibile per uomo e donna. Uomo. blu. Giallo alta visibilit\u00e0. Tasche portautensili staccabili. Tasche per ginocchiere. Stretch. Tasche porta attrezzi. Stretch. Protezione ad alta visibilit\u00e0. USP: 4 vie elasticizzate. Tasche portautensili staccabili. Inserti in rete traspirante. Tasche portautensili rinforzate in CORDURA\u00ae. Tasche per ginocchiere in CORDURA\u00ae stretch rinforzato. Strisce riflettenti segmentate. Gambe preformate. CERTIFICAZIONE: EN 14404:2004+A1:2010 insieme alle ginocchiere 4027, 4057, 4058 e 4032. EN ISO 20471, classe 2. gruppo di certificazione Y<\/p>\n<p>100% poliestere, doppio tessuto, elasticizzato in 4 direzioni, 260 g\/m\u00b2<\/p>","protected":false},"excerpt":{"rendered":"<p>High Vis Hose aus unglaublich weichem und flexiblem 4-Wege-Stretch, der wirklich den ultimativen Komfort bietet und dich sichtbar macht, wenn es am n\u00f6tigsten ist. Die Hose hat segmentierte Reflektoren, einen hohen Bund am R\u00fccken, abnehmbare Werkzeugtaschen, dunkle Bereiche an schmutzanf\u00e4lligen Stellen und eine Bel\u00fcftung an den Knien und der Passe. Knietaschen aus CORDURA\u00ae-Stretch bieten Schutz [&hellip;]<\/p>\n","protected":false},"featured_media":664790,"template":"","meta":[],"product_brand":[],"product_cat":[4185],"product_tag":[],"class_list":{"0":"post-664782","1":"product","2":"type-product","3":"status-publish","4":"has-post-thumbnail","6":"product_cat-hosen","7":"pa_brand-blaklaeder","8":"pa_brand-type-workwear","9":"pa_filter-color-blau","10":"pa_filter-color-gelb","11":"pa_filter-color-orange","12":"pa_filter-color-rot","13":"pa_filter-color-schwarz","15":"first","16":"instock","17":"sale","18":"taxable","19":"shipping-taxable","20":"purchasable","21":"product-type-variable","22":"add-to-wishlist-before_image"},"exclude_global_add_ons":[],"addons":[],"acf":[],"_links":{"self":[{"href":"https:\/\/shop.kustom.ch\/it\/wp-json\/wp\/v2\/product\/664782"}],"collection":[{"href":"https:\/\/shop.kustom.ch\/it\/wp-json\/wp\/v2\/product"}],"about":[{"href":"https:\/\/shop.kustom.ch\/it\/wp-json\/wp\/v2\/types\/product"}],"wp:featuredmedia":[{"embeddable":true,"href":"https:\/\/shop.kustom.ch\/it\/wp-json\/wp\/v2\/media\/664790"}],"wp:attachment":[{"href":"https:\/\/shop.kustom.ch\/it\/wp-json\/wp\/v2\/media?parent=664782"}],"wp:term":[{"taxonomy":"product_brand","embeddable":true,"href":"https:\/\/shop.kustom.ch\/it\/wp-json\/wp\/v2\/product_brand?post=664782"},{"taxonomy":"product_cat","embeddable":true,"href":"https:\/\/shop.kustom.ch\/it\/wp-json\/wp\/v2\/product_cat?post=664782"},{"taxonomy":"product_tag","embeddable":true,"href":"https:\/\/shop.kustom.ch\/it\/wp-json\/wp\/v2\/product_tag?post=664782"}],"curies":[{"name":"wp","href":"https:\/\/api.w.org\/{rel}","templated":true}]}}