{"id":664717,"date":"2025-04-29T19:18:05","date_gmt":"2025-04-29T18:18:05","guid":{"rendered":"https:\/\/shop.kustom.ch\/?post_type=product&#038;p=664717"},"modified":"2026-03-31T08:16:04","modified_gmt":"2026-03-31T07:16:04","slug":"high-vis-shorts-4-wege-stretch","status":"publish","type":"product","link":"https:\/\/shop.kustom.ch\/it\/prodotto\/high-vis-shorts-4-wege-stretch\/","title":{"rendered":"Pantaloncini High Vis stretch a 4 vie"},"content":{"rendered":"<p>Pantaloncini High Vis realizzati in materiale elasticizzato a 4 vie incredibilmente morbido e flessibile che offre davvero il massimo del comfort e vi rende visibili quando \u00e8 necessario. I pantaloncini sono dotati di catarifrangenti segmentati, fascia a vita alta sul retro, tasche per chiodi staccabili e ventilazione nel carr\u00e9. Disponibile anche come modello 7020 da donna.<\/p>\n<p>FUNZIONALIT\u00c0: 4 vie elasticizzate. Ventilazione sul carr\u00e9. DETTAGLI: Tasca per carte d'identit\u00e0 staccabile. Anello a D. Bottoni in metallo. Portacoltelli con bottone. Zip in plastica sul cavallo. Ampi passanti per cintura sul retro e sui lati. Due passanti sui lati con bottone per il portamartello. Anello a D sulla cintura. Vita alta sul retro. TASCHE: Tasca sulla gamba con soffietto e patta con chiusura a velcro e tasca interna per cellulare in rete. Tasche posteriori rinforzate con soffietti. Tasche laterali. Tasche porta attrezzi - staccabili ed extra larghe, con passanti per attrezzi e scomparti supplementari per attrezzi. Tasca rinforzata per regolo pieghevole con portacoltelli e portapenne. RINFORZO: tasche portautensili, tasche posteriori e tasca porta metro rinforzate in CORDURA\u00ae. REFLEX: materiale riflettente intorno alle gambe. ISTRUZIONI DI LAVAGGIO: Numero di lavaggi: 50. 60\u00b0 C. Non candeggiare. Non stirare. Non lavare a secco. Asciugare in asciugatrice a bassa temperatura. PROPRIET\u00c0 PRINCIPALI: Artigiani. Lavoratori stradali ed edili. Disponibile per uomo e donna. Uomo. EN ISO 20471. TESSUTO: Disponibile per uomo e donna. Uomo. blu. Giallo alta visibilit\u00e0. Tasche portautensili staccabili. Stretch. Stretch. Alta visibilit\u00e0. USP: stretch a 4 vie. Tasche portautensili staccabili. Tasche portautensili rinforzate in CORDURA\u00ae. Vestibilit\u00e0 aderente. Strisce riflettenti segmentate. CERTIFICAZIONE: EN ISO 20471, classe 1, gruppo di certificazione V.<\/p>\n<p>100% poliestere, doppio tessuto, elasticizzato in 4 direzioni, 260 g\/m\u00b2<\/p>","protected":false},"excerpt":{"rendered":"<p>High Vis Shorts aus unglaublich weichem und flexiblem 4-Wege-Stretch, der wirklich den ultimativen Komfort bietet und Sie sichtbar macht, wenn es am n\u00f6tigsten ist. Die Shorts haben segmentierte Reflektoren, einen hohen Bund am R\u00fccken, abnehmbare Nageltaschen und Bel\u00fcftung in der Passe. Auch als Damenmodell 7020 erh\u00e4ltlich. FUNKTIONALIT\u00c4T: 4-Wege-Stretch. L\u00fcftung an der Passe. DETAILS: Abnehmbare Ausweistasche. [&hellip;]<\/p>\n","protected":false},"featured_media":664740,"template":"","meta":[],"product_brand":[],"product_cat":[4198],"product_tag":[],"class_list":{"0":"post-664717","1":"product","2":"type-product","3":"status-publish","4":"has-post-thumbnail","6":"product_cat-shorts","7":"pa_brand-blaklaeder","8":"pa_brand-type-workwear","9":"pa_filter-color-blau","10":"pa_filter-color-gelb","11":"pa_filter-color-orange","12":"pa_filter-color-rot","13":"pa_filter-color-schwarz","15":"first","16":"instock","17":"sale","18":"taxable","19":"shipping-taxable","20":"purchasable","21":"product-type-variable","22":"add-to-wishlist-before_image"},"exclude_global_add_ons":[],"addons":[],"acf":[],"_links":{"self":[{"href":"https:\/\/shop.kustom.ch\/it\/wp-json\/wp\/v2\/product\/664717"}],"collection":[{"href":"https:\/\/shop.kustom.ch\/it\/wp-json\/wp\/v2\/product"}],"about":[{"href":"https:\/\/shop.kustom.ch\/it\/wp-json\/wp\/v2\/types\/product"}],"wp:featuredmedia":[{"embeddable":true,"href":"https:\/\/shop.kustom.ch\/it\/wp-json\/wp\/v2\/media\/664740"}],"wp:attachment":[{"href":"https:\/\/shop.kustom.ch\/it\/wp-json\/wp\/v2\/media?parent=664717"}],"wp:term":[{"taxonomy":"product_brand","embeddable":true,"href":"https:\/\/shop.kustom.ch\/it\/wp-json\/wp\/v2\/product_brand?post=664717"},{"taxonomy":"product_cat","embeddable":true,"href":"https:\/\/shop.kustom.ch\/it\/wp-json\/wp\/v2\/product_cat?post=664717"},{"taxonomy":"product_tag","embeddable":true,"href":"https:\/\/shop.kustom.ch\/it\/wp-json\/wp\/v2\/product_tag?post=664717"}],"curies":[{"name":"wp","href":"https:\/\/api.w.org\/{rel}","templated":true}]}}