{"id":664656,"date":"2025-04-29T19:17:40","date_gmt":"2025-04-29T18:17:40","guid":{"rendered":"https:\/\/shop.kustom.ch\/?post_type=product&#038;p=664656"},"modified":"2026-03-31T08:31:06","modified_gmt":"2026-03-31T07:31:06","slug":"handwerker-arbeitshose-ohne-nageltaschen-2","status":"publish","type":"product","link":"https:\/\/shop.kustom.ch\/it\/prodotto\/handwerker-arbeitshose-ohne-nageltaschen-2\/","title":{"rendered":"Pantaloni da lavoro artigianali senza tasche per chiodi"},"content":{"rendered":"<p>Pantaloni da lavoro artigianali funzionali e confortevoli con tasche facilmente accessibili, tra cui una tasca per cellulare in materiale elasticizzato adatta alla maggior parte dei telefoni cellulari. Tasche per ginocchiere in tessuto elasticizzato CORDURA\u00ae per una vestibilit\u00e0 e una durata ottimali. Due tasche posteriori con soffietto e passante per il portamartello e tasca rinforzata per il righello con portapenne e portacoltelli. Le gambe preformate garantiscono una buona vestibilit\u00e0.<\/p>\n<p>FUNZIONALIT\u00c0: Inserti elasticizzati sul carr\u00e9 posteriore, sulle ginocchia e sul retro delle ginocchia. Gambe dei pantaloni particolarmente ergonomiche. DETTAGLI: Tasca per carte d'identit\u00e0 staccabile. Bottoni in metallo. Cucitura interna della gamba con tripla impuntura. Zip in plastica sul cavallo. Due passanti per cintura ai lati con bottone per il passante a martello, un passante per cintura con anello a D sul davanti. Ampio passante per cintura sul retro. TASCHE: tasca sulla gamba con soffietto, tasca per le penne, tasca flessibile per il cellulare e due ampie tasche, di cui una con cerniera e tasca per carte d'identit\u00e0 staccabile. Tasche posteriori rinforzate con soffietti. Tasche per ginocchiere. Tasche laterali. Tasca rinforzata per regolo pieghevole con portacoltelli e portapenne. RINFORZO: tasche per ginocchiere rinforzate in CORDURA\u00ae. Rinforzo in CORDURA\u00ae sulle tasche posteriori. ISTRUZIONI DI LAVAGGIO: 60\u00b0 C. Ferro da stiro medio. Non candeggiare. Non lavare a secco. Asciugare in asciugatrice - bassa. PROPRIET\u00c0 PRINCIPALI: Lavoratore del calcestruzzo. Elettricista. Tuttofare. Idraulico. Magazziniere. Meccanico. EN 14004. TESSUTO: Uomo. nero. Tasche per ginocchiere. Artigiano. CERTIFICAZIONE: EN 14404:2004+A1:2010 insieme alle ginocchiere 4027, 4057, 4058 e 4032.<\/p>\n<p>100% Cotone, tela, 270 g\/m\u00b2<\/p>","protected":false},"excerpt":{"rendered":"<p>Funktionelle und komfortable Handwerker Arbeitshose mit leicht zug\u00e4nglichen Taschen, einschliesslich einer Handytasche aus Stretchmaterial, in die f\u00fcr die meisten Handys geeignet ist. Kniepolstertaschen aus CORDURA\u00ae Stretch Stoff f\u00fcr optimale Passform und Haltbarkeit. Zwei Ges\u00e4sstaschen mit Faltenbalg und Schlaufe f\u00fcr Hammerhalter und verst\u00e4rkte Zollstocktasche mit Stifttasche und Messerhalter. Vorgeformte Beine sorgen f\u00fcr einen guten Sitz. FUNKTIONALIT\u00c4T: [&hellip;]<\/p>\n","protected":false},"featured_media":664683,"template":"","meta":[],"product_brand":[],"product_cat":[4185],"product_tag":[],"class_list":{"0":"post-664656","1":"product","2":"type-product","3":"status-publish","4":"has-post-thumbnail","6":"product_cat-hosen","7":"pa_brand-blaklaeder","8":"pa_brand-type-workwear","9":"pa_filter-color-blau","10":"pa_filter-color-gelb","11":"pa_filter-color-schwarz","13":"first","14":"instock","15":"sale","16":"taxable","17":"shipping-taxable","18":"purchasable","19":"product-type-variable","20":"add-to-wishlist-before_image"},"exclude_global_add_ons":[],"addons":[],"acf":[],"_links":{"self":[{"href":"https:\/\/shop.kustom.ch\/it\/wp-json\/wp\/v2\/product\/664656"}],"collection":[{"href":"https:\/\/shop.kustom.ch\/it\/wp-json\/wp\/v2\/product"}],"about":[{"href":"https:\/\/shop.kustom.ch\/it\/wp-json\/wp\/v2\/types\/product"}],"wp:featuredmedia":[{"embeddable":true,"href":"https:\/\/shop.kustom.ch\/it\/wp-json\/wp\/v2\/media\/664683"}],"wp:attachment":[{"href":"https:\/\/shop.kustom.ch\/it\/wp-json\/wp\/v2\/media?parent=664656"}],"wp:term":[{"taxonomy":"product_brand","embeddable":true,"href":"https:\/\/shop.kustom.ch\/it\/wp-json\/wp\/v2\/product_brand?post=664656"},{"taxonomy":"product_cat","embeddable":true,"href":"https:\/\/shop.kustom.ch\/it\/wp-json\/wp\/v2\/product_cat?post=664656"},{"taxonomy":"product_tag","embeddable":true,"href":"https:\/\/shop.kustom.ch\/it\/wp-json\/wp\/v2\/product_tag?post=664656"}],"curies":[{"name":"wp","href":"https:\/\/api.w.org\/{rel}","templated":true}]}}