{"id":664482,"date":"2025-04-29T19:16:16","date_gmt":"2025-04-29T18:16:16","guid":{"rendered":"https:\/\/shop.kustom.ch\/?post_type=product&#038;p=664482"},"modified":"2026-03-31T08:43:16","modified_gmt":"2026-03-31T07:43:16","slug":"storm-winterstiefel","status":"publish","type":"product","link":"https:\/\/shop.kustom.ch\/it\/prodotto\/storm-winterstiefel\/","title":{"rendered":"Stivali invernali STORM"},"content":{"rendered":"<p>Uno stivale invernale realizzato in pelle di alta qualit\u00e0 con una membrana che lo rende impermeabile. La calda fodera in lana\/poliestere e l'isolamento Thinsulate\u2122 offrono un comfort eccezionale anche nelle fredde giornate invernali. La scarpa \u00e8 dotata di un puntale in materiale composito e di un'intersuola morbida, flessibile e resistente alle forature, in grado di sopportare il rigore dei chiodi da 3 mm. La suola in gomma nitrilica \u00e8 stata sviluppata per garantire una buona aderenza anche su neve e ghiaccio. La soletta anatomica \u00e8 realizzata in morbido materiale PU ed \u00e8 dotata di una calda fodera interna per un comfort ottimale. Il sistema Freelock rende lo stivale facile da indossare e da togliere. Ideale per lavori all'aperto in edilizia, trasporti, manutenzione, riparazione e operazioni. Forma da donna nelle taglie 35-39.<\/p>\n<p>FUNZIONALIT\u00c0: Propriet\u00e0 antistatiche. Soletta traspirante. Rinforzo del tallone. Freelock. Bordo dell'albero imbottito. Suola esterna resistente al calore. Suola esterna oleorepellente. Dettagli riflettenti. Impermeabile. Punta rinforzata. TOMAIA: Pelle trattata con olio. Vestibilit\u00e0: extra large. MATERIALE DEL PANNELLO: Tessile PS. FODERA: Poliestere. Lana\/poliestere. MATERIALE SUOLA INTERNA: Tessile, PU morbido. TESSUTO: Unisex. marrone. nero. impermeabile. SIMBOLI: Isolamento a freddo. Freelock. Resistente al carburante. HRO 300. Impugnatura della scala. Nailpen tessile PS. Abrasione del tappo. Antiscivolo. Puntale in materiale composito. Resistente all'acqua. Forma ampia. Lana. USP: Soletta anatomica in PU morbido. Propriet\u00e0 antistatiche. Soletta traspirante. Calzata extra-larga. Soluzione Freelock. Fodera in lana\/poliestere e isolamento Thinsulate\u2122. Suola resistente al calore. Completamente impermeabile. Suola esterna resistente agli oli. Dettagli riflettenti. Protezione dalla penetrazione tessile in standard PS. Puntale in materiale composito. MATERIALE DEL PLANTARE: Composito. CERTIFICAZIONE: EN ISO 20345:2022 S7S FO SR HRO CI SC LG<\/p>","protected":false},"excerpt":{"rendered":"<p>Ein Winterstiefel aus hochwertigem Leder mit einer Membran, die ihn wasserdicht macht. Das Warmfutter aus Wolle\/Polyester und Thinsulate\u2122-Isolierung bietet auch an kalten Wintertagen hervorragenden Komfort. Der Schuh hat eine Komposit-Zehenschutzkappe und eine weiche, flexible, durchtrittsichere Zwischensohle, die den harten Anforderungen von 3 mm-N\u00e4geln standh\u00e4lt. Die griffige Laufsohle aus Nitrilgummi wurde entwickelt, um auch auf Schnee [&hellip;]<\/p>\n","protected":false},"featured_media":664496,"template":"","meta":[],"product_brand":[],"product_cat":[4197,4209],"product_tag":[],"class_list":{"0":"post-664482","1":"product","2":"type-product","3":"status-publish","4":"has-post-thumbnail","6":"product_cat-schuhe-sandalen","7":"product_cat-zubehoer","8":"pa_brand-blaklaeder","9":"pa_brand-type-workwear","10":"pa_filter-color-braun","11":"pa_filter-color-schwarz","13":"first","14":"instock","15":"sale","16":"taxable","17":"shipping-taxable","18":"purchasable","19":"product-type-variable","20":"add-to-wishlist-before_image"},"exclude_global_add_ons":[],"addons":[],"acf":[],"_links":{"self":[{"href":"https:\/\/shop.kustom.ch\/it\/wp-json\/wp\/v2\/product\/664482"}],"collection":[{"href":"https:\/\/shop.kustom.ch\/it\/wp-json\/wp\/v2\/product"}],"about":[{"href":"https:\/\/shop.kustom.ch\/it\/wp-json\/wp\/v2\/types\/product"}],"wp:featuredmedia":[{"embeddable":true,"href":"https:\/\/shop.kustom.ch\/it\/wp-json\/wp\/v2\/media\/664496"}],"wp:attachment":[{"href":"https:\/\/shop.kustom.ch\/it\/wp-json\/wp\/v2\/media?parent=664482"}],"wp:term":[{"taxonomy":"product_brand","embeddable":true,"href":"https:\/\/shop.kustom.ch\/it\/wp-json\/wp\/v2\/product_brand?post=664482"},{"taxonomy":"product_cat","embeddable":true,"href":"https:\/\/shop.kustom.ch\/it\/wp-json\/wp\/v2\/product_cat?post=664482"},{"taxonomy":"product_tag","embeddable":true,"href":"https:\/\/shop.kustom.ch\/it\/wp-json\/wp\/v2\/product_tag?post=664482"}],"curies":[{"name":"wp","href":"https:\/\/api.w.org\/{rel}","templated":true}]}}