{"id":664426,"date":"2025-04-29T19:15:47","date_gmt":"2025-04-29T18:15:47","guid":{"rendered":"https:\/\/shop.kustom.ch\/?post_type=product&#038;p=664426"},"modified":"2026-03-31T09:09:38","modified_gmt":"2026-03-31T08:09:38","slug":"maler-piratenhose-fuer-damen-mit-stretch","status":"publish","type":"product","link":"https:\/\/shop.kustom.ch\/it\/prodotto\/maler-piratenhose-fuer-damen-mit-stretch\/","title":{"rendered":"Pantaloni pirata da pittore per donna, elasticizzati"},"content":{"rendered":"<p>Comodi pantaloni da pirata con tasche per attrezzi, tasche esterne per ginocchiere e inserti elasticizzati in aree accuratamente selezionate come il cavallo, le ginocchia e la seduta per una maggiore mobilit\u00e0 e comfort. L'elevato contenuto di cotone rende il tessuto altamente assorbente. Questi pantaloni da pirata in vestibilit\u00e0 femminile sono dotati di numerose tasche funzionali e di tasche per imbottiture e chiodi rinforzate in CORDURA\u00ae. Disponibile come modello da uomo 1912.<\/p>\n<p>FUNZIONALIT\u00c0: inserto elasticizzato su cavallo, ginocchia, fianchi e polpaccio. Gambe dei pantaloni particolarmente ergonomiche. Taglia donna. DETTAGLI: Bottone in metallo. Zip in plastica sul cavallo. Anello a D sulla cintura. Vita elasticizzata. TASCHE: Tasca sulla gamba per spatole e pennelli. Tasche sulla gamba con soffietto, cerniera, penna e coltello. Tasche posteriori. Tasca interna per cellulare. Tasche esterne per ginocchiere. Tasche laterali. Tasche anteriori per attrezzi. RINFORZO: tasche per ginocchiere rinforzate in CORDURA\u00ae. Tasche portautensili e porta righello rinforzate in CORDURA\u00ae. ISTRUZIONI DI LAVAGGIO: 40\u00b0 C. Stirare a bassa temperatura. Non candeggiare. Non lavare a secco. Non centrifugare. PROPRIET\u00c0 PRINCIPALI: Pittori. Signore. Disponibile per uomo e donna. EN 14004. TESSUTO: Donna. Disponibile per uomo e donna. nero. bianco. Tasche per ginocchiere. Inserto elasticizzato. Tasche per attrezzi. Verniciatore. Stretch. USP: tasche portautensili rinforzate in CORDURA\u00ae. Tasche per ginocchiere in CORDURA\u00ae stretch rinforzato. Inserti elasticizzati. Gambe preformate. CERTIFICAZIONE: EN 14404:2004+A1:2010 insieme alle ginocchiere 4027 e 4057.<\/p>\n<p>100% Cotone, tela, 270 g\/m\u00b2<\/p>","protected":false},"excerpt":{"rendered":"<p>Bequeme Piratenhose mit Werkzeugtaschen, externen Kniepolstertaschen und Stretcheins\u00e4tzen an sorgf\u00e4ltig ausgew\u00e4hlten Stellen wie Schritt, Knie und Ges\u00e4ss f\u00fcr mehr Beweglichkeit und Komfort. Der hohe Baumwollanteil verleiht dem Stoff eine hohe Saugf\u00e4higkeit. Diese Piratenhose in Damenpassform verf\u00fcgt \u00fcber mehrere funktionelle Taschen sowie CORDURA\u00ae-verst\u00e4rkte Spachtel- und Nageltaschen. Erh\u00e4ltlich als Herrenmodell 1912. FUNKTIONALIT\u00c4T: Stretch-Einsatz im Schritt, an den [&hellip;]<\/p>\n","protected":false},"featured_media":664446,"template":"","meta":[],"product_brand":[],"product_cat":[4198],"product_tag":[],"class_list":{"0":"post-664426","1":"product","2":"type-product","3":"status-publish","4":"has-post-thumbnail","6":"product_cat-shorts","7":"pa_brand-blaklaeder","8":"pa_brand-type-workwear","9":"pa_filter-color-schwarz","10":"pa_filter-color-weiss","12":"first","13":"instock","14":"sale","15":"taxable","16":"shipping-taxable","17":"purchasable","18":"product-type-variable","19":"add-to-wishlist-before_image"},"exclude_global_add_ons":[],"addons":[],"acf":[],"_links":{"self":[{"href":"https:\/\/shop.kustom.ch\/it\/wp-json\/wp\/v2\/product\/664426"}],"collection":[{"href":"https:\/\/shop.kustom.ch\/it\/wp-json\/wp\/v2\/product"}],"about":[{"href":"https:\/\/shop.kustom.ch\/it\/wp-json\/wp\/v2\/types\/product"}],"wp:featuredmedia":[{"embeddable":true,"href":"https:\/\/shop.kustom.ch\/it\/wp-json\/wp\/v2\/media\/664446"}],"wp:attachment":[{"href":"https:\/\/shop.kustom.ch\/it\/wp-json\/wp\/v2\/media?parent=664426"}],"wp:term":[{"taxonomy":"product_brand","embeddable":true,"href":"https:\/\/shop.kustom.ch\/it\/wp-json\/wp\/v2\/product_brand?post=664426"},{"taxonomy":"product_cat","embeddable":true,"href":"https:\/\/shop.kustom.ch\/it\/wp-json\/wp\/v2\/product_cat?post=664426"},{"taxonomy":"product_tag","embeddable":true,"href":"https:\/\/shop.kustom.ch\/it\/wp-json\/wp\/v2\/product_tag?post=664426"}],"curies":[{"name":"wp","href":"https:\/\/api.w.org\/{rel}","templated":true}]}}