{"id":664363,"date":"2025-04-29T19:15:23","date_gmt":"2025-04-29T18:15:23","guid":{"rendered":"https:\/\/shop.kustom.ch\/?post_type=product&#038;p=664363"},"modified":"2026-03-31T09:09:05","modified_gmt":"2026-03-31T08:09:05","slug":"damenhose-high-vis-4-wege-stretch-2","status":"publish","type":"product","link":"https:\/\/shop.kustom.ch\/it\/prodotto\/damenhose-high-vis-4-wege-stretch-2\/","title":{"rendered":"Pantaloni da donna High Vis 4-way stretch"},"content":{"rendered":"<p>I pantaloni da donna ad alta visibilit\u00e0 sono realizzati interamente in materiale elasticizzato a 4 direzioni, incredibilmente morbido e flessibile, per il massimo comfort e la massima visibilit\u00e0 quando ne avete bisogno. I pantaloni sono dotati di catarifrangenti segmentati, vita alta e regolabile con chiusura a velcro, tasche per chiodi staccabili e ventilazione sulle ginocchia e sul carr\u00e9. Le tasche per le ginocchia in CORDURA\u00ae stretch offrono protezione e comfort quando ci si inginocchia. Disponibile anche come modello da uomo 1125.<\/p>\n<p>FUNZIONALIT\u00c0: 4 vie elasticizzate. Ventilazione sul retro del ginocchio. Ventilazione sul carr\u00e9. Gambe dei pantaloni particolarmente ergonomiche. Taglia donna. DETTAGLI: Tasca per carte d'identit\u00e0 staccabile. Anello a D. Passante per martello sul lato. Bottoni in metallo. Portacoltelli con bottone. Zip in plastica sul cavallo. Ampio passante sul retro. Anello a D in vita. Vita alta sul retro. Vita regolabile. TASCHE: Tasca sulla gamba con soffietto e patta con chiusura a velcro e tasca interna per cellulare in rete. Tasche posteriori rinforzate con soffietti. Tasche per ginocchiere. Tasche laterali. Tasche porta attrezzi - staccabili ed extra larghe, con passanti per attrezzi e scomparti aggiuntivi per attrezzi. Tasca rinforzata per regolo pieghevole con portacoltelli e portapenne. RINFORZO: Tasche per ginocchiere rinforzate in CORDURA\u00ae. Tasche portautensili, tasche posteriori e tasca porta metro rinforzate in CORDURA\u00ae. REFLEX: materiale riflettente intorno alle gambe. ISTRUZIONI DI LAVAGGIO: Numero di lavaggi: 50. 60\u00b0 C. Non candeggiare. Non stirare. Non lavare a secco. Asciugare in asciugatrice a bassa temperatura. PROPRIET\u00c0 PRINCIPALI: Artigiani. Lavoratori stradali ed edili. EN 14004. EN ISO 20471. TESSUTO: Donna. blu. Giallo alta visibilit\u00e0. Tasche per ginocchiere. Stretch. Tasche porta attrezzi. Stretch. Protezione ad alta visibilit\u00e0. USP: stretch a 4 vie. Inserti in rete traspirante. Tasche portautensili rinforzate in CORDURA\u00ae. Tasche portautensili extra larghe. Tasche per ginocchiere in CORDURA\u00ae stretch rinforzato. Strisce riflettenti segmentate. Gambe preformate. CERTIFICAZIONE: EN 14404:2004+A1:2010 insieme alle ginocchiere 4027, 4057, 4058 e 4032. EN ISO 20471, classe 1. gruppo di certificazione W<\/p>\n<p>100% poliestere, doppio tessuto, elasticizzato in 4 direzioni, 260 g\/m\u00b2<\/p>","protected":false},"excerpt":{"rendered":"<p>Die Warnschutzhose f\u00fcr Damen ist komplett aus unglaublich weichem und flexiblem 4-Wege-Stretch gefertigt, der f\u00fcr ultimativen Komfort sorgt und Sie sichtbar macht, wenn es am n\u00f6tigsten ist. Die Hose hat segmentierte Reflektoren, einen hohen und verstellbaren Bund mit Klettverschluss, abnehmbare Nageltaschen und Bel\u00fcftung in den Knien und an der Passe. Knietaschen aus CORDURA\u00ae-Stretch bieten Schutz [&hellip;]<\/p>\n","protected":false},"featured_media":664372,"template":"","meta":[],"product_brand":[],"product_cat":[4185],"product_tag":[],"class_list":{"0":"post-664363","1":"product","2":"type-product","3":"status-publish","4":"has-post-thumbnail","6":"product_cat-hosen","7":"pa_brand-blaklaeder","8":"pa_brand-type-workwear","9":"pa_filter-color-blau","10":"pa_filter-color-gelb","11":"pa_filter-color-orange","12":"pa_filter-color-rot","13":"pa_filter-color-schwarz","15":"first","16":"instock","17":"sale","18":"taxable","19":"shipping-taxable","20":"purchasable","21":"product-type-variable","22":"add-to-wishlist-before_image"},"exclude_global_add_ons":[],"addons":[],"acf":[],"_links":{"self":[{"href":"https:\/\/shop.kustom.ch\/it\/wp-json\/wp\/v2\/product\/664363"}],"collection":[{"href":"https:\/\/shop.kustom.ch\/it\/wp-json\/wp\/v2\/product"}],"about":[{"href":"https:\/\/shop.kustom.ch\/it\/wp-json\/wp\/v2\/types\/product"}],"wp:featuredmedia":[{"embeddable":true,"href":"https:\/\/shop.kustom.ch\/it\/wp-json\/wp\/v2\/media\/664372"}],"wp:attachment":[{"href":"https:\/\/shop.kustom.ch\/it\/wp-json\/wp\/v2\/media?parent=664363"}],"wp:term":[{"taxonomy":"product_brand","embeddable":true,"href":"https:\/\/shop.kustom.ch\/it\/wp-json\/wp\/v2\/product_brand?post=664363"},{"taxonomy":"product_cat","embeddable":true,"href":"https:\/\/shop.kustom.ch\/it\/wp-json\/wp\/v2\/product_cat?post=664363"},{"taxonomy":"product_tag","embeddable":true,"href":"https:\/\/shop.kustom.ch\/it\/wp-json\/wp\/v2\/product_tag?post=664363"}],"curies":[{"name":"wp","href":"https:\/\/api.w.org\/{rel}","templated":true}]}}