{"id":664204,"date":"2025-04-29T19:14:09","date_gmt":"2025-04-29T18:14:09","guid":{"rendered":"https:\/\/shop.kustom.ch\/?post_type=product&#038;p=664204"},"modified":"2026-03-31T09:08:58","modified_gmt":"2026-03-31T08:08:58","slug":"damen-shorts-high-vis-4-wege-stretch","status":"publish","type":"product","link":"https:\/\/shop.kustom.ch\/it\/prodotto\/damen-shorts-high-vis-4-wege-stretch\/","title":{"rendered":"Pantaloncini da donna High Vis 4-way stretch"},"content":{"rendered":"<p>Pantaloncini da donna ad alta visibilit\u00e0 realizzati in materiale elasticizzato a 4 vie incredibilmente morbido e flessibile che offre il massimo comfort e vi rende visibili quando \u00e8 necessario. I pantaloncini sono dotati di catarifrangenti segmentati, vita alta e regolabile con chiusura in velcro, tasche per unghie staccabili e ventilazione nel carr\u00e9. Disponibile anche come modello da uomo 1120.<\/p>\n<p>FUNZIONALIT\u00c0: elasticizzato in 4 direzioni. Vestibilit\u00e0 regolare. DETTAGLI: Tasca per carte d'identit\u00e0 staccabile. Anello a D. Passante per martello sul lato. Bottoni in metallo. Portacoltelli con bottone. Doppia cucitura sul cavallo. Zip in plastica sul cavallo. Ampio passante sul retro. Anello a D sulla cintura. Vita alta sul retro. Vita regolabile. TASCHE: Tasca sulla gamba con soffietto e patta con chiusura a velcro e tasca interna per cellulare in rete. Tasche posteriori rinforzate con soffietti. Tasche laterali. Tasche portautensili - extra larghe, con passanti per utensili e scomparti supplementari per utensili. Tasca rinforzata per regolo pieghevole con portacoltelli e portapenne. RINFORZO: tasche portautensili, tasche posteriori e tasca porta metro pieghevole rinforzate in CORDURA\u00ae. REFLEX: materiale riflettente intorno alle gambe. ISTRUZIONI DI LAVAGGIO: Numero di lavaggi: 50. 60\u00b0 C. Non candeggiare. Non stirare. Non lavare a secco. Asciugare in asciugatrice a bassa temperatura. PROPRIET\u00c0 PRINCIPALI: Artigiani. Lavoratori stradali ed edili. Donna. EN ISO 20471. TESSUTO: Donna. blu. Giallo alta visibilit\u00e0. Stretch. Tasche portautensili. Stretch. Alta visibilit\u00e0. USP: 4 vie elasticizzate. Tasche portautensili staccabili. Tasche portautensili rinforzate in CORDURA\u00ae. Vestibilit\u00e0 aderente. Strisce riflettenti segmentate. CERTIFICAZIONE: EN ISO 20471, classe 1, gruppo di certificazione V.<\/p>\n<p>100% poliestere, doppio tessuto, elasticizzato in 4 direzioni, 260 g\/m\u00b2<\/p>","protected":false},"excerpt":{"rendered":"<p>High Vis Shorts in Damenpassform aus unglaublich weichem und flexiblem 4-Wege-Stretch, der ultimativen Komfort bietet und Sie sichtbar macht, wenn es am n\u00f6tigsten ist. Die Shorts haben segmentierte Reflektoren, einen hohen und verstellbaren Bund mit Klettverschluss, abnehmbare Nageltaschen und Bel\u00fcftung in der Passe. Auch als Herrenmodell 1120 erh\u00e4ltlich. FUNKTIONALIT\u00c4T: 4-Wege-Stretch. Normale Passform. DETAILS: Abnehmbare Ausweistasche. [&hellip;]<\/p>\n","protected":false},"featured_media":664259,"template":"","meta":[],"product_brand":[],"product_cat":[4198],"product_tag":[],"class_list":{"0":"post-664204","1":"product","2":"type-product","3":"status-publish","4":"has-post-thumbnail","6":"product_cat-shorts","7":"pa_brand-blaklaeder","8":"pa_brand-type-workwear","9":"pa_filter-color-blau","10":"pa_filter-color-gelb","11":"pa_filter-color-orange","12":"pa_filter-color-rot","13":"pa_filter-color-schwarz","15":"first","16":"instock","17":"sale","18":"taxable","19":"shipping-taxable","20":"purchasable","21":"product-type-variable","22":"add-to-wishlist-before_image"},"exclude_global_add_ons":[],"addons":[],"acf":[],"_links":{"self":[{"href":"https:\/\/shop.kustom.ch\/it\/wp-json\/wp\/v2\/product\/664204"}],"collection":[{"href":"https:\/\/shop.kustom.ch\/it\/wp-json\/wp\/v2\/product"}],"about":[{"href":"https:\/\/shop.kustom.ch\/it\/wp-json\/wp\/v2\/types\/product"}],"wp:featuredmedia":[{"embeddable":true,"href":"https:\/\/shop.kustom.ch\/it\/wp-json\/wp\/v2\/media\/664259"}],"wp:attachment":[{"href":"https:\/\/shop.kustom.ch\/it\/wp-json\/wp\/v2\/media?parent=664204"}],"wp:term":[{"taxonomy":"product_brand","embeddable":true,"href":"https:\/\/shop.kustom.ch\/it\/wp-json\/wp\/v2\/product_brand?post=664204"},{"taxonomy":"product_cat","embeddable":true,"href":"https:\/\/shop.kustom.ch\/it\/wp-json\/wp\/v2\/product_cat?post=664204"},{"taxonomy":"product_tag","embeddable":true,"href":"https:\/\/shop.kustom.ch\/it\/wp-json\/wp\/v2\/product_tag?post=664204"}],"curies":[{"name":"wp","href":"https:\/\/api.w.org\/{rel}","templated":true}]}}