{"id":664167,"date":"2025-04-29T19:13:38","date_gmt":"2025-04-29T18:13:38","guid":{"rendered":"https:\/\/shop.kustom.ch\/?post_type=product&#038;p=664167"},"modified":"2026-03-31T08:54:45","modified_gmt":"2026-03-31T07:54:45","slug":"damen-sweatshirt-high-vis-mit-reissverschluss","status":"publish","type":"product","link":"https:\/\/shop.kustom.ch\/it\/prodotto\/damen-sweatshirt-high-vis-mit-reissverschluss\/","title":{"rendered":"Felpa donna High Vis con zip"},"content":{"rendered":"<p>Felpa da donna con tasca a canguro e zip frontale. La felpa \u00e8 bicolore con sezioni scure nelle aree soggette a sporcizia. Disponibile anche come modello da uomo 3558.<\/p>\n<p>FUNZIONALIT\u00c0: macchie di colore scuro nelle zone esposte allo sporco. Taglia da donna. DETTAGLI: Anello a D. Collo alto. Buone superfici per le rifiniture. TASCHE: Tasca a canguro, tasca interna per cellulare con zip. CHIUSURA ANTERIORE: robusta zip in metallo. REFLEX: strisce riflettenti a trasferimento larghe 50 mm. Materiale riflettente su busto, maniche e spalle. CHIUSURA: Polsini con polsini. Vita a coste. ISTRUZIONI DI LAVAGGIO: Numero di lavaggi: 25. 60\u00b0 C. Non candeggiare. Non stirare. Non lavare a secco. Asciugare a tamburo - basso. PROPRIET\u00c0 PRINCIPALI: Autista. Artigiani. Lavoratori stradali e edili. Signore. EN ISO 20471. RIS-3279-TOM . TESSUTO: Donna. blu. Giallo alta visibilit\u00e0. Rosso alta visibilit\u00e0. nero. Alta visibilit\u00e0. CERTIFICAZIONE: EN ISO 20471, XS-S classe 1, M -&gt; classe 2. Gli indumenti di classe 2 e 3 in arancione sono conformi alla norma RIS-3279-TOM Edizione 2. gruppo di certificazione E-&gt;S<\/p>\n<p>100% poliestere, jersey, interno spazzolato, 270 g\/m\u00b2<\/p>","protected":false},"excerpt":{"rendered":"<p>Sweatshirt in Damenpassform mit K\u00e4ngurutasche und Frontreissverschluss. Das Sweatshirt ist zweifarbig mit dunklen Abschnitten an schmutzanf\u00e4lligen Stellen. Auch als Herrenmodell 3558 erh\u00e4ltlich. FUNKTIONALIT\u00c4T: Dunkle Farbfelder in Schmutz ausgesetzten Bereichen. Damengr\u00f6sse. DETAILS: D-Ring. Hoher Kragen. Gute Oberfl\u00e4chen f\u00fcr Veredelung. TASCHEN: K\u00e4ngurutasche, Handytasche innen mit Reissverschluss. FRONTVERSCHLUSS: Robuster Reissverschluss aus Metall. REFLEX: 50 mm breite Transferreflexstreifen. Reflexmaterial [&hellip;]<\/p>\n","protected":false},"featured_media":664222,"template":"","meta":[],"product_brand":[],"product_cat":[4184],"product_tag":[],"class_list":{"0":"post-664167","1":"product","2":"type-product","3":"status-publish","4":"has-post-thumbnail","6":"product_cat-hoodies-pullover","7":"pa_brand-blaklaeder","8":"pa_brand-type-workwear","9":"pa_filter-color-blau","10":"pa_filter-color-gelb","11":"pa_filter-color-orange","12":"pa_filter-color-rot","13":"pa_filter-color-schwarz","15":"first","16":"instock","17":"sale","18":"taxable","19":"shipping-taxable","20":"purchasable","21":"product-type-variable","22":"add-to-wishlist-before_image"},"exclude_global_add_ons":[],"addons":[],"acf":[],"_links":{"self":[{"href":"https:\/\/shop.kustom.ch\/it\/wp-json\/wp\/v2\/product\/664167"}],"collection":[{"href":"https:\/\/shop.kustom.ch\/it\/wp-json\/wp\/v2\/product"}],"about":[{"href":"https:\/\/shop.kustom.ch\/it\/wp-json\/wp\/v2\/types\/product"}],"wp:featuredmedia":[{"embeddable":true,"href":"https:\/\/shop.kustom.ch\/it\/wp-json\/wp\/v2\/media\/664222"}],"wp:attachment":[{"href":"https:\/\/shop.kustom.ch\/it\/wp-json\/wp\/v2\/media?parent=664167"}],"wp:term":[{"taxonomy":"product_brand","embeddable":true,"href":"https:\/\/shop.kustom.ch\/it\/wp-json\/wp\/v2\/product_brand?post=664167"},{"taxonomy":"product_cat","embeddable":true,"href":"https:\/\/shop.kustom.ch\/it\/wp-json\/wp\/v2\/product_cat?post=664167"},{"taxonomy":"product_tag","embeddable":true,"href":"https:\/\/shop.kustom.ch\/it\/wp-json\/wp\/v2\/product_tag?post=664167"}],"curies":[{"name":"wp","href":"https:\/\/api.w.org\/{rel}","templated":true}]}}