{"id":664165,"date":"2025-04-29T19:13:38","date_gmt":"2025-04-29T18:13:38","guid":{"rendered":"https:\/\/shop.kustom.ch\/?post_type=product&#038;p=664165"},"modified":"2026-03-31T08:54:06","modified_gmt":"2026-03-31T07:54:06","slug":"flammfester-pullover","status":"publish","type":"product","link":"https:\/\/shop.kustom.ch\/it\/prodotto\/flammfester-pullover\/","title":{"rendered":"Ponticello ignifugo"},"content":{"rendered":"<p>Maglia ignifuga alla moda, comoda e molto utile, di qualit\u00e0 intrinseca, con pannelli laterali per una migliore vestibilit\u00e0 ergonomica. Il maglione \u00e8 ricamato per indicare che \u00e8 ignifugo, ha uno scollo rotondo e un'intelligente tasca laterale per il telefono o altre attrezzature tecniche. Certificato secondo le norme EN 1149-5, EN 61482-2, APC 1, EN ISO 11612, EBT - 13 cal\/cm\u00b2, ELIM - 12 cal\/cm\u00b2.<\/p>\n<p>FUNZIONALIT\u00c0: vestibilit\u00e0 ergonomica per una migliore mobilit\u00e0. DETTAGLI: Etichette esterne di certificazione. Ricamo decorativo ignifugo. TASCHE: Tasca per cellulare sul lato destro. CHIUSURA: Polsini con risvolto. Vita a coste. ISTRUZIONI DI LAVAGGIO: 60\u00b0 C. Non candeggiare. Non stirare. Non lavare a secco. Non centrifugare. PROPRIET\u00c0 PRINCIPALI: Elettricista. Artigiano. Personale di servizio. Uomo. EN 1149-5. EN 61482-2. EN ISO 11612. TESSUTO: Uomo. blu. Ritardante di fiamma. CERTIFICAZIONE: EN 1149-5. EBT - 13 cal\/cm\u00b2. ELIM - 12 cal\/cm\u00b2. EN 61482-2, APC 1. ISO 11612 A1, B1, C2<\/p>\n<p>60% modacrilico, 39% cotone, 1% fibra antistatica, interno spazzolato in spugna, ignifugo, antistatico, 280g\/m\u00b2.<\/p>","protected":false},"excerpt":{"rendered":"<p>Modischer, bequemer und sehr n\u00fctzlicher flammfester Pullover in inh\u00e4renter Qualit\u00e4t mit Seitenteilen f\u00fcr eine verbesserte ergonomische Passform. Der Pullover ist mit einer Stickerei versehen, die deutlich macht, dass er schwer entflammbar ist, hat einen Rundhalsausschnitt und eine clever platzierte Tasche an der Seite, in der ein Telefon oder andere technische Ger\u00e4te Platz finden. Zertifiziert nach [&hellip;]<\/p>\n","protected":false},"featured_media":664181,"template":"","meta":[],"product_brand":[],"product_cat":[4184],"product_tag":[],"class_list":{"0":"post-664165","1":"product","2":"type-product","3":"status-publish","4":"has-post-thumbnail","6":"product_cat-hoodies-pullover","7":"pa_brand-blaklaeder","8":"pa_brand-type-workwear","9":"pa_filter-color-blau","10":"pa_filter-color-schwarz","12":"first","13":"instock","14":"sale","15":"taxable","16":"shipping-taxable","17":"purchasable","18":"product-type-variable","19":"add-to-wishlist-before_image"},"exclude_global_add_ons":[],"addons":[],"acf":[],"_links":{"self":[{"href":"https:\/\/shop.kustom.ch\/it\/wp-json\/wp\/v2\/product\/664165"}],"collection":[{"href":"https:\/\/shop.kustom.ch\/it\/wp-json\/wp\/v2\/product"}],"about":[{"href":"https:\/\/shop.kustom.ch\/it\/wp-json\/wp\/v2\/types\/product"}],"wp:featuredmedia":[{"embeddable":true,"href":"https:\/\/shop.kustom.ch\/it\/wp-json\/wp\/v2\/media\/664181"}],"wp:attachment":[{"href":"https:\/\/shop.kustom.ch\/it\/wp-json\/wp\/v2\/media?parent=664165"}],"wp:term":[{"taxonomy":"product_brand","embeddable":true,"href":"https:\/\/shop.kustom.ch\/it\/wp-json\/wp\/v2\/product_brand?post=664165"},{"taxonomy":"product_cat","embeddable":true,"href":"https:\/\/shop.kustom.ch\/it\/wp-json\/wp\/v2\/product_cat?post=664165"},{"taxonomy":"product_tag","embeddable":true,"href":"https:\/\/shop.kustom.ch\/it\/wp-json\/wp\/v2\/product_tag?post=664165"}],"curies":[{"name":"wp","href":"https:\/\/api.w.org\/{rel}","templated":true}]}}