{"id":664151,"date":"2025-04-29T19:13:14","date_gmt":"2025-04-29T18:13:14","guid":{"rendered":"https:\/\/shop.kustom.ch\/?post_type=product&#038;p=664151"},"modified":"2026-03-31T08:53:59","modified_gmt":"2026-03-31T07:53:59","slug":"damen-multinorm-sweatshirt-high-vis-mit-reissverschluss-2","status":"publish","type":"product","link":"https:\/\/shop.kustom.ch\/it\/prodotto\/damen-multinorm-sweatshirt-high-vis-mit-reissverschluss-2\/","title":{"rendered":"Felpa da donna Multinorm High Vis con cerniera"},"content":{"rendered":"<p>Felpa versatile e certificata per la sicurezza ad alta visibilit\u00e0. Questa felpa da donna ignifuga e priva di metalli \u00e8 classificata in classe 1 e presenta una serie di propriet\u00e0 funzionali. Uno dei vantaggi \u00e8 che pu\u00f2 essere utilizzata sia come felpa che come giacca. La felpa \u00e8 dotata di strisce riflettenti segmentate che aumentano la visibilit\u00e0 e la sicurezza. Inoltre, \u00e8 dotata di una pratica zip coperta sul davanti e di inserti laterali che le conferiscono una vestibilit\u00e0 ergonomica. La felpa \u00e8 realizzata in un materiale attraente e di alta qualit\u00e0 e offre un'eccellente protezione. La felpa \u00e8 dotata di due tasche anteriori con cerniera per una pratica conservazione e di un colletto alto che offre una maggiore protezione quando viene alzato. Certificato secondo EN 1149-5, EN 61482-2, APC 1, EN ISO 11612, EN ISO 20471, Classe 1, EBT - 13 cal\/cm\u00b2, ELIM - 12 cal\/cm\u00b2.<\/p>\n<p>FUNZIONALIT\u00c0: Senza metallo. Vestibilit\u00e0 ergonomica per una migliore mobilit\u00e0. DETTAGLI: Etichette di certificazione esterne. Collo alto con zip nascosta. TASCHE: Tasche anteriori con cerniera. CHIUSURA ANTERIORE: Zip nascosta in plastica. REFLEX: Strisce riflettenti a trasferimento ignifugo interrotto. CHIUSURA: Polsini con polsini. Vita a coste. ISTRUZIONI DI LAVAGGIO: 60\u00b0 C. Non candeggiare. Non stirare. Non lavare a secco. Non centrifugare. PROPRIET\u00c0 PRINCIPALI: Elettricista. Artigiano. Personale di servizio. Signore. Disponibile per uomo e donna. EN 1149-5. EN 61482-2. EN ISO 11612. EN ISO 20471. TESSUTO: Donna. Disponibile per uomo e donna. blu. Giallo alta visibilit\u00e0. Senza metallo. Ritardante di fiamma. CERTIFICAZIONE: EN 1149-5. EBT - 13 cal\/cm\u00b2. ELIM - 12 cal\/cm\u00b2. EN 61482-2, APC 1. ISO 11612 A1, B1, C2. EN ISO 20471, classe 1. Massimo 50 lavaggi. Certificazione gruppo D<\/p>\n<p>60% modacrilico, 39% cotone, 1% fibra antistatica, interno spazzolato in spugna, ignifugo, antistatico, 280g\/m\u00b2.<\/p>","protected":false},"excerpt":{"rendered":"<p>Vielseitiges und sicherheitszertifiziertes Warnschutz-Sweatshirt. Dieses schwer entflammbare, metallfreie Sweatshirt f\u00fcr Damen ist mit der Klasse 1 eingestuft und verf\u00fcgt \u00fcber eine Reihe funktioneller Eigenschaften. Einer der Vorteile ist, dass es sowohl als Sweatshirt als auch als Jacke verwendet werden kann. Das Sweatshirt ist mit segmentierten reflektierenden Transfers ausgestattet, die die Sichtbarkeit und Sicherheit erh\u00f6hen. Dar\u00fcber [&hellip;]<\/p>\n","protected":false},"featured_media":664160,"template":"","meta":[],"product_brand":[],"product_cat":[4184],"product_tag":[],"class_list":{"0":"post-664151","1":"product","2":"type-product","3":"status-publish","4":"has-post-thumbnail","6":"product_cat-hoodies-pullover","7":"pa_brand-blaklaeder","8":"pa_brand-type-workwear","9":"pa_filter-color-blau","10":"pa_filter-color-gelb","12":"first","13":"instock","14":"sale","15":"taxable","16":"shipping-taxable","17":"purchasable","18":"product-type-variable","19":"add-to-wishlist-before_image"},"exclude_global_add_ons":[],"addons":[],"acf":[],"_links":{"self":[{"href":"https:\/\/shop.kustom.ch\/it\/wp-json\/wp\/v2\/product\/664151"}],"collection":[{"href":"https:\/\/shop.kustom.ch\/it\/wp-json\/wp\/v2\/product"}],"about":[{"href":"https:\/\/shop.kustom.ch\/it\/wp-json\/wp\/v2\/types\/product"}],"wp:featuredmedia":[{"embeddable":true,"href":"https:\/\/shop.kustom.ch\/it\/wp-json\/wp\/v2\/media\/664160"}],"wp:attachment":[{"href":"https:\/\/shop.kustom.ch\/it\/wp-json\/wp\/v2\/media?parent=664151"}],"wp:term":[{"taxonomy":"product_brand","embeddable":true,"href":"https:\/\/shop.kustom.ch\/it\/wp-json\/wp\/v2\/product_brand?post=664151"},{"taxonomy":"product_cat","embeddable":true,"href":"https:\/\/shop.kustom.ch\/it\/wp-json\/wp\/v2\/product_cat?post=664151"},{"taxonomy":"product_tag","embeddable":true,"href":"https:\/\/shop.kustom.ch\/it\/wp-json\/wp\/v2\/product_tag?post=664151"}],"curies":[{"name":"wp","href":"https:\/\/api.w.org\/{rel}","templated":true}]}}