{"id":664150,"date":"2025-04-29T19:13:14","date_gmt":"2025-04-29T18:13:14","guid":{"rendered":"https:\/\/shop.kustom.ch\/?post_type=product&#038;p=664150"},"modified":"2026-03-31T08:53:57","modified_gmt":"2026-03-31T07:53:57","slug":"damen-multinorm-sweatshirt-high-vis-mit-reissverschluss","status":"publish","type":"product","link":"https:\/\/shop.kustom.ch\/it\/prodotto\/damen-multinorm-sweatshirt-high-vis-mit-reissverschluss\/","title":{"rendered":"Felpa da donna Multinorm High Vis con cerniera"},"content":{"rendered":"<p>Felpa ignifuga e non metallica ad alta visibilit\u00e0 (classe 2) con il vantaggio di poter essere indossata anche come giacca. Dotata di trasferimenti riflettenti segmentati, cerniera coperta sul davanti e inserti laterali per una migliore vestibilit\u00e0 ergonomica. La felpa ha una qualit\u00e0 confortevole con buoni valori di protezione, due tasche anteriori con cerniera e un collo alto che offre una buona protezione quando viene alzato. Certificata secondo le norme EN 1149-5, EN 61482-2, APC 1, EN ISO 11612, EN ISO 20471, classe 2, EBT: 13 cal\/cm\u00b2, ELIM: 12 cal\/cm\u00b2.<\/p>\n<p>FUNZIONALIT\u00c0: Senza metallo. Vestibilit\u00e0 ergonomica per una migliore mobilit\u00e0. DETTAGLI: Etichette di certificazione esterne. Collo alto con zip nascosta. Spallacci in colore a contrasto. TASCHE: Tasche anteriori con cerniera. CHIUSURA ANTERIORE: Zip nascosta in plastica. REFLEX: Strisce riflettenti a trasferimento ignifugo interrotto. CHIUSURA: Polsini con polsini. Vita a coste. ISTRUZIONI DI LAVAGGIO: 60\u00b0 C. Non candeggiare. Non stirare. Non lavare a secco. Non centrifugare. PROPRIET\u00c0 PRINCIPALI: Elettricista. Artigiano. Meccanico. Personale di servizio. Signore. Disponibile per uomo e donna. EN 1149-5. EN 61482-2. EN ISO 11612. EN ISO 20471. TESSUTO: blu. Giallo alta visibilit\u00e0. Senza metallo. Ritardante di fiamma. CERTIFICAZIONE: EN 1149-5. EBT - 13 cal\/cm\u00b2. ELIM - 12 cal\/cm\u00b2. EN 61482-2, APC 1. ISO 11612 A1, B1, C2. EN ISO 20471, classe 2. Massimo 50 lavaggi. Certificazione gruppo B<\/p>\n<p>60% modacrilico, 39% cotone, 1% fibra antistatica, interno spazzolato in spugna, ignifugo, antistatico, 280g\/m\u00b2.<\/p>","protected":false},"excerpt":{"rendered":"<p>Flammenbest\u00e4ndiges, nichtmetallisches Warnschutz-Sweatshirt (Klasse 2) mit dem zus\u00e4tzlichen Vorteil, dass es auch als Jacke getragen werden kann. Ausgestattet mit segmentierten, reflektierenden Transfers, abgedecktem Reissverschluss auf der Vorderseite und Seiteneins\u00e4tzen f\u00fcr eine bessere ergonomische Passform. Das Sweatshirt hat eine angenehme Qualit\u00e4t mit guten Schutzwerten, zwei Vordertaschen mit Reissverschl\u00fcssen und einem hohen Kragen, der einen guten Schutz [&hellip;]<\/p>\n","protected":false},"featured_media":664152,"template":"","meta":[],"product_brand":[],"product_cat":[4184],"product_tag":[],"class_list":{"0":"post-664150","1":"product","2":"type-product","3":"status-publish","4":"has-post-thumbnail","6":"product_cat-hoodies-pullover","7":"pa_brand-blaklaeder","8":"pa_brand-type-workwear","9":"pa_filter-color-blau","10":"pa_filter-color-gelb","12":"first","13":"instock","14":"sale","15":"taxable","16":"shipping-taxable","17":"purchasable","18":"product-type-variable","19":"add-to-wishlist-before_image"},"exclude_global_add_ons":[],"addons":[],"acf":[],"_links":{"self":[{"href":"https:\/\/shop.kustom.ch\/it\/wp-json\/wp\/v2\/product\/664150"}],"collection":[{"href":"https:\/\/shop.kustom.ch\/it\/wp-json\/wp\/v2\/product"}],"about":[{"href":"https:\/\/shop.kustom.ch\/it\/wp-json\/wp\/v2\/types\/product"}],"wp:featuredmedia":[{"embeddable":true,"href":"https:\/\/shop.kustom.ch\/it\/wp-json\/wp\/v2\/media\/664152"}],"wp:attachment":[{"href":"https:\/\/shop.kustom.ch\/it\/wp-json\/wp\/v2\/media?parent=664150"}],"wp:term":[{"taxonomy":"product_brand","embeddable":true,"href":"https:\/\/shop.kustom.ch\/it\/wp-json\/wp\/v2\/product_brand?post=664150"},{"taxonomy":"product_cat","embeddable":true,"href":"https:\/\/shop.kustom.ch\/it\/wp-json\/wp\/v2\/product_cat?post=664150"},{"taxonomy":"product_tag","embeddable":true,"href":"https:\/\/shop.kustom.ch\/it\/wp-json\/wp\/v2\/product_tag?post=664150"}],"curies":[{"name":"wp","href":"https:\/\/api.w.org\/{rel}","templated":true}]}}