{"id":663889,"date":"2025-04-29T19:10:19","date_gmt":"2025-04-29T18:10:19","guid":{"rendered":"https:\/\/shop.kustom.ch\/?post_type=product&#038;p=663889"},"modified":"2026-03-31T08:53:41","modified_gmt":"2026-03-31T07:53:41","slug":"multinorm-sweatshirt-mit-reissverschluss-2","status":"publish","type":"product","link":"https:\/\/shop.kustom.ch\/it\/prodotto\/multinorm-sweatshirt-mit-reissverschluss-2\/","title":{"rendered":"Felpa multinormale con zip"},"content":{"rendered":"<p>Questa famosa felpa ad alta visibilit\u00e0 ignifuga e priva di metalli \u00e8 classificata come classe 2 nelle taglie XS-M e come classe 3 dalla taglia L in su. Uno dei numerosi vantaggi di questa felpa \u00e8 che, all'occorrenza, pu\u00f2 essere utilizzata anche come giacca. La felpa \u00e8 dotata di strisce riflettenti segmentate che aumentano la visibilit\u00e0 e la sicurezza. \u00c8 inoltre dotata di una zip nascosta sul davanti e di inserti laterali che le conferiscono una vestibilit\u00e0 ergonomica. La felpa ha una qualit\u00e0 confortevole con eccellenti propriet\u00e0 protettive. La felpa non solo offre protezione, ma \u00e8 anche pratica, in quanto \u00e8 dotata di due tasche anteriori con cerniera e di un colletto alto che offre una protezione aggiuntiva quando viene alzato. Certificato secondo le norme EN 1149-5, EN 61482-2, APC 1, EN ISO 11612, EN ISO 20471, EBT - 13 cal\/cm\u00b2, ELIM - 12 cal\/cm\u00b2.<\/p>\n<p>FUNZIONALIT\u00c0: Senza metallo. Vestibilit\u00e0 ergonomica per una migliore mobilit\u00e0. DETTAGLI: Etichette di certificazione esterne. Collo alto con zip nascosta. Spallacci in colore a contrasto. TASCHE: Tasche anteriori con cerniera. CHIUSURA ANTERIORE: Zip nascosta in plastica. REFLEX: Strisce riflettenti a trasferimento ignifugo interrotto. CHIUSURA: Polsini con polsini. Vita a coste. ISTRUZIONI DI LAVAGGIO: 60\u00b0 C. Non candeggiare. Non stirare. Non lavare a secco. Non centrifugare. PROPRIET\u00c0 PRINCIPALI: Elettricista. Artigiano. Meccanico. Personale di servizio. Disponibile per uomini e donne. Uomo. EN 1149-5. EN 61482-2. EN ISO 11612. EN ISO 20471. TESSUTO: Disponibile per uomo e donna. Uomo. blu. Giallo alta visibilit\u00e0. Senza metallo. Ritardante di fiamma. USP: materiale antistatico. Ampie strisce riflettenti. Materiale ignifugo. Senza metallo. Interno morbido e spazzolato. CERTIFICAZIONE: EN 1149-5. EBT - 13 cal\/cm\u00b2. ELIM - 12 cal\/cm\u00b2. EN 61482-2, APC 1. ISO 11612 A1, B1, C2. EN ISO 20471, XS-M classe 2, L-&gt; classe 3. gruppo di certificazione B -&gt;L<\/p>\n<p>60% modacrilico, 39% cotone, 1% fibra antistatica, interno spazzolato in spugna, ignifugo, antistatico, 280g\/m\u00b2.<\/p>","protected":false},"excerpt":{"rendered":"<p>Dieses begehrte flammhemmende und metallfreie Warnschutz Sweatshirt ist in den Gr\u00f6ssen XS-M als Klasse 2 und ab Gr\u00f6sse L als Klasse 3 eingestuft. Einer der vielen Vorteile dieses Sweatshirts ist, dass es bei Bedarf auch als Jacke verwendet werden kann. Das Sweatshirt ist mit segmentierten reflektierenden Transfers ausgestattet, die die Sichtbarkeit und Sicherheit erh\u00f6hen. Ausserdem [&hellip;]<\/p>\n","protected":false},"featured_media":663896,"template":"","meta":[],"product_brand":[],"product_cat":[4184],"product_tag":[],"class_list":{"0":"post-663889","1":"product","2":"type-product","3":"status-publish","4":"has-post-thumbnail","6":"product_cat-hoodies-pullover","7":"pa_brand-blaklaeder","8":"pa_brand-type-workwear","9":"pa_filter-color-blau","10":"pa_filter-color-gelb","12":"first","13":"instock","14":"sale","15":"taxable","16":"shipping-taxable","17":"purchasable","18":"product-type-variable","19":"add-to-wishlist-before_image"},"exclude_global_add_ons":[],"addons":[],"acf":[],"_links":{"self":[{"href":"https:\/\/shop.kustom.ch\/it\/wp-json\/wp\/v2\/product\/663889"}],"collection":[{"href":"https:\/\/shop.kustom.ch\/it\/wp-json\/wp\/v2\/product"}],"about":[{"href":"https:\/\/shop.kustom.ch\/it\/wp-json\/wp\/v2\/types\/product"}],"wp:featuredmedia":[{"embeddable":true,"href":"https:\/\/shop.kustom.ch\/it\/wp-json\/wp\/v2\/media\/663896"}],"wp:attachment":[{"href":"https:\/\/shop.kustom.ch\/it\/wp-json\/wp\/v2\/media?parent=663889"}],"wp:term":[{"taxonomy":"product_brand","embeddable":true,"href":"https:\/\/shop.kustom.ch\/it\/wp-json\/wp\/v2\/product_brand?post=663889"},{"taxonomy":"product_cat","embeddable":true,"href":"https:\/\/shop.kustom.ch\/it\/wp-json\/wp\/v2\/product_cat?post=663889"},{"taxonomy":"product_tag","embeddable":true,"href":"https:\/\/shop.kustom.ch\/it\/wp-json\/wp\/v2\/product_tag?post=663889"}],"curies":[{"name":"wp","href":"https:\/\/api.w.org\/{rel}","templated":true}]}}