{"id":663877,"date":"2025-04-29T19:10:01","date_gmt":"2025-04-29T18:10:01","guid":{"rendered":"https:\/\/shop.kustom.ch\/?post_type=product&#038;p=663877"},"modified":"2026-03-31T08:53:42","modified_gmt":"2026-03-31T07:53:42","slug":"multinorm-sweatshirt-mit-reissverschluss","status":"publish","type":"product","link":"https:\/\/shop.kustom.ch\/it\/prodotto\/multinorm-sweatshirt-mit-reissverschluss\/","title":{"rendered":"Felpa multinormale con zip"},"content":{"rendered":"<p>Felpa ignifuga e non metallica ad alta visibilit\u00e0 (classe 1) con il vantaggio di poter essere utilizzata come giacca. Dotata di trasferimenti riflettenti segmentati, zip coperta sul davanti e pannelli laterali per una migliore vestibilit\u00e0 ergonomica. La felpa ha un'ottima qualit\u00e0 con buoni valori di protezione, due tasche anteriori con cerniera e un collo alto che offre una buona protezione quando viene alzato. Un prodotto molto apprezzato, ora disponibile nella gamma Bl\u00e5kl\u00e4der. Certificato secondo le norme EN 1149-5, EN 61482-2, APC 1, EN ISO 11612, EN ISO 20471, classe 1, EBT - 13 cal\/cm\u00b2, ELIM - 12 cal\/cm\u00b2.<\/p>\n<p>FUNZIONALIT\u00c0: Senza metallo. Vestibilit\u00e0 ergonomica per una migliore mobilit\u00e0. DETTAGLI: Etichette di certificazione esterne. Collo alto con zip nascosta. TASCHE: Tasche anteriori con cerniera. CHIUSURA ANTERIORE: Zip nascosta in plastica. REFLEX: Strisce riflettenti a trasferimento ignifugo interrotto. CHIUSURA: Polsini con polsini. Vita a coste. ISTRUZIONI DI LAVAGGIO: 60\u00b0 C. Non candeggiare. Non stirare. Non lavare a secco. Non centrifugare. PROPRIET\u00c0 PRINCIPALI: Elettricista. Artigiano. Addetti ai servizi. Disponibile per uomo e donna. Uomo. EN 1149-5. EN 61482-2. EN ISO 11612. EN ISO 20471. TESSUTO: Disponibile per uomo e donna. Uomo. blu. Giallo alta visibilit\u00e0. Senza metallo. Ritardante di fiamma. USP: materiale antistatico. Ampie strisce riflettenti. Materiale ignifugo. Inserti ad alta visibilit\u00e0. Senza metallo. Interno morbido e spazzolato. CERTIFICAZIONE: EN 1149-5. EBT - 13 cal\/cm\u00b2. ELIM - 12 cal\/cm\u00b2. EN 61482-2, APC 1. ISO 11612 A1, B1, C2. EN ISO 20471, classe 1. Massimo 50 lavaggi. Certificazione gruppo D<\/p>\n<p>60% modacrilico, 39% cotone, 1% fibra antistatica, interno spazzolato in spugna, ignifugo, antistatico, 280g\/m\u00b2.<\/p>","protected":false},"excerpt":{"rendered":"<p>Flammenbest\u00e4ndiges, nichtmetallisches Warnschutz (Klasse 1) Sweatshirt mit dem zus\u00e4tzlichen Vorteil, dass es als Jacke verwendet werden kann. Ausgestattet mit segmentierten reflektierenden Transfers, abgedecktem Reissverschluss auf der Vorderseite und Seitenteilen f\u00fcr eine bessere ergonomische Passform. Das Sweatshirt hat eine ausgezeichnete Qualit\u00e4t mit guten Schutzwerten, zwei Vordertaschen mit Reissverschl\u00fcssen und einem hohen Kragen, der einen guten Schutz [&hellip;]<\/p>\n","protected":false},"featured_media":663880,"template":"","meta":[],"product_brand":[],"product_cat":[4184],"product_tag":[],"class_list":{"0":"post-663877","1":"product","2":"type-product","3":"status-publish","4":"has-post-thumbnail","6":"product_cat-hoodies-pullover","7":"pa_brand-blaklaeder","8":"pa_brand-type-workwear","9":"pa_filter-color-blau","10":"pa_filter-color-gelb","12":"first","13":"instock","14":"sale","15":"taxable","16":"shipping-taxable","17":"purchasable","18":"product-type-variable","19":"add-to-wishlist-before_image"},"exclude_global_add_ons":[],"addons":[],"acf":[],"_links":{"self":[{"href":"https:\/\/shop.kustom.ch\/it\/wp-json\/wp\/v2\/product\/663877"}],"collection":[{"href":"https:\/\/shop.kustom.ch\/it\/wp-json\/wp\/v2\/product"}],"about":[{"href":"https:\/\/shop.kustom.ch\/it\/wp-json\/wp\/v2\/types\/product"}],"wp:featuredmedia":[{"embeddable":true,"href":"https:\/\/shop.kustom.ch\/it\/wp-json\/wp\/v2\/media\/663880"}],"wp:attachment":[{"href":"https:\/\/shop.kustom.ch\/it\/wp-json\/wp\/v2\/media?parent=663877"}],"wp:term":[{"taxonomy":"product_brand","embeddable":true,"href":"https:\/\/shop.kustom.ch\/it\/wp-json\/wp\/v2\/product_brand?post=663877"},{"taxonomy":"product_cat","embeddable":true,"href":"https:\/\/shop.kustom.ch\/it\/wp-json\/wp\/v2\/product_cat?post=663877"},{"taxonomy":"product_tag","embeddable":true,"href":"https:\/\/shop.kustom.ch\/it\/wp-json\/wp\/v2\/product_tag?post=663877"}],"curies":[{"name":"wp","href":"https:\/\/api.w.org\/{rel}","templated":true}]}}