{"id":663691,"date":"2025-04-29T19:05:58","date_gmt":"2025-04-29T18:05:58","guid":{"rendered":"https:\/\/shop.kustom.ch\/?post_type=product&#038;p=663691"},"modified":"2026-03-31T08:54:24","modified_gmt":"2026-03-31T07:54:24","slug":"flammschutz-langarm-shirt-4","status":"publish","type":"product","link":"https:\/\/shop.kustom.ch\/it\/prodotto\/flammschutz-langarm-shirt-4\/","title":{"rendered":"Camicia a maniche lunghe ignifuga"},"content":{"rendered":"<p>Camicia a maniche lunghe ignifuga in tessuto sottile e molto confortevole. Scollo rotondo, cuciture rinforzate su collo e spalle e polsini. Certificata secondo le norme EN 1149-5, EN ISO 11612, IEC 61482-2. EBT: 6,4cal\/cm\u00b2.<\/p>\n<p>DETTAGLI: Etichette esterne di certificazione. Collo rotondo. CHIUSURA: Polsini con risvolto. ISTRUZIONI DI LAVAGGIO: 60\u00b0 C. Non candeggiare. Non stirare. Non lavare a secco. Asciugare a tamburo - basso. PROPRIET\u00c0 PRINCIPALI: Elettricista. Artigiano. EN 1149-5. EN 61482-2. EN ISO 11612. TESSUTO: Uomo. blu. Ritardante di fiamma. USP: Materiale antistatico. Intrinsecamente ritardante di fiamma. CERTIFICAZIONE: EN 1149-5. ATPV- 6,0cal\/cm\u00b2. ELIM- 4,9cal\/cm\u00b2. EN 61482-2, APC 1. EN ISO 11612 A1,A2,B1,C1,F1<\/p>\n<p>60% modacrilico, 39% cotone, 1% fibra antistatica, single jersey, ignifugo, antistatico 210g\/m\u00b2<\/p>","protected":false},"excerpt":{"rendered":"<p>Flammhemmendes Langarm-Shirt aus einem d\u00fcnnen Stoff, der sehr bequem ist. Rundhalsausschnitt, verst\u00e4rkte Hals- und Schultern\u00e4hte sowie B\u00fcndchen. Zertifiziert nach EN 1149-5, EN ISO 11612, IEC 61482-2. EBT: 6,4cal\/cm\u00b2. DETAILS: Aussenliegende Zertifizierungsetiketten. Rundhals. ABSCHLUSS: Armabschluss mit B\u00fcndchen. WASCHANLEITUNG: 60\u00b0 C. Nicht bleichen. Nicht b\u00fcgeln. Nicht chemisch reinigen. W\u00e4schetrockner &#8211; niedrig. HAUPTEIGENSCHAFTEN: Elektriker. Handwerker. EN 1149-5. EN [&hellip;]<\/p>\n","protected":false},"featured_media":238983,"template":"","meta":[],"product_brand":[],"product_cat":[4201],"product_tag":[],"class_list":{"0":"post-663691","1":"product","2":"type-product","3":"status-publish","4":"has-post-thumbnail","6":"product_cat-t-shirts","7":"pa_brand-blaklaeder","8":"pa_brand-type-workwear","9":"pa_filter-color-blau","10":"pa_filter-color-schwarz","12":"first","13":"instock","14":"sale","15":"taxable","16":"shipping-taxable","17":"purchasable","18":"product-type-variable","19":"add-to-wishlist-before_image"},"exclude_global_add_ons":[],"addons":[],"acf":[],"_links":{"self":[{"href":"https:\/\/shop.kustom.ch\/it\/wp-json\/wp\/v2\/product\/663691"}],"collection":[{"href":"https:\/\/shop.kustom.ch\/it\/wp-json\/wp\/v2\/product"}],"about":[{"href":"https:\/\/shop.kustom.ch\/it\/wp-json\/wp\/v2\/types\/product"}],"wp:featuredmedia":[{"embeddable":true,"href":"https:\/\/shop.kustom.ch\/it\/wp-json\/wp\/v2\/media\/238983"}],"wp:attachment":[{"href":"https:\/\/shop.kustom.ch\/it\/wp-json\/wp\/v2\/media?parent=663691"}],"wp:term":[{"taxonomy":"product_brand","embeddable":true,"href":"https:\/\/shop.kustom.ch\/it\/wp-json\/wp\/v2\/product_brand?post=663691"},{"taxonomy":"product_cat","embeddable":true,"href":"https:\/\/shop.kustom.ch\/it\/wp-json\/wp\/v2\/product_cat?post=663691"},{"taxonomy":"product_tag","embeddable":true,"href":"https:\/\/shop.kustom.ch\/it\/wp-json\/wp\/v2\/product_tag?post=663691"}],"curies":[{"name":"wp","href":"https:\/\/api.w.org\/{rel}","templated":true}]}}